{"id":17805,"date":"2022-05-05T14:50:22","date_gmt":"2022-05-05T12:50:22","guid":{"rendered":"https:\/\/ak47.nu\/produkt\/norica-hawk-grs-classic-luftgevar-10-j-5-5mm\/"},"modified":"2025-08-21T11:22:26","modified_gmt":"2025-08-21T09:22:26","slug":"norica-hawk-grs-classic-air-rifle-5-5mm","status":"publish","type":"product","link":"https:\/\/ak47.nu\/en\/product\/luftvapen\/break-pipe\/gevar-breaking\/norica-hawk-grs-classic-air-rifle-5-5mm\/","title":{"rendered":"Norica Hawk GRS Classic Air Rifle - 5.5MM | 10 J"},"content":{"rendered":"<h1>Norica Hawk GRS Classic - Air Rifle<\/h1>\n<h2>Powerful and Stable Air Rifle with Laminated Beechwood Stock<\/h2>\n<p>The Norica Hawk GRS Classic is one of Norica's top air rifles, now featuring an elegant laminated beechwood stock. Equipped with GRS (Gas Ram System) and RAS (Recoil Absorption System) for a powerful and stable shot. The NATS (Norica Adjustable Trigger System) trigger gives you complete control over the trigger pull.<\/p>\n<h3>Specifications and Features<\/h3>\n<ul>\n <li><b>Stock:<\/b> Steamed beechwood stock provides a classic look and feel.<\/li>\n <li><b>Recoil Pad:<\/b> Vented rubber recoil pad reduces recoil and increases comfort.<\/li>\n <li><b>Reduced Effort:<\/b> Reduced cocking effort makes it easier to load the rifle.<\/li>\n <li><b>Rail:<\/b> 11 mm dovetail rail for scope mounting.<\/li>\n <li><b>Front Sight:<\/b> Front sight protected by a steel hood.<\/li>\n<\/ul>\n<h3>Technical Data<\/h3>\n<ul>\n <li><b>Reference:<\/b> 111.23.213<\/li>\n <li><b>Caliber:<\/b> 5.5 mm (.22)<\/li>\n <li><b>Weight:<\/b> 3.2 kg<\/li>\n <li><b>Barrel Length:<\/b> 484 mm<\/li>\n <li><b>Overall Length:<\/b> 1,170 mm<\/li>\n <li><b>Velocity:<\/b> 153 m\/s<\/li>\n <li><b>Power:<\/b> 10 J<\/li>\n<\/ul>\n<p>Experience precision and power with the Norica Hawk GRS Classic.  Buy your new air rifle today from our  <a href=\"https:\/\/ak47.nu\/en\/shop-2\/\">wide selection of Norica air rifles<\/a> and hit the mark with every shot.  Also, explore our range of <a href=\"https:\/\/ak47.nu\/en\/luftvapen\/break-pipe\/\">airgun accessories<\/a> to maximize your shooting experience.  Visit <a href=\"https:\/\/ak47.nu\/en\/\">our website<\/a> for more information and offers.<\/p>","protected":false},"excerpt":{"rendered":"<p>K\u00f6p Norica Hawk GRS Classic luftgev\u00e4r med 10 J kraft och 5.5MM kaliber. Perfekt f\u00f6r jakt och tr\u00e4ning. Best\u00e4ll nu f\u00f6r snabb leverans!<\/p>","protected":false},"featured_media":17802,"template":"","meta":[],"product_brand":[],"product_cat":[424,428,375],"product_tag":[],"class_list":{"0":"post-17805","1":"product","2":"type-product","3":"status-publish","4":"has-post-thumbnail","6":"product_cat-brytpipa","7":"product_cat-gevar-brytpipa","8":"product_cat-luftvapen","9":"pa_brand-norica","11":"first","12":"instock","13":"sale","14":"taxable","15":"shipping-taxable","16":"purchasable","17":"product-type-simple"},"_links":{"self":[{"href":"https:\/\/ak47.nu\/en\/wp-json\/wp\/v2\/product\/17805","targetHints":{"allow":["GET"]}}],"collection":[{"href":"https:\/\/ak47.nu\/en\/wp-json\/wp\/v2\/product"}],"about":[{"href":"https:\/\/ak47.nu\/en\/wp-json\/wp\/v2\/types\/product"}],"wp:featuredmedia":[{"embeddable":true,"href":"https:\/\/ak47.nu\/en\/wp-json\/wp\/v2\/media\/17802"}],"wp:attachment":[{"href":"https:\/\/ak47.nu\/en\/wp-json\/wp\/v2\/media?parent=17805"}],"wp:term":[{"taxonomy":"product_brand","embeddable":true,"href":"https:\/\/ak47.nu\/en\/wp-json\/wp\/v2\/product_brand?post=17805"},{"taxonomy":"product_cat","embeddable":true,"href":"https:\/\/ak47.nu\/en\/wp-json\/wp\/v2\/product_cat?post=17805"},{"taxonomy":"product_tag","embeddable":true,"href":"https:\/\/ak47.nu\/en\/wp-json\/wp\/v2\/product_tag?post=17805"}],"curies":[{"name":"wp","href":"https:\/\/api.w.org\/{rel}","templated":true}]}}