{"id":17937,"date":"2022-05-05T14:51:42","date_gmt":"2022-05-05T12:51:42","guid":{"rendered":"https:\/\/ak47.nu\/produkt\/norica-storm-elite-combo-luftgevar-10-j-4-5mm\/"},"modified":"2025-12-03T20:31:49","modified_gmt":"2025-12-03T19:31:49","slug":"norica-storm-elite-combo-air-rifle-4-5mm","status":"publish","type":"product","link":"https:\/\/ak47.nu\/en\/product\/luftvapen\/break-pipe\/gevar-breaking\/norica-storm-elite-combo-air-rifle-4-5mm\/","title":{"rendered":"Norica Storm Elite COMBO Air Rifle 4.5mm | 10J"},"content":{"rendered":"<h1>Norica Storm Elite COMBO - Air Rifle with Scope and Bipod<\/h1>\n<h2>Stylish and Quiet Air Rifle with Elite Suppressor<\/h2>\n<p>Enjoy Norica's outstanding Storm Elite COMBO, now equipped with the latest generation Elite Suppressor for quieter shooting. This air rifle also features NATS trigger with metal blade and a special 4x32 scope with rings, adapted for air rifles.  The scope and included bipod give you a complete package for precision shooting. See our range of <a href=\"https:\/\/ak47.nu\/en\/shop-2\/\">other Norica air rifles<\/a> to find the one that suits you best. For more information about our products, visit our <a href=\"https:\/\/ak47.nu\/en\/\">homepage<\/a>.<\/p>\n<h3>Specifications and Features<\/h3>\n<ul>\n<li><b>Steamed beech stock:<\/b> Provides a classic look and feel.<\/li>\n<li><b>Ventilated rubber recoil pad:<\/b> Reduces recoil for increased comfort and precision.<\/li>\n<li><b>Rifled grip pattern:<\/b> On pistol grip and foregrip for a secure grip.<\/li>\n<li><b>Automatic safety:<\/b> Prevents accidental firing.<\/li>\n<li><b>Adjustable trigger:<\/b> Fully adjustable trigger with silver-plated metal blade for the best feel.<\/li>\n<li><b>Elite Suppressor:<\/b> Made of anodized aluminum for maximum sound suppression.<\/li>\n<li><b>11 mm dovetail rail:<\/b> For easy mounting of sights.<\/li>\n<\/ul>\n<h3>Technical Data<\/h3>\n<ul>\n<li><b>Reference:<\/b> 111.11.507<\/li>\n<li><b>Caliber:<\/b> 4.5 mm (.177)<\/li>\n<li><b>Weight:<\/b> 3.2 kg<\/li>\n<li><b>Barrel length:<\/b> 354 mm<\/li>\n<li><b>Total length:<\/b> 1,190 mm<\/li>\n<li><b>Speed:<\/b> 200 m\/s<\/li>\n<li><b>Power:<\/b> 10 J<\/li>\n<\/ul>\n<h3>Scope Details<\/h3>\n<ul>\n<li>Fully treated optics<\/li>\n<li>Shockproof<\/li>\n<li>Waterproof<\/li>\n<li>Fog proof<\/li>\n<li>Nitrogen filled<\/li>\n<\/ul>\n\n<p>Discover the precision and silence with the Norica Storm Elite COMBO. This air rifle offers a combination of style and performance.  For more similar products, check out our <a href=\"https:\/\/ak47.nu\/en\/luftvapen\/break-pipe\/\">air rifles category<\/a>.<\/p>","protected":false},"excerpt":{"rendered":"<p>K\u00f6p Norica Storm Elite COMBO 10 J 4.5MM Luftgev\u00e4r &#8211; B\u00e4sta priser hos oss! Med en kraftfull prestanda och h\u00f6g precision \u00e4r Norica Storm Elite COMBO det perfekta luftgev\u00e4ret f\u00f6r j\u00e4gare och skyttar. Uppt\u00e4ck v\u00e5rt breda utbud och best\u00e4ll ditt luftgev\u00e4r idag f\u00f6r en fantastisk skjutupplevelse.<\/p>","protected":false},"featured_media":17935,"template":"","meta":[],"product_brand":[],"product_cat":[428],"product_tag":[],"class_list":{"0":"post-17937","1":"product","2":"type-product","3":"status-publish","4":"has-post-thumbnail","6":"product_cat-gevar-brytpipa","7":"pa_brand-norica","9":"first","10":"instock","11":"sale","12":"taxable","13":"shipping-taxable","14":"purchasable","15":"product-type-simple"},"_links":{"self":[{"href":"https:\/\/ak47.nu\/en\/wp-json\/wp\/v2\/product\/17937","targetHints":{"allow":["GET"]}}],"collection":[{"href":"https:\/\/ak47.nu\/en\/wp-json\/wp\/v2\/product"}],"about":[{"href":"https:\/\/ak47.nu\/en\/wp-json\/wp\/v2\/types\/product"}],"wp:featuredmedia":[{"embeddable":true,"href":"https:\/\/ak47.nu\/en\/wp-json\/wp\/v2\/media\/17935"}],"wp:attachment":[{"href":"https:\/\/ak47.nu\/en\/wp-json\/wp\/v2\/media?parent=17937"}],"wp:term":[{"taxonomy":"product_brand","embeddable":true,"href":"https:\/\/ak47.nu\/en\/wp-json\/wp\/v2\/product_brand?post=17937"},{"taxonomy":"product_cat","embeddable":true,"href":"https:\/\/ak47.nu\/en\/wp-json\/wp\/v2\/product_cat?post=17937"},{"taxonomy":"product_tag","embeddable":true,"href":"https:\/\/ak47.nu\/en\/wp-json\/wp\/v2\/product_tag?post=17937"}],"curies":[{"name":"wp","href":"https:\/\/api.w.org\/{rel}","templated":true}]}}