{"id":17940,"date":"2022-05-05T14:51:44","date_gmt":"2022-05-05T12:51:44","guid":{"rendered":"https:\/\/ak47.nu\/produkt\/norica-dream-rider-luftgevar-10-j-4-5mm\/"},"modified":"2025-08-02T06:22:47","modified_gmt":"2025-08-02T04:22:47","slug":"norica-dream-rider-luftgevar-10-j-4-5mm","status":"publish","type":"product","link":"https:\/\/ak47.nu\/en\/product\/luftvapen\/break-pipe\/gevar-breaking\/norica-dream-rider-luftgevar-10-j-4-5mm\/","title":{"rendered":"Norica &#8211; Dream Rider &#8211; Luftgev\u00e4r &#8211; 10 J &#8211; 4.5MM"},"content":{"rendered":"<p>Norica &#8211; Dream Rider<\/p>\n<p>Beskrivning<br \/>Luftgev\u00e4r med reducerad vikt tack vare anti-chock fiberkolv. Perfekt f\u00f6r dig som letar efter ett m\u00e5ngsidigt och kraftfullt luftgev\u00e4r.<\/p>\n<p>Specifikationer<br \/>Anti-chock och ambidexter fiberkolv<br \/>Ventilerad rekylplatta av gummi<br \/>R\u00e4fflat rutm\u00f6nster p\u00e5 pistolgrepp och fr\u00e4mre grepp<br \/>Automatisk s\u00e4kerhet<br \/>Kompakt fiberoptiskt baksikte<br \/>Aluminiumkompensator med fiberoptisk frontsikte inbyggt<\/p>\n<p>Teknisk Data<br \/>Referens: 111.13.329<br \/>Kaliber (mm (tum)): 4,5 (.177)<br \/>Vikt (Kg): 2,9<br \/>Pipl\u00e4ngd (mm): 454<br \/>Totall\u00e4ngd (mm): 1.180<br \/>Hastighet (m\/s): 200<br \/>Kraft (J): 10<\/p>","protected":false},"excerpt":{"rendered":"<p>K\u00f6p Norica Dream Rider Luftgev\u00e4r &#8211; 10 J &#8211; 4.5MM online hos oss. Vi erbjuder ett brett sortiment av h\u00f6gkvalitativa luftgev\u00e4r f\u00f6r alla dina behov. Best\u00e4ll idag och upplev en fantastisk skjutupplevelse med Norica Dream Rider.<\/p>","protected":false},"featured_media":17930,"template":"","meta":[],"product_brand":[],"product_cat":[424,428,375],"product_tag":[],"class_list":{"0":"post-17940","1":"product","2":"type-product","3":"status-publish","4":"has-post-thumbnail","6":"product_cat-brytpipa","7":"product_cat-gevar-brytpipa","8":"product_cat-luftvapen","9":"pa_brand-norica","11":"first","12":"instock","13":"sale","14":"taxable","15":"shipping-taxable","16":"purchasable","17":"product-type-simple"},"_links":{"self":[{"href":"https:\/\/ak47.nu\/en\/wp-json\/wp\/v2\/product\/17940","targetHints":{"allow":["GET"]}}],"collection":[{"href":"https:\/\/ak47.nu\/en\/wp-json\/wp\/v2\/product"}],"about":[{"href":"https:\/\/ak47.nu\/en\/wp-json\/wp\/v2\/types\/product"}],"wp:featuredmedia":[{"embeddable":true,"href":"https:\/\/ak47.nu\/en\/wp-json\/wp\/v2\/media\/17930"}],"wp:attachment":[{"href":"https:\/\/ak47.nu\/en\/wp-json\/wp\/v2\/media?parent=17940"}],"wp:term":[{"taxonomy":"product_brand","embeddable":true,"href":"https:\/\/ak47.nu\/en\/wp-json\/wp\/v2\/product_brand?post=17940"},{"taxonomy":"product_cat","embeddable":true,"href":"https:\/\/ak47.nu\/en\/wp-json\/wp\/v2\/product_cat?post=17940"},{"taxonomy":"product_tag","embeddable":true,"href":"https:\/\/ak47.nu\/en\/wp-json\/wp\/v2\/product_tag?post=17940"}],"curies":[{"name":"wp","href":"https:\/\/api.w.org\/{rel}","templated":true}]}}