{"id":17952,"date":"2022-05-05T14:51:50","date_gmt":"2022-05-05T12:51:50","guid":{"rendered":"https:\/\/ak47.nu\/produkt\/norica-combo-dead-eye-grs-luftgevar-10-j-4-5mm\/"},"modified":"2026-03-12T10:37:33","modified_gmt":"2026-03-12T09:37:33","slug":"norica-dead-eye-grs-air-rifle-4-5mm","status":"publish","type":"product","link":"https:\/\/ak47.nu\/en\/product\/luftvapen\/break-pipe\/gevar-breaking\/norica-dead-eye-grs-air-rifle-4-5mm\/","title":{"rendered":"Norica Dead Eye GRS Air Rifle 4.5mm - 10 J | Norica"},"content":{"rendered":"<h1>Norica - Combo Dead Eye GRS - Air Rifle - 10 J - 4.5MM<\/h1>\n<h2>Tactical air rifle with high precision<\/h2>\n<p>The Norica Dead Eye GRS is a tactical-looking air rifle equipped with Norica's advanced technologies. GRS (Gas Ram System) provides smooth and consistent power, improving accuracy by reducing vibrations and increasing the lifespan of the power system and internal components. <a href=\"https:\/\/ak47.nu\/en\/shop-2\/\">Experience the enhanced precision<\/a> this system offers. RAS (Recoil Absorption System) reduces recoil by 40%, providing increased control.<\/p>\n<h3>Improved Shooting Experience<\/h3>\n<p>The fully adjustable trigger system from Norica, with a silver-plated metal blade, along with the easy-to-cocking effort support, contributes to a customized shooting experience. With a fully adjustable cheek piece for easy target alignment, the fiber optic open sight, 11 mm dovetail rail for scope, and two picatinny rails, the <a href=\"https:\/\/ak47.nu\/en\/luftvapen\/break-pipe\/\">Norica Dead Eye GRS<\/a> is ready for a variety of accessories.<\/p>\n<h3>Specifications:<\/h3>\n<ul>\n <li>Anti-shock synthetic stock<\/li>\n <li>Fully adjustable cheek piece<\/li>\n <li>Polymer-coated high-quality steel barrel<\/li>\n <li>Fully adjustable trigger with silver-plated metal blade<\/li>\n <li>Fiber optic micrometric open sights<\/li>\n <li>Front sight protected by steel hood<\/li>\n <li>Reduced cocking effort<\/li>\n <li>Automatic safety<\/li>\n <li>Picatinny rail on both sides<\/li>\n <li>11 mm dovetail rail<\/li>\n<\/ul>\n<h3>Technical Data:<\/h3>\n<ul>\n <li>Reference: 111.25.024<\/li>\n <li>Caliber (mm (Inch)): 4,5 (.177)<\/li>\n <li>Weight (Kg): 3<\/li>\n <li>Barrel length (mm): 474<\/li>\n <li>Total length (mm): 1.155<\/li>\n <li>Velocity (m\/s): 200<\/li>\n <li>Power (J): 10<\/li>\n<\/ul>\n<p>With its combination of technology and customization options, the Norica Dead Eye GRS is an excellent choice for shooters seeking performance and flexibility. Visit <a href=\"https:\/\/ak47.nu\/en\/\">our website<\/a> to see our full range.<\/p>","protected":false},"excerpt":{"rendered":"<p>K\u00f6p Norica Combo Dead Eye GRS Luftgev\u00e4r 10 J 4.5MM &#8211; h\u00f6gkvalitativt luftgev\u00e4r med precision och tr\u00e4ffs\u00e4kerhet. Perfekt f\u00f6r jakt och tr\u00e4ning. Best\u00e4ll nu f\u00f6r snabb leverans!<\/p>","protected":false},"featured_media":17948,"template":"","meta":[],"product_brand":[],"product_cat":[428],"product_tag":[],"class_list":{"0":"post-17952","1":"product","2":"type-product","3":"status-publish","4":"has-post-thumbnail","6":"product_cat-gevar-brytpipa","7":"pa_brand-norica","9":"first","10":"outofstock","11":"taxable","12":"shipping-taxable","13":"purchasable","14":"product-type-simple"},"_links":{"self":[{"href":"https:\/\/ak47.nu\/en\/wp-json\/wp\/v2\/product\/17952","targetHints":{"allow":["GET"]}}],"collection":[{"href":"https:\/\/ak47.nu\/en\/wp-json\/wp\/v2\/product"}],"about":[{"href":"https:\/\/ak47.nu\/en\/wp-json\/wp\/v2\/types\/product"}],"wp:featuredmedia":[{"embeddable":true,"href":"https:\/\/ak47.nu\/en\/wp-json\/wp\/v2\/media\/17948"}],"wp:attachment":[{"href":"https:\/\/ak47.nu\/en\/wp-json\/wp\/v2\/media?parent=17952"}],"wp:term":[{"taxonomy":"product_brand","embeddable":true,"href":"https:\/\/ak47.nu\/en\/wp-json\/wp\/v2\/product_brand?post=17952"},{"taxonomy":"product_cat","embeddable":true,"href":"https:\/\/ak47.nu\/en\/wp-json\/wp\/v2\/product_cat?post=17952"},{"taxonomy":"product_tag","embeddable":true,"href":"https:\/\/ak47.nu\/en\/wp-json\/wp\/v2\/product_tag?post=17952"}],"curies":[{"name":"wp","href":"https:\/\/api.w.org\/{rel}","templated":true}]}}