{"id":17975,"date":"2022-05-05T14:51:59","date_gmt":"2022-05-05T12:51:59","guid":{"rendered":"https:\/\/ak47.nu\/produkt\/norica-marvic-2-0-luxe-luftgevar-10-j-4-5mm\/"},"modified":"2025-08-21T11:21:10","modified_gmt":"2025-08-21T09:21:10","slug":"norica-marvic-2-0-luxe-air-rifle-10-j-4-5mm","status":"publish","type":"product","link":"https:\/\/ak47.nu\/en\/product\/luftvapen\/break-pipe\/gevar-breaking\/norica-marvic-2-0-luxe-air-rifle-10-j-4-5mm\/","title":{"rendered":"Norica Marvic 2.0 Luxe Air Rifle 10 J | 4.5mm"},"content":{"rendered":"<h1>Norica Marvic 2.0 Luxe - Air Rifle - 10 J - 4.5MM<\/h1>\n<h2>Robust, accurate and powerful air rifle<\/h2>\n<p>The Norica Marvic 2.0 Luxe is a robust, powerful, and accurate air rifle. It features a mainspring made of German steel, guaranteeing extraordinary \"knock-down\" power even at long distances. The vaporized beech stock provides excellent balance, and together with the NATS adjustable 2-stage trigger, fiber optic open sights, automatic safety, and ventilated recoil pad, you get a top-class air rifle. Experience the power and precision of the Norica Marvic 2.0 Luxe. <a href=\"https:\/\/ak47.nu\/en\/shop-2\/\">See our range of other air rifles.<\/a><\/p>\n<h3>Specifications<\/h3>\n<ul>\n <li>Vaporized adjustable beech stock<\/li>\n <li>Ventilated rubber recoil pad<\/li>\n <li>Automatic safety<\/li>\n <li>Fiber optic front and rear sight<\/li>\n <li>Adjustable trigger<\/li>\n<\/ul>\n<h3>Technical Data<\/h3>\n<ul>\n <li>Reference: 111.20.125<\/li>\n <li>Caliber (mm (inch)): 4.5 (.177)<\/li>\n <li>Weight (Kg): 3.3<\/li>\n <li>Barrel Length (mm): 484<\/li>\n <li>Total Length (mm): 1.180<\/li>\n <li>Velocity (m\/s): 200<\/li>\n <li>Power (J): 10<\/li>\n<\/ul>\n<p>With its adjustable trigger, you can fine-tune the pressure for increased precision. The ventilated recoil pad reduces recoil, providing a more comfortable shooting experience. The fiber optic sight facilitates quick and accurate target alignment.  <a href=\"https:\/\/ak47.nu\/en\/luftvapen\/break-pipe\/\">Explore our range of airguns<\/a> to find the one that suits you best. The automatic safety contributes to safe weapon handling. The German steel spring provides long-lasting power and performance, making this air rifle a reliable partner for many years to come. Don't miss the chance to own this high-quality air rifle. <a href=\"https:\/\/ak47.nu\/en\/\">Visit our website<\/a> to see more products.<\/p>","protected":false},"excerpt":{"rendered":"<p>Norica &#8211; Marvic 2.0 Luxe &#8211; Luftgev\u00e4r &#8211; 10 J &#8211; 4.5MM \u00e4r en h\u00f6gkvalitativ luftgev\u00e4r fr\u00e5n Norica. Med en kraft p\u00e5 10 J och en kaliber p\u00e5 4.5MM erbjuder detta luftgev\u00e4r en imponerande precision och skjutkraft. Uppgraderad till 2.0 Luxe-modellen, kommer detta vapen att imponera p\u00e5 b\u00e5de erfarna skyttar och nyb\u00f6rjare. K\u00f6p ditt Norica &#8211; Marvic 2.0 Luxe &#8211; Luftgev\u00e4r &#8211; 10 J &#8211; 4.5MM idag och njut av en enast\u00e5ende skjutupplevelse.<\/p>","protected":false},"featured_media":17968,"template":"","meta":[],"product_brand":[],"product_cat":[424,428,375],"product_tag":[],"class_list":{"0":"post-17975","1":"product","2":"type-product","3":"status-publish","4":"has-post-thumbnail","6":"product_cat-brytpipa","7":"product_cat-gevar-brytpipa","8":"product_cat-luftvapen","9":"pa_brand-norica","11":"first","12":"instock","13":"sale","14":"taxable","15":"shipping-taxable","16":"purchasable","17":"product-type-simple"},"_links":{"self":[{"href":"https:\/\/ak47.nu\/en\/wp-json\/wp\/v2\/product\/17975","targetHints":{"allow":["GET"]}}],"collection":[{"href":"https:\/\/ak47.nu\/en\/wp-json\/wp\/v2\/product"}],"about":[{"href":"https:\/\/ak47.nu\/en\/wp-json\/wp\/v2\/types\/product"}],"wp:featuredmedia":[{"embeddable":true,"href":"https:\/\/ak47.nu\/en\/wp-json\/wp\/v2\/media\/17968"}],"wp:attachment":[{"href":"https:\/\/ak47.nu\/en\/wp-json\/wp\/v2\/media?parent=17975"}],"wp:term":[{"taxonomy":"product_brand","embeddable":true,"href":"https:\/\/ak47.nu\/en\/wp-json\/wp\/v2\/product_brand?post=17975"},{"taxonomy":"product_cat","embeddable":true,"href":"https:\/\/ak47.nu\/en\/wp-json\/wp\/v2\/product_cat?post=17975"},{"taxonomy":"product_tag","embeddable":true,"href":"https:\/\/ak47.nu\/en\/wp-json\/wp\/v2\/product_tag?post=17975"}],"curies":[{"name":"wp","href":"https:\/\/api.w.org\/{rel}","templated":true}]}}