{"id":18024,"date":"2022-05-05T14:52:20","date_gmt":"2022-05-05T12:52:20","guid":{"rendered":"https:\/\/ak47.nu\/produkt\/norica-combo-dead-eye-grs-camo-luftgevar-10-j-5-5mm\/"},"modified":"2025-12-03T20:31:36","modified_gmt":"2025-12-03T19:31:36","slug":"norica-dead-eye-grs-camo-air-rifle-5-5mm","status":"publish","type":"product","link":"https:\/\/ak47.nu\/en\/product\/luftvapen\/break-pipe\/gevar-breaking\/norica-dead-eye-grs-camo-air-rifle-5-5mm\/","title":{"rendered":"Norica Dead Eye GRS Camo Air Rifle 5.5MM | 10J"},"content":{"rendered":"<h1>Norica - Combo Dead Eye GRS Camo - Air Rifle - 10 J - 5.5MM<\/h1>\n<h2>Rifle with Adjustable Cheek Piece and Picatinny Rail<\/h2>\n<p>The Norica Combo Dead Eye GRS Camo air rifle combines the latest technology with a tactical design. This rifle features a synthetic stock with adjustable cheek piece and a military digital camo design. Please note that scope is NOT included.<\/p>\n<h3>Synthetic Stock and Adjustable Cheek Piece<\/h3>\n<p>The anti-shock synthetic stock and fully adjustable cheek piece provide increased comfort and control. With two picatinny rails placed on each side of the stock, you can easily mount accessories. This model also has an 11 mm dovetail rail for scope mounting.  Want to see more <a href=\"https:\/\/ak47.nu\/en\/shop-2\/\">air rifles from Norica<\/a>? Please have a look at our assortment.<\/p>\n<h3>Steel Barrel and Protected Front Sight<\/h3>\n<p>The air rifle has a polymer-coated, high-quality steel barrel and a front sight protected by a steel hood. The mechanism contributes to reduced cocking effort.<\/p>\n<h3>Technical Specifications:<\/h3>\n<ul>\n<li>Reference: 111.25.026<\/li>\n<li>Caliber: 5.5 mm (.22)<\/li>\n<li>Weight: 3 kg<\/li>\n<li>Barrel Length: 474 mm<\/li>\n<li>Total Length: 1,155 mm<\/li>\n<li>Velocity: 153 m\/s<\/li>\n<li>Power: 10 J<\/li>\n<\/ul>\n<p>Discover the precision and power of the Norica Dead Eye GRS Camo. See our range of <a href=\"https:\/\/ak47.nu\/en\/luftvapen\/break-pipe\/\">airguns<\/a> to find the right model for you. Visit <a href=\"https:\/\/ak47.nu\/en\/\">our website<\/a> to see our entire range.<\/p>","protected":false},"excerpt":{"rendered":"<p>Norica &#8211; Combo Dead Eye GRS Camo &#8211; Luftgev\u00e4r &#8211; 10 J &#8211; 5.5MM \u00e4r en h\u00f6gkvalitativ och kraftfull luftgev\u00e4r med en imponerande 10 J styrka och 5.5MM kaliber. Med sin unika GRS Camo-design \u00e4r detta vapen perfekt f\u00f6r jakt och tr\u00e4ning. Uppt\u00e4ck Norica Combo Dead Eye GRS Camo nu!<\/p>","protected":false},"featured_media":58304,"template":"","meta":[],"product_brand":[],"product_cat":[428],"product_tag":[],"class_list":{"0":"post-18024","1":"product","2":"type-product","3":"status-publish","4":"has-post-thumbnail","6":"product_cat-gevar-brytpipa","7":"pa_brand-norica","9":"first","10":"instock","11":"sale","12":"taxable","13":"shipping-taxable","14":"purchasable","15":"product-type-simple"},"_links":{"self":[{"href":"https:\/\/ak47.nu\/en\/wp-json\/wp\/v2\/product\/18024","targetHints":{"allow":["GET"]}}],"collection":[{"href":"https:\/\/ak47.nu\/en\/wp-json\/wp\/v2\/product"}],"about":[{"href":"https:\/\/ak47.nu\/en\/wp-json\/wp\/v2\/types\/product"}],"wp:featuredmedia":[{"embeddable":true,"href":"https:\/\/ak47.nu\/en\/wp-json\/wp\/v2\/media\/58304"}],"wp:attachment":[{"href":"https:\/\/ak47.nu\/en\/wp-json\/wp\/v2\/media?parent=18024"}],"wp:term":[{"taxonomy":"product_brand","embeddable":true,"href":"https:\/\/ak47.nu\/en\/wp-json\/wp\/v2\/product_brand?post=18024"},{"taxonomy":"product_cat","embeddable":true,"href":"https:\/\/ak47.nu\/en\/wp-json\/wp\/v2\/product_cat?post=18024"},{"taxonomy":"product_tag","embeddable":true,"href":"https:\/\/ak47.nu\/en\/wp-json\/wp\/v2\/product_tag?post=18024"}],"curies":[{"name":"wp","href":"https:\/\/api.w.org\/{rel}","templated":true}]}}