{"id":18164,"date":"2022-05-05T14:56:57","date_gmt":"2022-05-05T12:56:57","guid":{"rendered":"https:\/\/ak47.nu\/produkt\/gletcher-m1944-bolt-action-mosin-nagant-airgun-replica-4-5mm-co2\/"},"modified":"2025-12-03T20:12:56","modified_gmt":"2025-12-03T19:12:56","slug":"gletcher-m1944-bolt-action-mosin-nagant-airgun-replica-4-5mm-co2","status":"publish","type":"product","link":"https:\/\/ak47.nu\/en\/product\/luftvapen\/co2-airguns\/gevar-co2-airguns\/gletcher-m1944-bolt-action-mosin-nagant-airgun-replica-4-5mm-co2\/","title":{"rendered":"GLETCHER &#8211; M1944 bolt action Mosin Nagant AIRGUN REPLICA 4.5mm CO2"},"content":{"rendered":"<p>M1944<br \/>Gletcher M1944 &auml;r en pneumatisk kopia av den klassiska ryska Mosin &ndash; Nagant Carbine (typ M44).<br \/>Mosin-Nagant &auml;r ett ryskt gev&auml;r. Gev&auml;ret producerades fr&aring;n 1890 till 1950. Under andra v&auml;rldskriget antogs ett nytt karbinm&ouml;nster, kallat M1944, som ett sovjetiskt arm&eacute;gev&auml;r. M1944 &auml;r en av de senaste &auml;ndringarna av det popul&auml;ra gev&auml;ret fr&aring;n andra v&auml;rldskriget. Original glidbult-action. Bildmaterial: metall. Utrustad med en vikbar bajonett. Inbyggd magasin en insexnyckel f&ouml;r CO2-patroner. En reproduktion M1944-rem ing&aring;r.<\/p>\n<p>Den tyngsta Gletcher-modellen<br \/>Detta &auml;r en riktig tungvikt i Gletcher-sortimentet: 8,21 pund. Man kan genast uppskatta den solida k&auml;nslan av Gletcher M1944 med tanke p&aring; att tunnan, bultmekanismen och magasinet alla &auml;r gjorda av metall.<\/p>\n<p>Original glidbult<br \/>Skjut, dra tillbaka bulten, skjut igen och dra tillbaka bulten igen. Detta var det enda s&auml;ttet att skjuta fr&aring;n manuella skruvgev&auml;r. Gletcher M1944 fungerar exakt p&aring; samma s&auml;tt! Ammunitionen i gev&auml;ret f&ouml;r efterf&ouml;ljande skott matas faktiskt in i skjutkammaren genom att &ouml;ppna gev&auml;rets bult.<\/p>\n<p>Inbyggd insexnyckel<br \/>Alla som n&aring;gonsin m&ouml;tt behovet av att b&auml;ra ett verktyg f&ouml;r att skruva in en C02-patron medan de anv&auml;nder ett pneumatiskt vapen kan uppskatta denna v&auml;lkomstfunktion. M1944 har ett fack f&ouml;r f&ouml;rvaring av medf&ouml;ljande skruvverktyg i magasinet.<\/p>\n<p>Integrerad vikbar bajonett<br \/>Detta &auml;r den ryska Mosin-Nagant M1944, en integrerad bajonett f&auml;st vid pipan, med korsformigt blad.<\/p>\n<p>Kroppsmaterial: imiterat tr&auml;<br \/>Bildmaterial: Metall<br \/>Ammunition: st&aring;l bb 4,5 mm .177<br \/>S&auml;kerhet: bult monterad<br \/>Hastighet: 427 fps<br \/>Kapacitet: 16 st&aring;lbb<br \/>vikt: 8,2 pund<br \/>l&auml;ngd: 52 3\/4 tum<\/p>\n<p>T&auml;nk p&aring; att luftvapen &auml;r en utm&auml;rkt k&auml;lla till gl&auml;dje f&ouml;r b&aring;de m&aring;lskytte och samlare. Alla luftvapen ska hanteras med respekt och kan orsaka skador om de hanteras slarvigt. Ansvarig hanterade dess ofarliga och s&auml;kra och en perfekt k&auml;lla till mycket roligt.<\/p>","protected":false},"excerpt":{"rendered":"<p>K\u00f6p GLETCHER &#8211; M1944 bolt action Mosin Nagant AIRGUN REPLICA 4.5mm CO2 till b\u00e4sta pris &#8211; H\u00e4r hittar du en perfekt replika av den klassiska M1944 bolt action Mosin Nagant AIRGUN i 4.5mm CO2-kaliber fr\u00e5n GLETCHER. Upplev autentiskt skytte med denna h\u00f6gkvalitativa luftgev\u00e4r som \u00e4r perfekt f\u00f6r samlare och entusiaster. Best\u00e4ll nu och njut av precision och realism i dina skytteaktiviteter.<\/p>","protected":false},"featured_media":18157,"template":"","meta":[],"product_brand":[],"product_cat":[435],"product_tag":[],"class_list":{"0":"post-18164","1":"product","2":"type-product","3":"status-publish","4":"has-post-thumbnail","6":"product_cat-gevar-co2-airguns","7":"pa_brand-gletcher","9":"first","10":"outofstock","11":"sale","12":"taxable","13":"shipping-taxable","14":"purchasable","15":"product-type-simple"},"_links":{"self":[{"href":"https:\/\/ak47.nu\/en\/wp-json\/wp\/v2\/product\/18164","targetHints":{"allow":["GET"]}}],"collection":[{"href":"https:\/\/ak47.nu\/en\/wp-json\/wp\/v2\/product"}],"about":[{"href":"https:\/\/ak47.nu\/en\/wp-json\/wp\/v2\/types\/product"}],"wp:featuredmedia":[{"embeddable":true,"href":"https:\/\/ak47.nu\/en\/wp-json\/wp\/v2\/media\/18157"}],"wp:attachment":[{"href":"https:\/\/ak47.nu\/en\/wp-json\/wp\/v2\/media?parent=18164"}],"wp:term":[{"taxonomy":"product_brand","embeddable":true,"href":"https:\/\/ak47.nu\/en\/wp-json\/wp\/v2\/product_brand?post=18164"},{"taxonomy":"product_cat","embeddable":true,"href":"https:\/\/ak47.nu\/en\/wp-json\/wp\/v2\/product_cat?post=18164"},{"taxonomy":"product_tag","embeddable":true,"href":"https:\/\/ak47.nu\/en\/wp-json\/wp\/v2\/product_tag?post=18164"}],"curies":[{"name":"wp","href":"https:\/\/api.w.org\/{rel}","templated":true}]}}