{"id":18246,"date":"2022-05-06T08:36:08","date_gmt":"2022-05-06T06:36:08","guid":{"rendered":"https:\/\/ak47.nu\/produkt\/theta-optics-3-9x50-aoeg-kikarsikte\/"},"modified":"2025-12-03T20:32:12","modified_gmt":"2025-12-03T19:32:12","slug":"theta-optics-3-9x50-aoeg-riflescope","status":"publish","type":"product","link":"https:\/\/ak47.nu\/en\/product\/tillbehor-2\/optik\/kikarsikten\/theta-optics-3-9x50-aoeg-riflescope\/","title":{"rendered":"Theta Optics 3-9X50 AOEG Scope | High Quality"},"content":{"rendered":"<h1>Theta Optics - 3-9X50 AOEG Riflescope<\/h1>\n<h2>High-quality optics for every situation<\/h2>\n<p>The Theta Optics\u2122 3-9X50 AOEG riflescope guarantees high quality at a reasonable price. Enclosed in a durable metal housing, this robust riflescope offers transparent optics with an adjustable mil-dot reticle. The adjustable zoom (3-9x) allows you to quickly adapt to different distances. Thanks to the reticle illumination in red, blue, or green, the riflescope can be used both day and night. Customize the sight to your needs with smooth horizontal and vertical adjustment. Powered by an included CR2032 battery for immediate use.<\/p>\n\n<ul>\n <li><strong>Adjustable Zoom:<\/strong> 3-9x magnification for flexible use.<\/li>\n <li><strong>Reticle Illumination:<\/strong> Red, green and blue illumination for optimal visibility in all lighting conditions.<\/li>\n <li><strong>Mil-Dot Reticle:<\/strong> For precise adjustments and distance estimations.<\/li>\n <li><strong>Metal Housing:<\/strong> Durable housing that protects the optics.<\/li>\n <li><strong>22 mm RIS Rail Compatible:<\/strong> Easy mounting on standard RIS rails.<\/li>\n<\/ul>\n\n<h3>Optimized for the user<\/h3>\n<p>Theta Optics\u2122 strives to offer innovative solutions and the highest quality. Each product is thoroughly tested before being released to the market. Included in the set is a two-piece mount for RIS rails and lens covers.<\/p>\n\n<h3>Specifications:<\/h3>\n<ul>\n <li>Material: Metal<\/li>\n <li>Weight: 625g<\/li>\n <li>Color: Black<\/li>\n <li>Zoom: 3-9x<\/li>\n <li>Illumination Color: Red\/Green<\/li>\n <li>Aperture: 50mm<\/li>\n<\/ul>\n\n<h3>Package includes:<\/h3>\n<ul>\n <li>Riflescope<\/li>\n <li>Mount<\/li>\n <li>Hex key<\/li>\n <li>User manual<\/li>\n <li>CR2032 Battery<\/li>\n <li>Lens Covers<\/li>\n<\/ul>\n\n<p>Discover more high-quality <a href=\"https:\/\/ak47.nu\/en\/shop-2\/\">optics<\/a> and other <a href=\"https:\/\/ak47.nu\/en\/tillbehor-2\/optik\/kikarsikten\/\">accessories<\/a> with us. For more information about Theta Optics\u2122, visit our <a href=\"https:\/\/ak47.nu\/en\/\">homepage<\/a>.<\/p>","protected":false},"excerpt":{"rendered":"<p>Theta Optics &#8211; 3-9X50 AOEG Kikarsikte \u00e4r ett h\u00f6gkvalitativt kikarsikte med justerbar f\u00f6rstoring och objektivdiameter p\u00e5 50mm. Detta kikarsikte fr\u00e5n Theta Optics \u00e4r perfekt f\u00f6r j\u00e4gare och skyttar som s\u00f6ker precision och klarhet i sitt sikte. Med avancerade funktioner som justerbar parallax och AOEG-teknologi erbjuder detta kikarsikte optimal synlighet och sk\u00e4rpa i olika ljusf\u00f6rh\u00e5llanden. K\u00f6p Theta Optics &#8211; 3-9X50 AOEG Kikarsikte idag f\u00f6r att f\u00f6rb\u00e4ttra din tr\u00e4ffs\u00e4kerhet och uppleva en \u00f6verl\u00e4gsen skytteupplevelse.<\/p>","protected":false},"featured_media":18240,"template":"","meta":[],"product_brand":[],"product_cat":[469],"product_tag":[],"class_list":{"0":"post-18246","1":"product","2":"type-product","3":"status-publish","4":"has-post-thumbnail","6":"product_cat-kikarsikten","7":"pa_brand-theta-optics","8":"pa_farg-svart","10":"first","11":"outofstock","12":"taxable","13":"shipping-taxable","14":"purchasable","15":"product-type-simple"},"_links":{"self":[{"href":"https:\/\/ak47.nu\/en\/wp-json\/wp\/v2\/product\/18246","targetHints":{"allow":["GET"]}}],"collection":[{"href":"https:\/\/ak47.nu\/en\/wp-json\/wp\/v2\/product"}],"about":[{"href":"https:\/\/ak47.nu\/en\/wp-json\/wp\/v2\/types\/product"}],"wp:featuredmedia":[{"embeddable":true,"href":"https:\/\/ak47.nu\/en\/wp-json\/wp\/v2\/media\/18240"}],"wp:attachment":[{"href":"https:\/\/ak47.nu\/en\/wp-json\/wp\/v2\/media?parent=18246"}],"wp:term":[{"taxonomy":"product_brand","embeddable":true,"href":"https:\/\/ak47.nu\/en\/wp-json\/wp\/v2\/product_brand?post=18246"},{"taxonomy":"product_cat","embeddable":true,"href":"https:\/\/ak47.nu\/en\/wp-json\/wp\/v2\/product_cat?post=18246"},{"taxonomy":"product_tag","embeddable":true,"href":"https:\/\/ak47.nu\/en\/wp-json\/wp\/v2\/product_tag?post=18246"}],"curies":[{"name":"wp","href":"https:\/\/api.w.org\/{rel}","templated":true}]}}