{"id":18312,"date":"2022-05-06T08:39:10","date_gmt":"2022-05-06T06:39:10","guid":{"rendered":"https:\/\/ak47.nu\/produkt\/swiss-arms-red-dot-kompakt-4-olika-harkors-och-6-olika-styrkor-snabbfaste\/"},"modified":"2025-12-03T20:25:12","modified_gmt":"2025-12-03T19:25:12","slug":"swiss-arms-red-dot-kompakt-4-olika-harkors-och-6-olika-styrkor-snabbfaste","status":"publish","type":"product","link":"https:\/\/ak47.nu\/en\/product\/tillbehor-2\/optik\/rodpunktssikten\/swiss-arms-red-dot-kompakt-4-olika-harkors-och-6-olika-styrkor-snabbfaste\/","title":{"rendered":"SWISS ARMS &#8211; RED DOT &#8211; Kompakt &#8211; 4 olika h\u00e5rkors och 6 olika styrkor &#8211; snabbf\u00e4ste"},"content":{"rendered":"<p>Smidigt och kompakt r&ouml;dpunktsikte.<br \/>Justerbart och med flera olika inst&auml;llningar &#8211; 4olika h&aring;rkors och 6 olika ljusstyrkor, r&ouml;tt \/ gr&ouml;nt ljus<br \/>Denna model &auml;ven med snabbf&auml;ste<br \/>passar picatinny 21mm<\/p>\n<p>Vikt 150 g<br \/>L&auml;ngd 84 mm<br \/>Konstruktion Aluminium<br \/>Batteri 3st LR754<\/p>\n<p><\/p>","protected":false},"excerpt":{"rendered":"<p>K\u00f6p SWISS ARMS RED DOT &#8211; Kompakt med 4 olika h\u00e5rkors och 6 olika styrkor, inklusive snabbf\u00e4ste. Perfekt f\u00f6r skjutentusiaster. Best\u00e4ll nu f\u00f6r snabb leverans!<\/p>","protected":false},"featured_media":18310,"template":"","meta":[],"product_brand":[],"product_cat":[470],"product_tag":[],"class_list":{"0":"post-18312","1":"product","2":"type-product","3":"status-publish","4":"has-post-thumbnail","6":"product_cat-rodpunktssikten","7":"pa_brand-swiss-arms","8":"pa_farg-svart","10":"first","11":"outofstock","12":"sale","13":"taxable","14":"shipping-taxable","15":"purchasable","16":"product-type-simple"},"_links":{"self":[{"href":"https:\/\/ak47.nu\/en\/wp-json\/wp\/v2\/product\/18312","targetHints":{"allow":["GET"]}}],"collection":[{"href":"https:\/\/ak47.nu\/en\/wp-json\/wp\/v2\/product"}],"about":[{"href":"https:\/\/ak47.nu\/en\/wp-json\/wp\/v2\/types\/product"}],"wp:featuredmedia":[{"embeddable":true,"href":"https:\/\/ak47.nu\/en\/wp-json\/wp\/v2\/media\/18310"}],"wp:attachment":[{"href":"https:\/\/ak47.nu\/en\/wp-json\/wp\/v2\/media?parent=18312"}],"wp:term":[{"taxonomy":"product_brand","embeddable":true,"href":"https:\/\/ak47.nu\/en\/wp-json\/wp\/v2\/product_brand?post=18312"},{"taxonomy":"product_cat","embeddable":true,"href":"https:\/\/ak47.nu\/en\/wp-json\/wp\/v2\/product_cat?post=18312"},{"taxonomy":"product_tag","embeddable":true,"href":"https:\/\/ak47.nu\/en\/wp-json\/wp\/v2\/product_tag?post=18312"}],"curies":[{"name":"wp","href":"https:\/\/api.w.org\/{rel}","templated":true}]}}