{"id":18545,"date":"2022-05-06T08:45:34","date_gmt":"2022-05-06T06:45:34","guid":{"rendered":"https:\/\/ak47.nu\/produkt\/rocky-teleskop-stjarnkikare-for-nyborjare\/"},"modified":"2025-12-03T19:25:46","modified_gmt":"2025-12-03T18:25:46","slug":"rocky-teleskop-stjarnkikare-for-nyborjare","status":"publish","type":"product","link":"https:\/\/ak47.nu\/en\/product\/tillbehor-2\/other-accessories\/rocky-teleskop-stjarnkikare-for-nyborjare\/","title":{"rendered":"ROCKY Teleskop \/ Stj\u00e4rnkikare f\u00f6r nyb\u00f6rjare"},"content":{"rendered":"<p>Rocky Stj\u00e4rnkikare \/ Teleskop<\/p>\n<p>Ett nyb\u00f6rjarteleskop med professionella egenskaper och ROCKYs f\u00f6rstklassiga f\u00f6rs\u00e4ljning i en ny fin design.<br \/>F\u00f6rstorar 35-525 g\u00e5nger, linsdiameter p\u00e5 60 mm och br\u00e4nnvidd p\u00e5 700 mm.<\/p>\n<p>Levereras med 3 okularer, 20, 12 och 4 mm och ett s\u00f6kord. Ut\u00f6ver detta ing\u00e5r ocks\u00e5 en okular f\u00f6r att v\u00e4nda bilden till h\u00f6ger f\u00f6r landobservation. (1,5 x och en Barlowlins med 3x f\u00f6rstoringsglas) Tillverkad i aluminium och all optik i optiskt glas. Levereras \u00e4ven med justerbart f\u00e4ste. Manual \u00e4r p\u00e5 svenska.<\/p>\n<p>Vikt: 4,0 kg<br \/>Storlek: 75 x 26 x 18 cm<\/p>","protected":false},"excerpt":{"rendered":"<p>Hitta den perfekta ROCKY teleskopet f\u00f6r nyb\u00f6rjare. Utforska stj\u00e4rnorna och uppt\u00e4ck sk\u00f6nheten i rymden med v\u00e5rt sortiment av teleskop f\u00f6r nyb\u00f6rjare. Vi erbjuder h\u00f6gkvalitativa produkter till konkurrenskraftiga priser. K\u00f6p ditt ROCKY teleskop idag och b\u00f6rja din astronomiska resa.<\/p>","protected":false},"featured_media":18544,"template":"","meta":[],"product_brand":[],"product_cat":[475],"product_tag":[],"class_list":{"0":"post-18545","1":"product","2":"type-product","3":"status-publish","4":"has-post-thumbnail","6":"product_cat-ovriga-tillbehor","7":"pa_brand-rocky","8":"pa_farg-svart","10":"first","11":"outofstock","12":"sale","13":"taxable","14":"shipping-taxable","15":"purchasable","16":"product-type-simple"},"_links":{"self":[{"href":"https:\/\/ak47.nu\/en\/wp-json\/wp\/v2\/product\/18545","targetHints":{"allow":["GET"]}}],"collection":[{"href":"https:\/\/ak47.nu\/en\/wp-json\/wp\/v2\/product"}],"about":[{"href":"https:\/\/ak47.nu\/en\/wp-json\/wp\/v2\/types\/product"}],"wp:featuredmedia":[{"embeddable":true,"href":"https:\/\/ak47.nu\/en\/wp-json\/wp\/v2\/media\/18544"}],"wp:attachment":[{"href":"https:\/\/ak47.nu\/en\/wp-json\/wp\/v2\/media?parent=18545"}],"wp:term":[{"taxonomy":"product_brand","embeddable":true,"href":"https:\/\/ak47.nu\/en\/wp-json\/wp\/v2\/product_brand?post=18545"},{"taxonomy":"product_cat","embeddable":true,"href":"https:\/\/ak47.nu\/en\/wp-json\/wp\/v2\/product_cat?post=18545"},{"taxonomy":"product_tag","embeddable":true,"href":"https:\/\/ak47.nu\/en\/wp-json\/wp\/v2\/product_tag?post=18545"}],"curies":[{"name":"wp","href":"https:\/\/api.w.org\/{rel}","templated":true}]}}