{"id":18561,"date":"2022-05-06T08:46:03","date_gmt":"2022-05-06T06:46:03","guid":{"rendered":"https:\/\/ak47.nu\/produkt\/bushnell-digital-night-vision-equinox-z-45x-40mm\/"},"modified":"2025-12-03T12:50:21","modified_gmt":"2025-12-03T11:50:21","slug":"bushnell-digital-night-vision-equinox-z-45x-40mm","status":"publish","type":"product","link":"https:\/\/ak47.nu\/en\/product\/tillbehor-2\/other-accessories\/bushnell-digital-night-vision-equinox-z-45x-40mm\/","title":{"rendered":"Bushnell digital night vision equinox Z 4,5X 40mm"},"content":{"rendered":"<p>Bushnell digital night vision equinox Z 4,5X 40mm<br \/>Effektiv m\u00f6rkerkamera med 4,5x optisk f\u00f6rstoring och m\u00f6jlighet att spela vad du ser i m\u00f6rkret!<br \/>Bushnell Equinox Z<br \/>H\u00f6g kvalitet med m\u00f6jlighet att spela in vad du ser i m\u00f6rkret<br \/>Bushnells nya Eqinox Z \u00e4r en helt ny plattform m\u00f6rkerkikare som \u00e4r fullmatad med egenskaper som \u00e4r banbrytande f\u00f6r prisklassen. En effektiv digital ljusf\u00f6rst\u00e4rkningsteknik med l\u00e5ng r\u00e4ckvidd (225m) har kombinerats med m\u00f6jligheten att spela in filmklipp och spara bilder. (G\u00e4ller versionerna med 4,5 eller 6x f\u00f6rstoring).<\/p>\n<p>Egenskaper<br \/>H\u00f6g optisk kvalitet &#8211; Kikarens optik med ytbehandlade glaslinser levererar en klar bild med ett brett synf\u00e4lt.<br \/>Fast optisk f\u00f6rstorning + upp till 3x digital zoom<br \/>Effektiva och genomt\u00e4nkta funktioner &#8211; F\u00e4ste f\u00f6r stativ, Picatinnybas f\u00f6r extra IR-lampa, videoutg\u00e5ng f\u00f6r visning p\u00e5 annan sk\u00e4rm<br \/>Kortplats f\u00f6r Micro SD. Minneskort medf\u00f6ljer ej. Valbart om kameran ska spela in video eller ta stillbilder<br \/>Kraftig inbygg IR-lampa med justerbar intensitet (3steg + OFF)<br \/>Drivs av 4st AA batterier med l\u00e4ngre drifttid \u00e4n tidigare generationer. Automatisk avst\u00e4ngning<br \/>F\u00e4rgbild dagtid n\u00e4r IR-lampan st\u00e4ngs av<br \/>Robust gummih\u00f6lje<\/p>\n<p>Medf\u00f6ljer<br \/>F\u00f6rvaringsv\u00e4ska<\/p>\n<p>Specifikationer<br \/>Vikt: 623 g<br \/>Stativf\u00e4ste: Ja<br \/>Objektivlinsdiameter: 40 mm<br \/>Vattent\u00e4t. Nej<br \/>F\u00f6rstoring: 4x<br \/>Batterityp: AA (4st)<br \/>Garanti: 2 \u00e5r<br \/>Digital zoom: 1-3x<br \/>Bushnell Night Vision<br \/>Bushnells p\u00e5g\u00e5ende arbete f\u00f6r att hj\u00e4lpa dig utforska v\u00e4rlden efter m\u00f6rkrets inbrott forts\u00e4tter. Totalt beckm\u00f6rker och l\u00e5ngt avst\u00e5nd \u00e4r ingen match f\u00f6r dessa kikare. De ljusaste, skarpaste bilderna som n\u00e5gonsin erbjudits i den digitala och Generation 1 kategorier, visar nu v\u00e4gen f\u00f6r tekniken som lovar att f\u00f6r\u00e4ndra branschen f\u00f6r evigt.<br \/>Bushnell<br \/>Branschledande i h\u00f6gpresterande optik<br \/>Bushnell har varit branschledande i h\u00f6gpresterande optik i mer \u00e4n 65 \u00e5r. Bushnells m\u00e5l \u00e4r att erbjuda marknadens mest p\u00e5litliga och prisv\u00e4rda optik i alla klasser. Optik fr\u00e5n Bushnell levereras alltid med h\u00f6g kundservice och gener\u00f6sa garantier. All optik som inte inneh\u00e5ller elektronik har hela 30 \u00e5rs garanti.<\/p>","protected":false},"excerpt":{"rendered":"<p>Bushnell digital night vision equinox Z 4,5X 40mmEffektiv m\u00f6rkerkamera med 4,5x optisk f\u00f6rstoring och m\u00f6jlighet att spela vad du ser i m\u00f6rkret!Bushnell Equinox ZH\u00f6g kvalitet med m\u00f6jlighet att spela in vad du ser i m\u00f6rkretBushnells nya Eqinox Z \u00e4r en helt ny plattform m\u00f6rkerkikare som \u00e4r fullmatad med egenskaper som \u00e4r banbrytande f\u00f6r prisklassen. En [&#8230;]","protected":false},"featured_media":18560,"template":"","meta":[],"product_brand":[],"product_cat":[475],"product_tag":[],"class_list":{"0":"post-18561","1":"product","2":"type-product","3":"status-publish","4":"has-post-thumbnail","6":"product_cat-ovriga-tillbehor","7":"pa_brand-no-brand","9":"first","10":"outofstock","11":"sale","12":"taxable","13":"shipping-taxable","14":"purchasable","15":"product-type-simple"},"_links":{"self":[{"href":"https:\/\/ak47.nu\/en\/wp-json\/wp\/v2\/product\/18561","targetHints":{"allow":["GET"]}}],"collection":[{"href":"https:\/\/ak47.nu\/en\/wp-json\/wp\/v2\/product"}],"about":[{"href":"https:\/\/ak47.nu\/en\/wp-json\/wp\/v2\/types\/product"}],"wp:featuredmedia":[{"embeddable":true,"href":"https:\/\/ak47.nu\/en\/wp-json\/wp\/v2\/media\/18560"}],"wp:attachment":[{"href":"https:\/\/ak47.nu\/en\/wp-json\/wp\/v2\/media?parent=18561"}],"wp:term":[{"taxonomy":"product_brand","embeddable":true,"href":"https:\/\/ak47.nu\/en\/wp-json\/wp\/v2\/product_brand?post=18561"},{"taxonomy":"product_cat","embeddable":true,"href":"https:\/\/ak47.nu\/en\/wp-json\/wp\/v2\/product_cat?post=18561"},{"taxonomy":"product_tag","embeddable":true,"href":"https:\/\/ak47.nu\/en\/wp-json\/wp\/v2\/product_tag?post=18561"}],"curies":[{"name":"wp","href":"https:\/\/api.w.org\/{rel}","templated":true}]}}