{"id":18662,"date":"2022-05-06T12:25:05","date_gmt":"2022-05-06T10:25:05","guid":{"rendered":"https:\/\/ak47.nu\/produkt\/kalashnikov-airsoftkulor-6mm-2000-bbs-02g\/"},"modified":"2025-12-03T20:22:41","modified_gmt":"2025-12-03T19:22:41","slug":"kalashnikov-airsoftkulor-6mm-2000-bbs-02g","status":"publish","type":"product","link":"https:\/\/ak47.nu\/en\/product\/tillbehor-2\/ammo\/6mm-airsoft\/kalashnikov-airsoftkulor-6mm-2000-bbs-02g\/","title":{"rendered":"Kalashnikov &#8211; Airsoftkulor &#8211; 6mm &#8211; ~2000 BBs &#8211; 0,2g"},"content":{"rendered":"<p><b>Kalashnikov ~2000 Kulor 0.2gr<\/b><\/p>\n<p>M\u00e4rke: Kalashnikov<br \/>Kaliber: 6 mm<br \/>F\u00e4rg: Vita<br \/>BB vikt: 0.2g<br \/>Biologiskt nedbrytbar: Nej<\/p>","protected":false},"excerpt":{"rendered":"<p>K\u00f6p Kalashnikov airsoftkulor i 6mm med en vikt p\u00e5 0,2g. F\u00e5 ca 2000 BBs av h\u00f6g kvalitet f\u00f6r ditt airsoftspel.<\/p>","protected":false},"featured_media":18661,"template":"","meta":[],"product_brand":[],"product_cat":[459],"product_tag":[],"class_list":{"0":"post-18662","1":"product","2":"type-product","3":"status-publish","4":"has-post-thumbnail","6":"product_cat-6mm-airsoft","7":"pa_brand-kalashnikov","9":"first","10":"outofstock","11":"taxable","12":"shipping-taxable","13":"purchasable","14":"product-type-simple"},"_links":{"self":[{"href":"https:\/\/ak47.nu\/en\/wp-json\/wp\/v2\/product\/18662","targetHints":{"allow":["GET"]}}],"collection":[{"href":"https:\/\/ak47.nu\/en\/wp-json\/wp\/v2\/product"}],"about":[{"href":"https:\/\/ak47.nu\/en\/wp-json\/wp\/v2\/types\/product"}],"wp:featuredmedia":[{"embeddable":true,"href":"https:\/\/ak47.nu\/en\/wp-json\/wp\/v2\/media\/18661"}],"wp:attachment":[{"href":"https:\/\/ak47.nu\/en\/wp-json\/wp\/v2\/media?parent=18662"}],"wp:term":[{"taxonomy":"product_brand","embeddable":true,"href":"https:\/\/ak47.nu\/en\/wp-json\/wp\/v2\/product_brand?post=18662"},{"taxonomy":"product_cat","embeddable":true,"href":"https:\/\/ak47.nu\/en\/wp-json\/wp\/v2\/product_cat?post=18662"},{"taxonomy":"product_tag","embeddable":true,"href":"https:\/\/ak47.nu\/en\/wp-json\/wp\/v2\/product_tag?post=18662"}],"curies":[{"name":"wp","href":"https:\/\/api.w.org\/{rel}","templated":true}]}}