{"id":18674,"date":"2022-05-06T12:25:33","date_gmt":"2022-05-06T10:25:33","guid":{"rendered":"https:\/\/ak47.nu\/produkt\/cybergun-extra-magasin-50-bbs-passar-kalashnikov-sniper-120705-936-300\/"},"modified":"2025-08-21T11:10:50","modified_gmt":"2025-08-21T09:10:50","slug":"extra-mag-50-bbs-kalashnikov-sniper","status":"publish","type":"product","link":"https:\/\/ak47.nu\/en\/product\/tillbehor-2\/magasin\/airsoft-magasin\/extra-mag-50-bbs-kalashnikov-sniper\/","title":{"rendered":"Extra Mag 50 BBs Kalashnikov Sniper"},"content":{"rendered":"<h1>Cybergun - Extra Magazine 50 BB's - Fits Kalashnikov Sniper<\/h1>\n<h2>Extra Magazine for Your Kalashnikov Airsoft Sniper<\/h2>\n<p>This extra magazine is made of metal and designed specifically for the Kalashnikov airsoft sniper (120705\/936\/300). With a capacity of 50 BBs, you can spend more time focusing on your game and less time reloading. Prepare for your airsoft games with this reliable magazine.<\/p>\n<ul>\n <li><strong>Compatibility:<\/strong> Designed for Kalashnikov airsoft sniper (120705\/936\/300).<\/li>\n <li><strong>Material:<\/strong> Made of durable metal for long-lasting use.<\/li>\n <li><strong>Capacity:<\/strong> Holds 50 BBs, reducing the need for frequent reloads.<\/li>\n<\/ul>\n<p>Invest in this extra magazine to maximize your time in the game and ensure you are always ready for the next shot. Explore our wide range of <a href=\"https:\/\/ak47.nu\/en\/shop-2\/\">airsoft accessories<\/a> to complete your equipment. Don't forget to check out our range of <a href=\"https:\/\/ak47.nu\/en\/tillbehor-2\/magasin\/airsoft-magasin\/\">airsoft magazines<\/a> to find what you need. For more information about our products and offers, visit our <a href=\"https:\/\/ak47.nu\/en\/\">website<\/a>.<\/p>","protected":false},"excerpt":{"rendered":"<p>K\u00f6p Cybergun Extra Magasin 50 BB&#8217;s f\u00f6r Kalashnikov sniper (120705\/936\/300) &#8211; H\u00f6g kvalitet och p\u00e5litlig. Perfekt tillbeh\u00f6r f\u00f6r din luftgev\u00e4r. Best\u00e4ll nu!<\/p>","protected":false},"featured_media":16935,"template":"","meta":[],"product_brand":[],"product_cat":[465,464,450],"product_tag":[],"class_list":{"0":"post-18674","1":"product","2":"type-product","3":"status-publish","4":"has-post-thumbnail","6":"product_cat-airsoft-magasin","7":"product_cat-magasin","8":"product_cat-tillbehor-2","9":"pa_brand-kalashnikov","11":"first","12":"instock","13":"sale","14":"taxable","15":"shipping-taxable","16":"purchasable","17":"product-type-simple"},"_links":{"self":[{"href":"https:\/\/ak47.nu\/en\/wp-json\/wp\/v2\/product\/18674","targetHints":{"allow":["GET"]}}],"collection":[{"href":"https:\/\/ak47.nu\/en\/wp-json\/wp\/v2\/product"}],"about":[{"href":"https:\/\/ak47.nu\/en\/wp-json\/wp\/v2\/types\/product"}],"wp:featuredmedia":[{"embeddable":true,"href":"https:\/\/ak47.nu\/en\/wp-json\/wp\/v2\/media\/16935"}],"wp:attachment":[{"href":"https:\/\/ak47.nu\/en\/wp-json\/wp\/v2\/media?parent=18674"}],"wp:term":[{"taxonomy":"product_brand","embeddable":true,"href":"https:\/\/ak47.nu\/en\/wp-json\/wp\/v2\/product_brand?post=18674"},{"taxonomy":"product_cat","embeddable":true,"href":"https:\/\/ak47.nu\/en\/wp-json\/wp\/v2\/product_cat?post=18674"},{"taxonomy":"product_tag","embeddable":true,"href":"https:\/\/ak47.nu\/en\/wp-json\/wp\/v2\/product_tag?post=18674"}],"curies":[{"name":"wp","href":"https:\/\/api.w.org\/{rel}","templated":true}]}}