{"id":18744,"date":"2022-05-06T14:13:06","date_gmt":"2022-05-06T12:13:06","guid":{"rendered":"https:\/\/ak47.nu\/produkt\/daisy-177cal-4-5-mm-flat-nosed-250st\/"},"modified":"2025-12-03T19:48:05","modified_gmt":"2025-12-03T18:48:05","slug":"daisy-177cal-4-5-mm-flat-nosed-250st","status":"publish","type":"product","link":"https:\/\/ak47.nu\/en\/product\/tillbehor-2\/ammo\/45mm-airgun\/daisy-177cal-4-5-mm-flat-nosed-250st\/","title":{"rendered":"Daisy .177cal 4.5mm Flat-nosed &#8211; 250st"},"content":{"rendered":"<p>Daisy 4,5mm flat pellets 250 box<br \/>Daisy<br \/>En ikon sedan 1886<\/p>\n<p>Specifikationer<br \/>Form: Plattnos<br \/>Kaliber: .177<\/p>","protected":false},"excerpt":{"rendered":"<p>K\u00f6p Daisy .177 kaliber 4.5 mm platt nosluva &#8211; 250 stycken till ett bra pris. Perfekt f\u00f6r luftgev\u00e4rsskytte och tr\u00e4ning. Best\u00e4ll idag och f\u00e5 snabb leverans.<\/p>","protected":false},"featured_media":18743,"template":"","meta":[],"product_brand":[],"product_cat":[461],"product_tag":[],"class_list":{"0":"post-18744","1":"product","2":"type-product","3":"status-publish","4":"has-post-thumbnail","6":"product_cat-45mm-airgun","7":"pa_brand-daisy","9":"first","10":"outofstock","11":"taxable","12":"shipping-taxable","13":"purchasable","14":"product-type-simple"},"_links":{"self":[{"href":"https:\/\/ak47.nu\/en\/wp-json\/wp\/v2\/product\/18744","targetHints":{"allow":["GET"]}}],"collection":[{"href":"https:\/\/ak47.nu\/en\/wp-json\/wp\/v2\/product"}],"about":[{"href":"https:\/\/ak47.nu\/en\/wp-json\/wp\/v2\/types\/product"}],"wp:featuredmedia":[{"embeddable":true,"href":"https:\/\/ak47.nu\/en\/wp-json\/wp\/v2\/media\/18743"}],"wp:attachment":[{"href":"https:\/\/ak47.nu\/en\/wp-json\/wp\/v2\/media?parent=18744"}],"wp:term":[{"taxonomy":"product_brand","embeddable":true,"href":"https:\/\/ak47.nu\/en\/wp-json\/wp\/v2\/product_brand?post=18744"},{"taxonomy":"product_cat","embeddable":true,"href":"https:\/\/ak47.nu\/en\/wp-json\/wp\/v2\/product_cat?post=18744"},{"taxonomy":"product_tag","embeddable":true,"href":"https:\/\/ak47.nu\/en\/wp-json\/wp\/v2\/product_tag?post=18744"}],"curies":[{"name":"wp","href":"https:\/\/api.w.org\/{rel}","templated":true}]}}