{"id":18777,"date":"2022-05-06T14:13:34","date_gmt":"2022-05-06T12:13:34","guid":{"rendered":"https:\/\/ak47.nu\/produkt\/hammerli-field-target-performance-45mm-500st\/"},"modified":"2025-12-03T19:47:58","modified_gmt":"2025-12-03T18:47:58","slug":"hammerli-field-target-performance-45mm-500st","status":"publish","type":"product","link":"https:\/\/ak47.nu\/en\/product\/tillbehor-2\/ammo\/45mm-airgun\/hammerli-field-target-performance-45mm-500st\/","title":{"rendered":"H\u00e4mmerli field target performance 4,5mm, 500st"},"content":{"rendered":"<p>H\u00e4mmerli field target performance 4,5mm, 500st<br \/>H\u00e4mmerli (FT) diaboler levererar ofta mycket bra precision. Diabolerna \u00e4r mycket j\u00e4mna och har en rundnosdesign f\u00f6r b\u00e4ttre precision p\u00e5 l\u00e4ngre avst\u00e5nd.<\/p>\n<p>Umarex luftvapen<br \/>Ammunition<br \/>Den viktigaste faktorn f\u00f6r bra precision hos luftvapen \u00e4r ammunitionen. Det spelar ingen roll hur bra\/dyrt vapen man har, laddar man med fel diaboler kommer precisionen aldrig att bli bra. Det \u00e4r minst lika viktigt f\u00f6r enklare luftvapen. Hittar man r\u00e4tt storlek krymper inte s\u00e4llan en medioker tr\u00e4ffbild radikalt.<\/p>\n<p>Egenskaper<br \/>Diabolerna \u00e4r mycket j\u00e4mna<br \/>Rundnos-design (domed) f\u00f6r bra precision p\u00e5 l\u00e5nga skjutavst\u00e5nd<\/p>\n<p>Specifikationer<br \/>Kaliber: 4,5mm<br \/>Kulvikt: 0,56 g<br \/>Antal per f\u00f6rpackning: 500 st<br \/>Form: Rundnos<br \/>Kaliber: .177<br \/>Kulvikt: 8,64 grains<\/p>","protected":false},"excerpt":{"rendered":"<p>H\u00e4mmerli field target performance 4,5mm, 500stH\u00e4mmerli (FT) diaboler levererar ofta mycket bra precision. Diabolerna \u00e4r mycket j\u00e4mna och har en rundnosdesign f\u00f6r b\u00e4ttre precision p\u00e5 l\u00e4ngre avst\u00e5nd. Umarex luftvapenAmmunitionDen viktigaste faktorn f\u00f6r bra precision hos luftvapen \u00e4r ammunitionen. Det spelar ingen roll hur bra\/dyrt vapen man har, laddar man med fel diaboler kommer precisionen aldrig [&#8230;]","protected":false},"featured_media":18776,"template":"","meta":[],"product_brand":[],"product_cat":[461],"product_tag":[],"class_list":{"0":"post-18777","1":"product","2":"type-product","3":"status-publish","4":"has-post-thumbnail","6":"product_cat-45mm-airgun","7":"pa_brand-umarex","9":"first","10":"outofstock","11":"taxable","12":"shipping-taxable","13":"purchasable","14":"product-type-simple"},"_links":{"self":[{"href":"https:\/\/ak47.nu\/en\/wp-json\/wp\/v2\/product\/18777","targetHints":{"allow":["GET"]}}],"collection":[{"href":"https:\/\/ak47.nu\/en\/wp-json\/wp\/v2\/product"}],"about":[{"href":"https:\/\/ak47.nu\/en\/wp-json\/wp\/v2\/types\/product"}],"wp:featuredmedia":[{"embeddable":true,"href":"https:\/\/ak47.nu\/en\/wp-json\/wp\/v2\/media\/18776"}],"wp:attachment":[{"href":"https:\/\/ak47.nu\/en\/wp-json\/wp\/v2\/media?parent=18777"}],"wp:term":[{"taxonomy":"product_brand","embeddable":true,"href":"https:\/\/ak47.nu\/en\/wp-json\/wp\/v2\/product_brand?post=18777"},{"taxonomy":"product_cat","embeddable":true,"href":"https:\/\/ak47.nu\/en\/wp-json\/wp\/v2\/product_cat?post=18777"},{"taxonomy":"product_tag","embeddable":true,"href":"https:\/\/ak47.nu\/en\/wp-json\/wp\/v2\/product_tag?post=18777"}],"curies":[{"name":"wp","href":"https:\/\/api.w.org\/{rel}","templated":true}]}}