{"id":18841,"date":"2022-05-06T14:14:09","date_gmt":"2022-05-06T12:14:09","guid":{"rendered":"https:\/\/ak47.nu\/produkt\/daisy-stalrundkulor-45mm-1500st\/"},"modified":"2025-12-03T19:30:03","modified_gmt":"2025-12-03T18:30:03","slug":"daisy-stalrundkulor-45mm-1500st","status":"publish","type":"product","link":"https:\/\/ak47.nu\/en\/product\/tillbehor-2\/ammo\/45mm-airgun\/daisy-stalrundkulor-45mm-1500st\/","title":{"rendered":"Walther Premium st\u00e5lrundkulor 4,5mm 1500st"},"content":{"rendered":"<p>Walther Premium steel BBs, 4,5mm st\u00e5lrundkulor, 1500st<br \/>Guldf\u00e4rgade st\u00e5lrundkulor (Steel BBs) av h\u00f6g kvalite.<\/p>\n<p>Egenskaper<br \/>T\u00e4nk p\u00e5 att st\u00e5lrundkulor kan studsa tillbaka i h\u00f6g hastighet. Anv\u00e4nd alltid skyddsglas\u00f6gon<\/p>\n<p>Specifikationer<br \/>Kaliber: 4,5 (.177) Steel BB mm<br \/>Kulvikt: 0,36 g<br \/>Antal per f\u00f6rpackning: 1500 st<br \/>Form: Rundkula<br \/>Kulvikt: 5,4 grains<\/p>","protected":false},"excerpt":{"rendered":"<p>Walther Premium steel BBs, 4,5mm st\u00e5lrundkulor, 1500stGuldf\u00e4rgade st\u00e5lrundkulor (Steel BBs) av h\u00f6g kvalite. EgenskaperT\u00e4nk p\u00e5 att st\u00e5lrundkulor kan studsa tillbaka i h\u00f6g hastighet. Anv\u00e4nd alltid skyddsglas\u00f6gon SpecifikationerKaliber: 4,5 (.177) Steel BB mmKulvikt: 0,36 gAntal per f\u00f6rpackning: 1500 stForm: RundkulaKulvikt: 5,4 grains<\/p>","protected":false},"featured_media":18840,"template":"","meta":[],"product_brand":[],"product_cat":[461],"product_tag":[],"class_list":{"0":"post-18841","1":"product","2":"type-product","3":"status-publish","4":"has-post-thumbnail","6":"product_cat-45mm-airgun","7":"pa_brand-no-brand","9":"first","10":"outofstock","11":"sale","12":"taxable","13":"shipping-taxable","14":"purchasable","15":"product-type-simple"},"_links":{"self":[{"href":"https:\/\/ak47.nu\/en\/wp-json\/wp\/v2\/product\/18841","targetHints":{"allow":["GET"]}}],"collection":[{"href":"https:\/\/ak47.nu\/en\/wp-json\/wp\/v2\/product"}],"about":[{"href":"https:\/\/ak47.nu\/en\/wp-json\/wp\/v2\/types\/product"}],"wp:featuredmedia":[{"embeddable":true,"href":"https:\/\/ak47.nu\/en\/wp-json\/wp\/v2\/media\/18840"}],"wp:attachment":[{"href":"https:\/\/ak47.nu\/en\/wp-json\/wp\/v2\/media?parent=18841"}],"wp:term":[{"taxonomy":"product_brand","embeddable":true,"href":"https:\/\/ak47.nu\/en\/wp-json\/wp\/v2\/product_brand?post=18841"},{"taxonomy":"product_cat","embeddable":true,"href":"https:\/\/ak47.nu\/en\/wp-json\/wp\/v2\/product_cat?post=18841"},{"taxonomy":"product_tag","embeddable":true,"href":"https:\/\/ak47.nu\/en\/wp-json\/wp\/v2\/product_tag?post=18841"}],"curies":[{"name":"wp","href":"https:\/\/api.w.org\/{rel}","templated":true}]}}