{"id":18900,"date":"2022-05-06T14:14:44","date_gmt":"2022-05-06T12:14:44","guid":{"rendered":"https:\/\/ak47.nu\/produkt\/jsb-match-diabolo-jumbo-monster-5-5mm-200pcs\/"},"modified":"2025-12-03T19:47:55","modified_gmt":"2025-12-03T18:47:55","slug":"jsb-match-diabolo-jumbo-monster-5-5mm-200pcs","status":"publish","type":"product","link":"https:\/\/ak47.nu\/en\/product\/tillbehor-2\/ammo\/55mm-airgun\/jsb-match-diabolo-jumbo-monster-5-5mm-200pcs\/","title":{"rendered":"JSB Match Diabolo &#8211; Jumbo Monster 5.5mm 200pcs"},"content":{"rendered":"<p>Specifikationer<br \/>Kaliber: 5,5mm<br \/>Kulvikt: 1,645 g<br \/>Antal per f\u00f6rpackning: 200 st<br \/>Form: Spetsnos<br \/>Diameter: 5,5mm<br \/>Antal f\u00f6rpackningar i hel l\u00e5da: 50 st<br \/>Kaliber: .22<\/p>","protected":false},"excerpt":{"rendered":"<p>SpecifikationerKaliber: 5,5mmKulvikt: 1,645 gAntal per f\u00f6rpackning: 200 stForm: SpetsnosDiameter: 5,5mmAntal f\u00f6rpackningar i hel l\u00e5da: 50 stKaliber: .22<\/p>","protected":false},"featured_media":18899,"template":"","meta":[],"product_brand":[],"product_cat":[462],"product_tag":[],"class_list":{"0":"post-18900","1":"product","2":"type-product","3":"status-publish","4":"has-post-thumbnail","6":"product_cat-55mm-airgun","7":"pa_brand-jsb","9":"first","10":"outofstock","11":"taxable","12":"shipping-taxable","13":"purchasable","14":"product-type-simple"},"_links":{"self":[{"href":"https:\/\/ak47.nu\/en\/wp-json\/wp\/v2\/product\/18900","targetHints":{"allow":["GET"]}}],"collection":[{"href":"https:\/\/ak47.nu\/en\/wp-json\/wp\/v2\/product"}],"about":[{"href":"https:\/\/ak47.nu\/en\/wp-json\/wp\/v2\/types\/product"}],"wp:featuredmedia":[{"embeddable":true,"href":"https:\/\/ak47.nu\/en\/wp-json\/wp\/v2\/media\/18899"}],"wp:attachment":[{"href":"https:\/\/ak47.nu\/en\/wp-json\/wp\/v2\/media?parent=18900"}],"wp:term":[{"taxonomy":"product_brand","embeddable":true,"href":"https:\/\/ak47.nu\/en\/wp-json\/wp\/v2\/product_brand?post=18900"},{"taxonomy":"product_cat","embeddable":true,"href":"https:\/\/ak47.nu\/en\/wp-json\/wp\/v2\/product_cat?post=18900"},{"taxonomy":"product_tag","embeddable":true,"href":"https:\/\/ak47.nu\/en\/wp-json\/wp\/v2\/product_tag?post=18900"}],"curies":[{"name":"wp","href":"https:\/\/api.w.org\/{rel}","templated":true}]}}