{"id":18930,"date":"2022-05-06T14:15:04","date_gmt":"2022-05-06T12:15:04","guid":{"rendered":"https:\/\/ak47.nu\/produkt\/swiss-arms-airsoftkulor-6mm-020g-5000-bbs\/"},"modified":"2025-12-03T20:21:12","modified_gmt":"2025-12-03T19:21:12","slug":"swiss-arms-airsoftkulor-6mm-020g-5000-bbs","status":"publish","type":"product","link":"https:\/\/ak47.nu\/en\/product\/tillbehor-2\/ammo\/6mm-airsoft\/swiss-arms-airsoftkulor-6mm-020g-5000-bbs\/","title":{"rendered":"Swiss Arms &#8211; Airsoftkulor &#8211; 6mm &#8211; 0,20g &#8211; ~5000 BBs"},"content":{"rendered":"<p><strong>SWISS ARMS Vita Kulor 0,20gr, 1 kg P&aring;se<\/strong><\/p>\n<p>M&auml;rke: Swiss Arms<br \/>F&auml;rg: Vita<br \/>Kaliber: 6 mm<br \/>BB vikt: 0.20g<br \/>Biologiskt nedbrytbar: Ja<\/p>","protected":false},"excerpt":{"rendered":"<p>K\u00f6p Swiss Arms Airsoftkulor i 6mm och 0,20g &#8211; ca 5000 BBs. H\u00f6gkvalitativa kulor f\u00f6r airsoftvapen till ett f\u00f6rm\u00e5nligt pris. Best\u00e4ll idag f\u00f6r en optimal spelupplevelse.<\/p>","protected":false},"featured_media":18928,"template":"","meta":[],"product_brand":[],"product_cat":[459],"product_tag":[],"class_list":{"0":"post-18930","1":"product","2":"type-product","3":"status-publish","4":"has-post-thumbnail","6":"product_cat-6mm-airsoft","7":"pa_brand-swiss-arms","9":"first","10":"outofstock","11":"taxable","12":"shipping-taxable","13":"purchasable","14":"product-type-simple"},"_links":{"self":[{"href":"https:\/\/ak47.nu\/en\/wp-json\/wp\/v2\/product\/18930","targetHints":{"allow":["GET"]}}],"collection":[{"href":"https:\/\/ak47.nu\/en\/wp-json\/wp\/v2\/product"}],"about":[{"href":"https:\/\/ak47.nu\/en\/wp-json\/wp\/v2\/types\/product"}],"wp:featuredmedia":[{"embeddable":true,"href":"https:\/\/ak47.nu\/en\/wp-json\/wp\/v2\/media\/18928"}],"wp:attachment":[{"href":"https:\/\/ak47.nu\/en\/wp-json\/wp\/v2\/media?parent=18930"}],"wp:term":[{"taxonomy":"product_brand","embeddable":true,"href":"https:\/\/ak47.nu\/en\/wp-json\/wp\/v2\/product_brand?post=18930"},{"taxonomy":"product_cat","embeddable":true,"href":"https:\/\/ak47.nu\/en\/wp-json\/wp\/v2\/product_cat?post=18930"},{"taxonomy":"product_tag","embeddable":true,"href":"https:\/\/ak47.nu\/en\/wp-json\/wp\/v2\/product_tag?post=18930"}],"curies":[{"name":"wp","href":"https:\/\/api.w.org\/{rel}","templated":true}]}}