{"id":18937,"date":"2022-05-06T14:15:10","date_gmt":"2022-05-06T12:15:10","guid":{"rendered":"https:\/\/ak47.nu\/produkt\/bioval-vita-airsoftkulor-6mm-0-30gr-ca-3300-kulor\/"},"modified":"2025-12-03T20:21:07","modified_gmt":"2025-12-03T19:21:07","slug":"bioval-vita-airsoftkulor-6mm-0-30gr-ca-3300-kulor","status":"publish","type":"product","link":"https:\/\/ak47.nu\/en\/product\/tillbehor-2\/ammo\/6mm-airsoft\/bioval-vita-airsoftkulor-6mm-0-30gr-ca-3300-kulor\/","title":{"rendered":"Bioval \u2013 Vita airsoftkulor \u2013 6mm \u2013 0.30gr \u2013 Ca 3300 Kulor"},"content":{"rendered":"<p><strong>BIO Bioval Vita Kulor 0.30gr p&aring;se om 1 kg<\/strong><\/p>\n<p>M&auml;rke: Bioval<br \/>F&auml;rg: Vita<br \/>Kaliber: 6 mm<br \/>BB vikt: 0.30g<br \/>Biologiskt nedbrytbar: Ja<\/p>","protected":false},"excerpt":{"rendered":"<p>K\u00f6p bioval vita airsoftkulor i storlek 6mm och vikt 0.30gr. Vi erbjuder ca 3300 kulor av h\u00f6g kvalitet f\u00f6r din airsoftupplevelse.<\/p>","protected":false},"featured_media":18935,"template":"","meta":[],"product_brand":[],"product_cat":[459],"product_tag":[],"class_list":{"0":"post-18937","1":"product","2":"type-product","3":"status-publish","4":"has-post-thumbnail","6":"product_cat-6mm-airsoft","7":"pa_brand-bioval","9":"first","10":"outofstock","11":"taxable","12":"shipping-taxable","13":"purchasable","14":"product-type-simple"},"_links":{"self":[{"href":"https:\/\/ak47.nu\/en\/wp-json\/wp\/v2\/product\/18937","targetHints":{"allow":["GET"]}}],"collection":[{"href":"https:\/\/ak47.nu\/en\/wp-json\/wp\/v2\/product"}],"about":[{"href":"https:\/\/ak47.nu\/en\/wp-json\/wp\/v2\/types\/product"}],"wp:featuredmedia":[{"embeddable":true,"href":"https:\/\/ak47.nu\/en\/wp-json\/wp\/v2\/media\/18935"}],"wp:attachment":[{"href":"https:\/\/ak47.nu\/en\/wp-json\/wp\/v2\/media?parent=18937"}],"wp:term":[{"taxonomy":"product_brand","embeddable":true,"href":"https:\/\/ak47.nu\/en\/wp-json\/wp\/v2\/product_brand?post=18937"},{"taxonomy":"product_cat","embeddable":true,"href":"https:\/\/ak47.nu\/en\/wp-json\/wp\/v2\/product_cat?post=18937"},{"taxonomy":"product_tag","embeddable":true,"href":"https:\/\/ak47.nu\/en\/wp-json\/wp\/v2\/product_tag?post=18937"}],"curies":[{"name":"wp","href":"https:\/\/api.w.org\/{rel}","templated":true}]}}