{"id":18970,"date":"2022-05-06T14:15:29","date_gmt":"2022-05-06T12:15:29","guid":{"rendered":"https:\/\/ak47.nu\/produkt\/cybergun-airsoftkulor-6mm-ca-4000-kulor\/"},"modified":"2025-12-03T20:21:06","modified_gmt":"2025-12-03T19:21:06","slug":"cybergun-airsoftkulor-6mm-ca-4000-kulor","status":"publish","type":"product","link":"https:\/\/ak47.nu\/en\/product\/tillbehor-2\/ammo\/6mm-airsoft\/cybergun-airsoftkulor-6mm-ca-4000-kulor\/","title":{"rendered":"Cybergun &#8211; Airsoftkulor &#8211; 6mm &#8211; Ca 4000 Kulor"},"content":{"rendered":"<p><strong>BIO CYBERGUN Gr&ouml;na Kulor 0.25gr p&aring;se om 1 kg<\/strong><\/p>\n<p>M&auml;rke: Cybergun<br \/>F&auml;rg: Gr&ouml;na<br \/>Kaliber: 6 mm<br \/>BB vikt: 0.25g<br \/>Biologiskt nedbrytbar: Ja<\/p>","protected":false},"excerpt":{"rendered":"<p>K\u00f6p h\u00f6gkvalitativa 6mm Airsoftkulor fr\u00e5n Cybergun &#8211; Ca 4000 kulor tillg\u00e4ngliga. Perfekt f\u00f6r Airsoft-entusiaster. Best\u00e4ll nu f\u00f6r snabb leverans och \u00f6verl\u00e4gsen prestanda.<\/p>","protected":false},"featured_media":18968,"template":"","meta":[],"product_brand":[],"product_cat":[459],"product_tag":[],"class_list":{"0":"post-18970","1":"product","2":"type-product","3":"status-publish","4":"has-post-thumbnail","6":"product_cat-6mm-airsoft","7":"pa_brand-cybergun","9":"first","10":"outofstock","11":"taxable","12":"shipping-taxable","13":"purchasable","14":"product-type-simple"},"_links":{"self":[{"href":"https:\/\/ak47.nu\/en\/wp-json\/wp\/v2\/product\/18970","targetHints":{"allow":["GET"]}}],"collection":[{"href":"https:\/\/ak47.nu\/en\/wp-json\/wp\/v2\/product"}],"about":[{"href":"https:\/\/ak47.nu\/en\/wp-json\/wp\/v2\/types\/product"}],"wp:featuredmedia":[{"embeddable":true,"href":"https:\/\/ak47.nu\/en\/wp-json\/wp\/v2\/media\/18968"}],"wp:attachment":[{"href":"https:\/\/ak47.nu\/en\/wp-json\/wp\/v2\/media?parent=18970"}],"wp:term":[{"taxonomy":"product_brand","embeddable":true,"href":"https:\/\/ak47.nu\/en\/wp-json\/wp\/v2\/product_brand?post=18970"},{"taxonomy":"product_cat","embeddable":true,"href":"https:\/\/ak47.nu\/en\/wp-json\/wp\/v2\/product_cat?post=18970"},{"taxonomy":"product_tag","embeddable":true,"href":"https:\/\/ak47.nu\/en\/wp-json\/wp\/v2\/product_tag?post=18970"}],"curies":[{"name":"wp","href":"https:\/\/api.w.org\/{rel}","templated":true}]}}