{"id":19010,"date":"2022-05-06T14:17:20","date_gmt":"2022-05-06T12:17:20","guid":{"rendered":"https:\/\/ak47.nu\/produkt\/range-solutions-paper-targets-100-pcs-nt-23p-mini-shooting-targets\/"},"modified":"2025-08-21T11:02:52","modified_gmt":"2025-08-21T09:02:52","slug":"range-solutions-nt-23p-mini-shooting-targets-100-pcs","status":"publish","type":"product","link":"https:\/\/ak47.nu\/en\/product\/tillbehor-2\/maltavlor\/range-solutions-nt-23p-mini-shooting-targets-100-pcs\/","title":{"rendered":"RANGE SOLUTIONS NT-23P Mini Targets | 100 Pcs"},"content":{"rendered":"<h1>RANGE SOLUTIONS - PAPER TARGETS - 100 PCS - NT-23P Mini Shooting Targets<\/h1>\n<h2>NT-23P Mini Soldier Silhouette Shooting Target<\/h2>\n<p>NT-23P mini shooting targets are a small version of a target used by the Polish Army, e.g., during Target Practice 1 Soldier Silhouette. The targets have been printed on offset 80 g paper. Practice your accuracy and skill with these targets, perfect for both beginners and experienced shooters looking to improve their marksmanship. Each pack contains 100 targets, ensuring you have ample practice material.<\/p>\n<h3>Parameters:<\/h3>\n<ul>\n <li>Art paper<\/li>\n <li>Sheet dimensions: 18 x 20 cm<\/li>\n <li>Comes in flat packs containing 100 targets<\/li>\n<\/ul>\n<p>These <a href=\"https:\/\/ak47.nu\/en\/shop-2\/\">shooting targets<\/a> are ideal for the shooting range or private training. Sharpen your precision and test your skills with these high-quality targets. Improve your shooting technique and accuracy with these reliable targets. Visit our <a href=\"https:\/\/ak47.nu\/en\/tillbehor-2\/maltavlor\/\">shooting targets category<\/a> to explore more options. For more information about our products, visit <a href=\"https:\/\/ak47.nu\/en\/\">our website<\/a>.<\/p>","protected":false},"excerpt":{"rendered":"<p>K\u00f6p RANGE SOLUTIONS pappersm\u00e5l &#8211; 100 st &#8211; NT-23P Mini skjutm\u00e5l. Perfekta m\u00e5l f\u00f6r skytte. K\u00f6p nu och f\u00f6rb\u00e4ttra din tr\u00e4ffs\u00e4kerhet!<\/p>","protected":false},"featured_media":19009,"template":"","meta":[],"product_brand":[],"product_cat":[474,450],"product_tag":[],"class_list":{"0":"post-19010","1":"product","2":"type-product","3":"status-publish","4":"has-post-thumbnail","6":"product_cat-maltavlor","7":"product_cat-tillbehor-2","8":"pa_brand-range-solutions","9":"pa_farg-gron","11":"first","12":"outofstock","13":"sale","14":"taxable","15":"shipping-taxable","16":"purchasable","17":"product-type-simple"},"_links":{"self":[{"href":"https:\/\/ak47.nu\/en\/wp-json\/wp\/v2\/product\/19010","targetHints":{"allow":["GET"]}}],"collection":[{"href":"https:\/\/ak47.nu\/en\/wp-json\/wp\/v2\/product"}],"about":[{"href":"https:\/\/ak47.nu\/en\/wp-json\/wp\/v2\/types\/product"}],"wp:featuredmedia":[{"embeddable":true,"href":"https:\/\/ak47.nu\/en\/wp-json\/wp\/v2\/media\/19009"}],"wp:attachment":[{"href":"https:\/\/ak47.nu\/en\/wp-json\/wp\/v2\/media?parent=19010"}],"wp:term":[{"taxonomy":"product_brand","embeddable":true,"href":"https:\/\/ak47.nu\/en\/wp-json\/wp\/v2\/product_brand?post=19010"},{"taxonomy":"product_cat","embeddable":true,"href":"https:\/\/ak47.nu\/en\/wp-json\/wp\/v2\/product_cat?post=19010"},{"taxonomy":"product_tag","embeddable":true,"href":"https:\/\/ak47.nu\/en\/wp-json\/wp\/v2\/product_tag?post=19010"}],"curies":[{"name":"wp","href":"https:\/\/api.w.org\/{rel}","templated":true}]}}