{"id":19093,"date":"2022-05-06T14:18:20","date_gmt":"2022-05-06T12:18:20","guid":{"rendered":"https:\/\/ak47.nu\/produkt\/colt-45-peacemaker-replica-475-gift-set\/"},"modified":"2025-12-03T19:42:51","modified_gmt":"2025-12-03T18:42:51","slug":"colt-45-peacemaker-replica-475-gift-set","status":"publish","type":"product","link":"https:\/\/ak47.nu\/en\/product\/replikor\/revolvrar-replikor\/colt-45-peacemaker-replica-475-gift-set\/","title":{"rendered":"Colt .45 Peacemaker Replica 4.75\" Gift Set | DENIX"},"content":{"rendered":"<h1>Colt .45 Peacemaker Replica 4.75\" Gift Set<\/h1>\n<h2>Authentic Replica of the Legendary Colt Peacemaker<\/h2>\n<p>Gift version with 6 bullets and a beautiful gift box. An excellent gift for collectors and Western history enthusiasts! This replica is a detailed reproduction of the famous Colt .45 Peacemaker revolver, also known as the Single Action Army (SAA). This 4.75\" version is made of metal and wood and features a simulated loading and firing mechanism, as well as a rotating drum.<\/p>\n<h3>Historical Significance<\/h3>\n<p>The Peacemaker revolver was designed by Samuel Colt in 1873 and manufactured in various barrel lengths: the short 4.75-inch version, the longer 5.5- and 7.5-inch versions, and the impressive 12-inch \"Buntline Special.\" Initially, this weapon was used by the US Army, but within a few years, most American citizens acquired one of these revolvers. The fact that it used ammunition of the same caliber as the Winchester M1873 rifle helped popularize it as a short weapon in the old North American West during the late nineteenth century.<\/p>\n<h3>Nicknames and Mythification<\/h3>\n<p>This revolver has received numerous nicknames, such as Peacemaker, Frontier, and Widowmaker, referring to how easily this revolver turned women into widows during that time. The film industry mythified the \"Peacemaker\" in Western movies of the 40s and 50s, associating it with major stars like John Wayne and Gary Cooper. Even Roosevelt had one with his initials engraved, and George S. Patton used two. Feel like a great Western hero with this accurate DENIX replica! <a href=\"https:\/\/ak47.nu\/en\/\">Explore our range of replicas<\/a> and find your favorite today.<\/p>\n<ul>\n    <li>Replica of the Colt .45 Peacemaker<\/li>\n    <li>4.75-inch version<\/li>\n    <li>Made of metal and wood<\/li>\n    <li>Simulated loading and firing mechanism<\/li>\n    <li>Rotating drum<\/li>\n    <li>Includes 6 replica bullets<\/li>\n    <li>Comes in a gift box<\/li>\n<\/ul>\n<p>Complete your collection with this iconic <a href=\"https:\/\/ak47.nu\/en\/replikor\/\">weapon replica<\/a>. Perfect for display or as a unique gift. <a href=\"https:\/\/ak47.nu\/en\/shop-2\/\">Buy now<\/a> and experience a touch of history!<\/p>","protected":false},"excerpt":{"rendered":"<p>K\u00f6p det exklusiva Colt .45 Peacemaker Replica 4,75&#8243; Gift set online. Perfekt som present eller samlarobjekt. F\u00e5 en autentisk k\u00e4nsla av det vilda v\u00e4stern med denna detaljerade replika. Best\u00e4ll nu f\u00f6r snabb leverans och njut av den historiska charm och kvalitet som detta gift set erbjuder.<\/p>","protected":false},"featured_media":19087,"template":"","meta":[],"product_brand":[],"product_cat":[443],"product_tag":[],"class_list":{"0":"post-19093","1":"product","2":"type-product","3":"status-publish","4":"has-post-thumbnail","6":"product_cat-revolvrar-replikor","7":"pa_brand-denix","9":"first","10":"outofstock","11":"sale","12":"taxable","13":"shipping-taxable","14":"purchasable","15":"product-type-simple"},"_links":{"self":[{"href":"https:\/\/ak47.nu\/en\/wp-json\/wp\/v2\/product\/19093","targetHints":{"allow":["GET"]}}],"collection":[{"href":"https:\/\/ak47.nu\/en\/wp-json\/wp\/v2\/product"}],"about":[{"href":"https:\/\/ak47.nu\/en\/wp-json\/wp\/v2\/types\/product"}],"wp:featuredmedia":[{"embeddable":true,"href":"https:\/\/ak47.nu\/en\/wp-json\/wp\/v2\/media\/19087"}],"wp:attachment":[{"href":"https:\/\/ak47.nu\/en\/wp-json\/wp\/v2\/media?parent=19093"}],"wp:term":[{"taxonomy":"product_brand","embeddable":true,"href":"https:\/\/ak47.nu\/en\/wp-json\/wp\/v2\/product_brand?post=19093"},{"taxonomy":"product_cat","embeddable":true,"href":"https:\/\/ak47.nu\/en\/wp-json\/wp\/v2\/product_cat?post=19093"},{"taxonomy":"product_tag","embeddable":true,"href":"https:\/\/ak47.nu\/en\/wp-json\/wp\/v2\/product_tag?post=19093"}],"curies":[{"name":"wp","href":"https:\/\/api.w.org\/{rel}","templated":true}]}}