{"id":19110,"date":"2022-05-06T14:18:29","date_gmt":"2022-05-06T12:18:29","guid":{"rendered":"https:\/\/ak47.nu\/produkt\/replica-of-american-confederate-lemat-revolver-1855\/"},"modified":"2025-12-03T19:31:51","modified_gmt":"2025-12-03T18:31:51","slug":"replica-of-american-confederate-lemat-revolver-1855","status":"publish","type":"product","link":"https:\/\/ak47.nu\/en\/product\/replikor\/revolvrar-replikor\/replica-of-american-confederate-lemat-revolver-1855\/","title":{"rendered":"R\u00e9plique du Revolver LeMat 1855"},"content":{"rendered":"<h1>R\u00e9plique du Revolver Conf\u00e9d\u00e9r\u00e9 Am\u00e9ricain LeMat 1855<\/h1><h2>R\u00e9plique du Revolver Conf\u00e9d\u00e9r\u00e9 LeMat<\/h2><p>R\u00e9plique du revolver LeMat conf\u00e9d\u00e9r\u00e9 de la guerre de S\u00e9cession am\u00e9ricaine, USA 1855. Cette r\u00e9plique capture l'essence du <a href=\"https:\/\/ak47.nu\/en\/replikor\/\">revolver<\/a> historique utilis\u00e9 pendant la guerre de S\u00e9cession am\u00e9ricaine. Le revolver LeMat \u00e9tait un <a href=\"https:\/\/ak47.nu\/en\/shop-2\/\">revolver<\/a> \u00e0 poudre noire \u00e0 capsule et \u00e0 balle de calibre .42 ou .36, invent\u00e9 par le Dr Jean Alexandre LeMat de la Nouvelle-Orl\u00e9ans, qui comportait un canon \u00e0 \u00e2me lisse secondaire de calibre 16 plut\u00f4t inhabituel capable de tirer du buckshot, et a \u00e9t\u00e9 utilis\u00e9 par les forces arm\u00e9es des \u00c9tats conf\u00e9d\u00e9r\u00e9s d'Am\u00e9rique pendant la guerre de S\u00e9cession am\u00e9ricaine de 1861 \u00e0 1865. Cette r\u00e9plique d\u00e9taill\u00e9e honore la conception et la fonctionnalit\u00e9 de l'original. Vous pouvez trouver plus de <a href=\"https:\/\/ak47.nu\/en\/shop-2\/\">r\u00e9pliques d'armes \u00e0 feu<\/a> dans notre gamme.<\/p><p>Cette r\u00e9plique du revolver LeMat mesure 37 cm de long et p\u00e8se 1 475 g, ce qui refl\u00e8te la construction robuste de l'original. La conception sp\u00e9ciale avec le canon de fusil secondaire a fait du revolver LeMat une arme polyvalente \u00e0 son \u00e9poque. Parfait pour les collectionneurs et les passionn\u00e9s d'histoire qui cherchent \u00e0 poss\u00e9der un morceau de l'histoire am\u00e9ricaine. Consultez notre gamme de <a href=\"https:\/\/ak47.nu\/en\/\">r\u00e9pliques historiques<\/a> d\u00e8s aujourd'hui\u00a0!<\/p><ul><li>Dimensions : 37 cm<\/li><li>Poids\u00a0: 1\u00a0475\u00a0g<\/li><\/ul>","protected":false},"excerpt":{"rendered":"<p>R\u00e9plique du Revolver Conf\u00e9d\u00e9r\u00e9 Am\u00e9ricain LeMat 1855R\u00e9plique du Revolver Conf\u00e9d\u00e9r\u00e9 LeMatR\u00e9plique du revolver LeMat conf\u00e9d\u00e9r\u00e9 de la guerre de S\u00e9cession am\u00e9ricaine, USA 1855. Cette r\u00e9plique capture l&#8217;essence du revolver historique utilis\u00e9 pendant la guerre de S\u00e9cession am\u00e9ricaine. Le revolver LeMat \u00e9tait un revolver \u00e0 poudre noire \u00e0 capsule et \u00e0 balle de calibre .42 ou [&#8230;]","protected":false},"featured_media":19104,"template":"","meta":[],"product_brand":[],"product_cat":[443],"product_tag":[],"class_list":{"0":"post-19110","1":"product","2":"type-product","3":"status-publish","4":"has-post-thumbnail","6":"product_cat-revolvrar-replikor","7":"pa_brand-denix","8":"pa_farg-svart","10":"first","11":"outofstock","12":"sale","13":"taxable","14":"shipping-taxable","15":"purchasable","16":"product-type-simple"},"_links":{"self":[{"href":"https:\/\/ak47.nu\/en\/wp-json\/wp\/v2\/product\/19110","targetHints":{"allow":["GET"]}}],"collection":[{"href":"https:\/\/ak47.nu\/en\/wp-json\/wp\/v2\/product"}],"about":[{"href":"https:\/\/ak47.nu\/en\/wp-json\/wp\/v2\/types\/product"}],"wp:featuredmedia":[{"embeddable":true,"href":"https:\/\/ak47.nu\/en\/wp-json\/wp\/v2\/media\/19104"}],"wp:attachment":[{"href":"https:\/\/ak47.nu\/en\/wp-json\/wp\/v2\/media?parent=19110"}],"wp:term":[{"taxonomy":"product_brand","embeddable":true,"href":"https:\/\/ak47.nu\/en\/wp-json\/wp\/v2\/product_brand?post=19110"},{"taxonomy":"product_cat","embeddable":true,"href":"https:\/\/ak47.nu\/en\/wp-json\/wp\/v2\/product_cat?post=19110"},{"taxonomy":"product_tag","embeddable":true,"href":"https:\/\/ak47.nu\/en\/wp-json\/wp\/v2\/product_tag?post=19110"}],"curies":[{"name":"wp","href":"https:\/\/api.w.org\/{rel}","templated":true}]}}