{"id":19115,"date":"2022-05-06T14:18:32","date_gmt":"2022-05-06T12:18:32","guid":{"rendered":"https:\/\/ak47.nu\/produkt\/walther-ppk-replica\/"},"modified":"2025-12-03T19:24:48","modified_gmt":"2025-12-03T18:24:48","slug":"walther-ppk-replica","status":"publish","type":"product","link":"https:\/\/ak47.nu\/en\/product\/replikor\/pistoler-replikor\/walther-ppk-replica\/","title":{"rendered":"Walther PPK Replica | DENIX"},"content":{"rendered":"<h1>Walther PPK Replica<\/h1>\n<h2>Iconic replica of a classic pistol<\/h2>\n<p>Replica of the legendary Walther PPK, a classic German pistol. This replica pays homage to the famous Polizeipistole K, known as PPK. This model is a well-known replica of the German 7.65mm classic.<\/p>\n<h3>Historical significance<\/h3>\n<p>This pistol was popular among German officers during World War II. The Walther PPK was the first manufactured semi-automatic pistol that could be carried with a round in the chamber without the risk of accidental firing, an important safety feature for the time. The \"soft\" recoil contributed to the weapon's popularity in the later part of the 20th century and was often preferred by Western secret services.<\/p>\n<h3>The James Bond pistol<\/h3>\n<p>The pistol became really famous through the film world, especially as James Bond 007's weapon of choice. This has given it the nickname \"James Bond\" pistol. This replica is made of metal and has a working mechanism for added realism.<\/p>\n<ul>\n <li>Replica of Walther PPK<\/li>\n <li>Made of metal<\/li>\n <li>Working mechanism<\/li>\n <li>Known from the James Bond films<\/li>\n<\/ul>\n<p>Explore our selection of other <a href=\"https:\/\/ak47.nu\/en\/shop-2\/\">replica weapons<\/a> to expand your collection. Visit our <a href=\"https:\/\/ak47.nu\/en\/replikor\/pistoler-replikor\/\">weapons category<\/a> to see our full range. For more information about our products, visit <a href=\"https:\/\/ak47.nu\/en\/\">our website<\/a>.<\/p>","protected":false},"excerpt":{"rendered":"<p>K\u00f6p en autentisk Walther PPK-replika online &#8211; Perfekt f\u00f6r samlare och entusiaster. Utforska v\u00e5rt breda utbud av h\u00f6gkvalitativa och detaljerade Walther PPK-replikor till f\u00f6rm\u00e5nliga priser. Best\u00e4ll nu f\u00f6r att l\u00e4gga till en touch av elegans och autenticitet till din samling.<\/p>","protected":false},"featured_media":19114,"template":"","meta":[],"product_brand":[],"product_cat":[442],"product_tag":[],"class_list":{"0":"post-19115","1":"product","2":"type-product","3":"status-publish","4":"has-post-thumbnail","6":"product_cat-pistoler-replikor","7":"pa_brand-denix","9":"first","10":"outofstock","11":"taxable","12":"shipping-taxable","13":"purchasable","14":"product-type-simple"},"_links":{"self":[{"href":"https:\/\/ak47.nu\/en\/wp-json\/wp\/v2\/product\/19115","targetHints":{"allow":["GET"]}}],"collection":[{"href":"https:\/\/ak47.nu\/en\/wp-json\/wp\/v2\/product"}],"about":[{"href":"https:\/\/ak47.nu\/en\/wp-json\/wp\/v2\/types\/product"}],"wp:featuredmedia":[{"embeddable":true,"href":"https:\/\/ak47.nu\/en\/wp-json\/wp\/v2\/media\/19114"}],"wp:attachment":[{"href":"https:\/\/ak47.nu\/en\/wp-json\/wp\/v2\/media?parent=19115"}],"wp:term":[{"taxonomy":"product_brand","embeddable":true,"href":"https:\/\/ak47.nu\/en\/wp-json\/wp\/v2\/product_brand?post=19115"},{"taxonomy":"product_cat","embeddable":true,"href":"https:\/\/ak47.nu\/en\/wp-json\/wp\/v2\/product_cat?post=19115"},{"taxonomy":"product_tag","embeddable":true,"href":"https:\/\/ak47.nu\/en\/wp-json\/wp\/v2\/product_tag?post=19115"}],"curies":[{"name":"wp","href":"https:\/\/api.w.org\/{rel}","templated":true}]}}