{"id":19122,"date":"2022-05-06T14:18:36","date_gmt":"2022-05-06T12:18:36","guid":{"rendered":"https:\/\/ak47.nu\/produkt\/walther-p38-replica\/"},"modified":"2025-12-03T12:49:01","modified_gmt":"2025-12-03T11:49:01","slug":"walther-p38-replica","status":"publish","type":"product","link":"https:\/\/ak47.nu\/en\/product\/replikor\/pistoler-replikor\/walther-p38-replica\/","title":{"rendered":"Walther P38 Replica | DENIX"},"content":{"rendered":"<h1>Walther P38 Replica<\/h1>\n<h2>Historical Replica of the Walther P38<\/h2>\n<p>The Walther P38, a 9mm caliber pistol, was developed by Walther at the beginning of World War II as a service weapon for the German Wehrmacht. The basis for the Walther P38 was the Walther MPP, manufactured since 1929 for the German police. It was developed in 1938 partly to replace the previous service weapon, the Luger P08, which was too expensive to produce.<\/p>\n<h3>Product Information<\/h3>\n<ul>\n<li>Length: 25 cm<\/li>\n<li>Weight: 900 g<\/li>\n<\/ul>\n<p>Our replicas are license-free and cannot be made live. Stylish and cool as decoration!<\/p>\n<p>This Walther P38 replica is perfect for collectors and history enthusiasts. <a href=\"https:\/\/ak47.nu\/en\/shop-2\/\">Check out our range of replicas<\/a> to find more interesting models. <a href=\"https:\/\/ak47.nu\/en\/replikor\/pistoler-replikor\/\">Explore the replica weapons category<\/a> to discover similar products. Visit our <a href=\"https:\/\/ak47.nu\/en\/\">homepage<\/a> to see our full range.<\/p>","protected":false},"excerpt":{"rendered":"<p>Hitta den b\u00e4sta Walther P38 replikan &#8211; En detaljerad \u00f6versikt och recension f\u00f6r vapenentusiaster. Utforska v\u00e5rt sortiment av h\u00f6gkvalitativa Walther P38 replikor och f\u00e5 insikter om deras design, prestanda och tillg\u00e4ngliga alternativ. Vi erbjuder en omfattande guide f\u00f6r att hj\u00e4lpa dig att v\u00e4lja r\u00e4tt replika f\u00f6r dina behov. L\u00e4s mer nu!<\/p>","protected":false},"featured_media":19121,"template":"","meta":[],"product_brand":[],"product_cat":[442],"product_tag":[],"class_list":{"0":"post-19122","1":"product","2":"type-product","3":"status-publish","4":"has-post-thumbnail","6":"product_cat-pistoler-replikor","7":"pa_brand-denix","9":"first","10":"outofstock","11":"taxable","12":"shipping-taxable","13":"purchasable","14":"product-type-simple"},"_links":{"self":[{"href":"https:\/\/ak47.nu\/en\/wp-json\/wp\/v2\/product\/19122","targetHints":{"allow":["GET"]}}],"collection":[{"href":"https:\/\/ak47.nu\/en\/wp-json\/wp\/v2\/product"}],"about":[{"href":"https:\/\/ak47.nu\/en\/wp-json\/wp\/v2\/types\/product"}],"wp:featuredmedia":[{"embeddable":true,"href":"https:\/\/ak47.nu\/en\/wp-json\/wp\/v2\/media\/19121"}],"wp:attachment":[{"href":"https:\/\/ak47.nu\/en\/wp-json\/wp\/v2\/media?parent=19122"}],"wp:term":[{"taxonomy":"product_brand","embeddable":true,"href":"https:\/\/ak47.nu\/en\/wp-json\/wp\/v2\/product_brand?post=19122"},{"taxonomy":"product_cat","embeddable":true,"href":"https:\/\/ak47.nu\/en\/wp-json\/wp\/v2\/product_cat?post=19122"},{"taxonomy":"product_tag","embeddable":true,"href":"https:\/\/ak47.nu\/en\/wp-json\/wp\/v2\/product_tag?post=19122"}],"curies":[{"name":"wp","href":"https:\/\/api.w.org\/{rel}","templated":true}]}}