{"id":19141,"date":"2022-05-06T14:18:41","date_gmt":"2022-05-06T12:18:41","guid":{"rendered":"https:\/\/ak47.nu\/produkt\/replika-denix-walther-ppk-guld-fungerande-mekanism\/"},"modified":"2025-12-03T20:12:37","modified_gmt":"2025-12-03T19:12:37","slug":"replica-denix-walther-ppk-gold-functional-mechanism","status":"publish","type":"product","link":"https:\/\/ak47.nu\/en\/product\/replikor\/pistoler-replikor\/replica-denix-walther-ppk-gold-functional-mechanism\/","title":{"rendered":"Walther PPK Gold Replica | DENIX Functional Mechanism"},"content":{"rendered":"<h1>REPLICA - DENIX - WALTHER PPK - GOLD - FUNCTIONAL MECHANISM<\/h1>\n<h2>Iconic gold-plated replica of Walther PPK<\/h2>\n<p>Experience a piece of history with this detailed replica of the Walther PPK, one of the most iconic early automatic pistols produced since 1929. Recognizable from James Bond films, it has been adopted by police and military forces in over 30 countries. This replica honors the legendary status of the Walther PPK, including its use during World War II.<\/p>\n<p>This model features beautiful, imitation gold plating and a plastic imitation pearl handle, giving it an extra elegant appearance. Perfect for collectors and history enthusiasts. Please note that this is a replica that cannot be made sharp or fire projectiles. It is intended for decorative purposes only and for recreating scenes in controlled environments such as theater and film. Carrying the replica in public may be dangerous and punishable by law.<\/p>\n<p><strong>Important:<\/strong> You must be over 18 to purchase this replica.  See our selection of <a href=\"https:\/\/ak47.nu\/en\/shop-2\/\">replica weapons<\/a>.<\/p>\n<h3>Features:<\/h3>\n<ul>\n <li>Imitation gold plating for an elegant look<\/li>\n <li>Imitation pearl handle in plastic<\/li>\n <li>Functional slide mechanism<\/li>\n <li>Functional trigger<\/li>\n <li>Functional magazine that can be inserted and removed<\/li>\n <li>Made of Zamak<\/li>\n <li>For decorative purposes only<\/li>\n<\/ul>\n<p>Visit our <a href=\"https:\/\/ak47.nu\/en\/\">home page<\/a> to see our full range of collectibles. Explore our <a href=\"https:\/\/ak47.nu\/en\/replikor\/pistoler-replikor\/\">weapon replica category<\/a> for more similar products.<\/p>","protected":false},"excerpt":{"rendered":"<p>Hitta REPLIKA DENIX Walther PPK i guld med fungerande mekanism &#8211; b\u00e4sta priset online. K\u00f6p nu och f\u00e5 en autentisk och p\u00e5litlig replika av den ikoniska Walther PPK-pistolen i en elegant guldutf\u00f6rande.<\/p>","protected":false},"featured_media":19130,"template":"","meta":[],"product_brand":[],"product_cat":[442],"product_tag":[],"class_list":{"0":"post-19141","1":"product","2":"type-product","3":"status-publish","4":"has-post-thumbnail","6":"product_cat-pistoler-replikor","7":"pa_brand-denix","8":"pa_farg-guld","10":"first","11":"outofstock","12":"sale","13":"taxable","14":"shipping-taxable","15":"purchasable","16":"product-type-simple"},"_links":{"self":[{"href":"https:\/\/ak47.nu\/en\/wp-json\/wp\/v2\/product\/19141","targetHints":{"allow":["GET"]}}],"collection":[{"href":"https:\/\/ak47.nu\/en\/wp-json\/wp\/v2\/product"}],"about":[{"href":"https:\/\/ak47.nu\/en\/wp-json\/wp\/v2\/types\/product"}],"wp:featuredmedia":[{"embeddable":true,"href":"https:\/\/ak47.nu\/en\/wp-json\/wp\/v2\/media\/19130"}],"wp:attachment":[{"href":"https:\/\/ak47.nu\/en\/wp-json\/wp\/v2\/media?parent=19141"}],"wp:term":[{"taxonomy":"product_brand","embeddable":true,"href":"https:\/\/ak47.nu\/en\/wp-json\/wp\/v2\/product_brand?post=19141"},{"taxonomy":"product_cat","embeddable":true,"href":"https:\/\/ak47.nu\/en\/wp-json\/wp\/v2\/product_cat?post=19141"},{"taxonomy":"product_tag","embeddable":true,"href":"https:\/\/ak47.nu\/en\/wp-json\/wp\/v2\/product_tag?post=19141"}],"curies":[{"name":"wp","href":"https:\/\/api.w.org\/{rel}","templated":true}]}}