{"id":19186,"date":"2022-05-06T14:18:57","date_gmt":"2022-05-06T12:18:57","guid":{"rendered":"https:\/\/ak47.nu\/produkt\/replica-pistol-m1911-a1-black-1312-4120\/"},"modified":"2025-12-03T19:24:56","modified_gmt":"2025-12-03T18:24:56","slug":"replica-pistol-m1911-a1-black-1312-4120","status":"publish","type":"product","link":"https:\/\/ak47.nu\/en\/product\/replikor\/pistoler-replikor\/replica-pistol-m1911-a1-black-1312-4120\/","title":{"rendered":"R\u00e9plique Pistolet M1911 A1 Noir | Denix"},"content":{"rendered":"<h1>R\u00e9plique Pistolet M1911 A1 Noir<\/h1>\n<h2>Revivez les plus grandes batailles de l'histoire<\/h2>\n<p>Ce pistolet r\u00e9plique M1911 A1 noir vous permet de revivre certaines des batailles les plus c\u00e9l\u00e8bres de l'histoire. Fabriqu\u00e9 en m\u00e9tal et avec des poign\u00e9es en plastique, il est dot\u00e9 d'un m\u00e9canisme de chargement et de tir simul\u00e9, de boutons de s\u00e9curit\u00e9 fonctionnels, d'un canon amovible et d'un chargeur amovible. Cette r\u00e9plique d\u00e9taill\u00e9e capture l'essence du pistolet l\u00e9gendaire. D\u00e9couvrez notre s\u00e9lection d'<a href=\"https:\/\/ak47.nu\/en\/shop-2\/\">armes de reproduction authentiques<\/a> pour compl\u00e9ter votre collection.\n<\/p>\n<p>Le M1911 est un pistolet semi-automatique robuste, fiable et \u00e0 action simple, fonctionnant par recul direct et aliment\u00e9 par des cartouches de calibre .45. Con\u00e7u par John M. Browning pour un usage militaire, il a \u00e9t\u00e9 largement utilis\u00e9 pendant la Premi\u00e8re Guerre mondiale, la Seconde Guerre mondiale, la guerre de Cor\u00e9e et la guerre du Vietnam. Explorez notre large gamme d'<a href=\"https:\/\/ak47.nu\/en\/replikor\/pistoler-replikor\/\">armes \u00e0 feu de reproduction<\/a> pour trouver des produits similaires.\n<\/p>\n<h3>Caract\u00e9ristiques et avantages<\/h3>\n<ul>\n <li><b>Conception r\u00e9aliste :<\/b> Fabriqu\u00e9 en m\u00e9tal et avec des poign\u00e9es en plastique pour une sensation authentique.<\/li>\n <li><b>M\u00e9canisme simul\u00e9 :<\/b> D\u00e9couvrez un m\u00e9canisme de chargement et de tir simul\u00e9.<\/li>\n <li><b>Boutons de s\u00e9curit\u00e9 fonctionnels :<\/b> Am\u00e9liore le r\u00e9alisme et la s\u00e9curit\u00e9.<\/li>\n <li><b>Canon et chargeur amovibles :<\/b> Augmente les d\u00e9tails et l'interaction.<\/li>\n<\/ul>\n<p>Officiellement accept\u00e9 comme arme statutaire des forces arm\u00e9es am\u00e9ricaines le 29 mars 1911, il est rest\u00e9 en service continu jusqu'en 1985. Bien que remplac\u00e9 par le pistolet Beretta, certaines variantes sont encore en production et utilis\u00e9es par les forces sp\u00e9ciales, la marine et le corps des Marines. Apprenez-en davantage sur notre entreprise et notre engagement envers les r\u00e9pliques de qualit\u00e9 sur notre <a href=\"https:\/\/ak47.nu\/en\/\">page d'accueil<\/a>.\n<\/p>\n<p>Procurez-vous votre propre r\u00e9plique de ce c\u00e9l\u00e8bre pistolet et revivez les plus grandes batailles de l'histoire ! La r\u00e9plique Denix du M1911 est parfaite pour les collectionneurs et les passionn\u00e9s d'histoire. Ne manquez pas la chance de poss\u00e9der un morceau d'histoire. Consultez notre s\u00e9lection de <a href=\"https:\/\/ak47.nu\/en\/shop-2\/\">fusils r\u00e9pliques<\/a> pour \u00e9largir votre collection.<\/p>","protected":false},"excerpt":{"rendered":"<p>R\u00e9plique Pistolet M1911 A1 Noir Revivez les plus grandes batailles de l&#8217;histoire Ce pistolet r\u00e9plique M1911 A1 noir vous permet de revivre certaines des batailles les plus c\u00e9l\u00e8bres de l&#8217;histoire. Fabriqu\u00e9 en m\u00e9tal et avec des poign\u00e9es en plastique, il est dot\u00e9 d&#8217;un m\u00e9canisme de chargement et de tir simul\u00e9, de boutons de s\u00e9curit\u00e9 fonctionnels, [&#8230;]","protected":false},"featured_media":19174,"template":"","meta":[],"product_brand":[],"product_cat":[442],"product_tag":[],"class_list":{"0":"post-19186","1":"product","2":"type-product","3":"status-publish","4":"has-post-thumbnail","6":"product_cat-pistoler-replikor","7":"pa_brand-denix","9":"first","10":"outofstock","11":"sale","12":"taxable","13":"shipping-taxable","14":"purchasable","15":"product-type-simple"},"_links":{"self":[{"href":"https:\/\/ak47.nu\/en\/wp-json\/wp\/v2\/product\/19186","targetHints":{"allow":["GET"]}}],"collection":[{"href":"https:\/\/ak47.nu\/en\/wp-json\/wp\/v2\/product"}],"about":[{"href":"https:\/\/ak47.nu\/en\/wp-json\/wp\/v2\/types\/product"}],"wp:featuredmedia":[{"embeddable":true,"href":"https:\/\/ak47.nu\/en\/wp-json\/wp\/v2\/media\/19174"}],"wp:attachment":[{"href":"https:\/\/ak47.nu\/en\/wp-json\/wp\/v2\/media?parent=19186"}],"wp:term":[{"taxonomy":"product_brand","embeddable":true,"href":"https:\/\/ak47.nu\/en\/wp-json\/wp\/v2\/product_brand?post=19186"},{"taxonomy":"product_cat","embeddable":true,"href":"https:\/\/ak47.nu\/en\/wp-json\/wp\/v2\/product_cat?post=19186"},{"taxonomy":"product_tag","embeddable":true,"href":"https:\/\/ak47.nu\/en\/wp-json\/wp\/v2\/product_tag?post=19186"}],"curies":[{"name":"wp","href":"https:\/\/api.w.org\/{rel}","templated":true}]}}