{"id":19273,"date":"2022-05-06T14:20:26","date_gmt":"2022-05-06T12:20:26","guid":{"rendered":"https:\/\/ak47.nu\/produkt\/replica-of-pattern-1861-enfield-musketoon-england-1861\/"},"modified":"2025-12-03T19:46:51","modified_gmt":"2025-12-03T18:46:51","slug":"replica-enfield-musketoon-1861","status":"publish","type":"product","link":"https:\/\/ak47.nu\/en\/product\/replikor\/gevar-replicas\/replica-enfield-musketoon-1861\/","title":{"rendered":"Replica of Enfield Musketoon 1861 | DENIX"},"content":{"rendered":"<h1>Replica of Pattern 1861 Enfield Musketoon, England 1861<\/h1>\n<h2>Authentic Reproduction of an English Carbine from 1861<\/h2>\n<p>Relive history with this detailed replica of an English carbine from 1861. Made of metal and wood, it faithfully recreates the look and feel of the original, including a simulated mechanism for loading and firing. Perfect for collectors and history enthusiasts.  Explore our selection of <a href=\"https:\/\/ak47.nu\/en\/shop-2\/\">other replica rifles<\/a> today!<\/p>\n<h3>Enfield 1861: The Choice of Artillery During the American Civil War<\/h3>\n<p>The Enfield 1861 was a shorter version of the Enfield 1853 and was widely used within the British Empire, mainly by artillery units for personal defense. During the American Civil War (1861-1865), it was the second most used carbine, popular among both artillery and cavalry units. Confederate troops, in particular, imported large quantities of Enfield rifles from private suppliers and arms dealers.  Discover more about <a href=\"https:\/\/ak47.nu\/en\/replikor\/gevar-replicas\/\">our replica weapons<\/a> and find the perfect model for your collection.<\/p>\n<h3>Detailed Description of the Enfield Model 1861<\/h3>\n<ul>\n <li><b>Caliber:<\/b> 15mm (.577)<\/li>\n <li><b>Type:<\/b> Muzzleloader<\/li>\n <li><b>Construction:<\/b> Steel barrel attached to handguards with two metal clamps<\/li>\n <li><b>Features:<\/b> The barrel had only three stripes<\/li>\n <li><b>Ammunition:<\/b> Usually used Mini\u00e9 bullets, made by cutting a thick lead thread for increased strength.<\/li>\n<\/ul>\n<h3>A Faithful and Appreciated Replica<\/h3>\n<p>Enjoy this DENIX replica of the Enfield 1861 carbine, a favorite among reenactors and weapon collectors. Its quality, precision, and historical accuracy make it a valuable addition to any collection. Visit <a href=\"https:\/\/ak47.nu\/en\/\">our online store<\/a> to see our full range.<\/p>\n<p><b>Reference:<\/b> 1046<br>\n<b>Dimensions:<\/b> 102 cm<br>\n<b>Weight:<\/b> 2,320 g<\/p>","protected":false},"excerpt":{"rendered":"<p>K\u00f6p en exakt replika av m\u00f6nstret 1861 Enfield musketoon fr\u00e5n England 1861. Perfekt f\u00f6r samlare och historieentusiaster. Best\u00e4ll idag och f\u00e5 en autentisk bit historia till ditt hem.<\/p>","protected":false},"featured_media":19272,"template":"","meta":[],"product_brand":[],"product_cat":[446],"product_tag":[],"class_list":{"0":"post-19273","1":"product","2":"type-product","3":"status-publish","4":"has-post-thumbnail","6":"product_cat-gevar-replikor","7":"pa_brand-denix","9":"first","10":"outofstock","11":"sale","12":"taxable","13":"shipping-taxable","14":"purchasable","15":"product-type-simple"},"_links":{"self":[{"href":"https:\/\/ak47.nu\/en\/wp-json\/wp\/v2\/product\/19273","targetHints":{"allow":["GET"]}}],"collection":[{"href":"https:\/\/ak47.nu\/en\/wp-json\/wp\/v2\/product"}],"about":[{"href":"https:\/\/ak47.nu\/en\/wp-json\/wp\/v2\/types\/product"}],"wp:featuredmedia":[{"embeddable":true,"href":"https:\/\/ak47.nu\/en\/wp-json\/wp\/v2\/media\/19272"}],"wp:attachment":[{"href":"https:\/\/ak47.nu\/en\/wp-json\/wp\/v2\/media?parent=19273"}],"wp:term":[{"taxonomy":"product_brand","embeddable":true,"href":"https:\/\/ak47.nu\/en\/wp-json\/wp\/v2\/product_brand?post=19273"},{"taxonomy":"product_cat","embeddable":true,"href":"https:\/\/ak47.nu\/en\/wp-json\/wp\/v2\/product_cat?post=19273"},{"taxonomy":"product_tag","embeddable":true,"href":"https:\/\/ak47.nu\/en\/wp-json\/wp\/v2\/product_tag?post=19273"}],"curies":[{"name":"wp","href":"https:\/\/api.w.org\/{rel}","templated":true}]}}