{"id":19865,"date":"2022-05-07T10:39:59","date_gmt":"2022-05-07T08:39:59","guid":{"rendered":"https:\/\/ak47.nu\/produkt\/umarex-hk-p30-electric-airsoft-replica-6mm\/"},"modified":"2025-12-03T20:25:23","modified_gmt":"2025-12-03T19:25:23","slug":"umarex-hk-p30-electric-airsoft-replica-6mm","status":"publish","type":"product","link":"https:\/\/ak47.nu\/en\/product\/airsoft\/electric-driven\/pistoler\/umarex-hk-p30-electric-airsoft-replica-6mm\/","title":{"rendered":"UMAREX H&K P30 Electric Airsoft Replica 6mm"},"content":{"rendered":"<h1>UMAREX - H&K P30 - Electric Airsoft Replica 6mm<\/h1>\n<h2>Authentic H&K P30 Replica with Electric Blowback<\/h2>\n<p>The H&amp;K P30 pistol replica is made mostly of high-quality plastic. This airsoft replica is equipped with an EBB (electric blowback) feature- the plastic slide recoils after the last shot, just like in the real firearm.  It provides a realistic feel and a more engaging experience. Discover our range of <a href=\"https:\/\/ak47.nu\/en\/shop-2\/\">other airsoft pistols<\/a> to find the right model for you. Explore our entire selection of <a href=\"https:\/\/ak47.nu\/en\/airsoft\/\">airsoft replicas<\/a> on our website.<\/p>\n<h3>Features and Characteristics<\/h3>\n<ul>\n <li><b>Electric Blowback (EBB):<\/b> The plastic slide realistically moves with each shot.<\/li>\n <li><b>Magazine Capacity:<\/b> Each magazine holds 16 BB pellets.<\/li>\n <li><b>Powered by AAA Batteries:<\/b> Easy access to the battery compartment in the grip for quick battery changes; powered by four AAA batteries.<\/li>\n <li><b>Construction:<\/b> Made of high-quality plastic and metal for both durability and realism.<\/li>\n <li><b>Two Magazines Included:<\/b> You get two magazines- reducing the need to reload as often.<\/li>\n<\/ul>\n<h3>Specifications<\/h3>\n<ul>\n <li><b>Propulsion:<\/b> Electric<\/li>\n <li><b>Type of Fire:<\/b> Single, auto<\/li>\n <li><b>Velocity:<\/b> ~170 FPS (Feet Per Second)<\/li>\n <li><b>Weight:<\/b> 287 g<\/li>\n <li><b>Material:<\/b> Plastic + metal<\/li>\n <li><b>Magazine Type:<\/b> Low-Cap magazine<\/li>\n<\/ul>\n<p>The included two magazines ensure you can spend more time shooting and less time reloading. The electric operation provides reliable and consistent performance. Visit <a href=\"https:\/\/ak47.nu\/en\/\">home page<\/a> to see our offers.<\/p>","protected":false},"excerpt":{"rendered":"<p>K\u00f6p UMAREX &#8211; H&amp;K P30 &#8211; Electric Airsoft Replica 6mm online f\u00f6r en realistisk och sp\u00e4nnande airsoft-upplevelse. V\u00e5r elektriska airsoft-replika av H&amp;K P30 \u00e4r tillverkad av h\u00f6gkvalitativa material och ger en autentisk k\u00e4nsla och precision. Best\u00e4ll nu f\u00f6r att bli en del av den popul\u00e4ra airsoft-v\u00e4rlden och njut av sp\u00e4nnande strider med denna p\u00e5litliga och kraftfulla 6mm-replika.<\/p>","protected":false},"featured_media":19860,"template":"","meta":[],"product_brand":[],"product_cat":[399],"product_tag":[],"class_list":{"0":"post-19865","1":"product","2":"type-product","3":"status-publish","4":"has-post-thumbnail","6":"product_cat-pistoler","7":"pa_brand-umarex","9":"first","10":"outofstock","11":"sale","12":"taxable","13":"shipping-taxable","14":"purchasable","15":"product-type-simple"},"_links":{"self":[{"href":"https:\/\/ak47.nu\/en\/wp-json\/wp\/v2\/product\/19865","targetHints":{"allow":["GET"]}}],"collection":[{"href":"https:\/\/ak47.nu\/en\/wp-json\/wp\/v2\/product"}],"about":[{"href":"https:\/\/ak47.nu\/en\/wp-json\/wp\/v2\/types\/product"}],"wp:featuredmedia":[{"embeddable":true,"href":"https:\/\/ak47.nu\/en\/wp-json\/wp\/v2\/media\/19860"}],"wp:attachment":[{"href":"https:\/\/ak47.nu\/en\/wp-json\/wp\/v2\/media?parent=19865"}],"wp:term":[{"taxonomy":"product_brand","embeddable":true,"href":"https:\/\/ak47.nu\/en\/wp-json\/wp\/v2\/product_brand?post=19865"},{"taxonomy":"product_cat","embeddable":true,"href":"https:\/\/ak47.nu\/en\/wp-json\/wp\/v2\/product_cat?post=19865"},{"taxonomy":"product_tag","embeddable":true,"href":"https:\/\/ak47.nu\/en\/wp-json\/wp\/v2\/product_tag?post=19865"}],"curies":[{"name":"wp","href":"https:\/\/api.w.org\/{rel}","templated":true}]}}