{"id":19954,"date":"2022-05-07T10:42:31","date_gmt":"2022-05-07T08:42:31","guid":{"rendered":"https:\/\/ak47.nu\/produkt\/well-p360-airsoft-6mm-spring-powered\/"},"modified":"2025-12-03T20:20:57","modified_gmt":"2025-12-03T19:20:57","slug":"well-p360-airsoft-pistol-spring-powered","status":"publish","type":"product","link":"https:\/\/ak47.nu\/en\/product\/airsoft\/fed\/pistoler-fjader\/well-p360-airsoft-pistol-spring-powered\/","title":{"rendered":"WELL P360 Airsoft Pistol - Spring Powered 6mm"},"content":{"rendered":"<h1>WELL P360 Airsoft Pistol - Spring Powered 6mm<\/h1>\n<h2>Affordable airsoft pistol replica<\/h2>\n<p>The P360 pistol replica is made from polymer and metal, a replica of the P88 sidearm. This pistol model is ideal for beginners in the world of airsoft. The replica is characterized by a good balance between quality and price. Good internal craftsmanship provides reliability and adequate accuracy.<\/p>\n<h3>Features<\/h3>\n<ul>\n <li>Made of plastic and metal<\/li>\n <li>Magazine capacity: 16 rounds<\/li>\n <li>Magazine type: Low-Cap<\/li>\n <li>Propulsion: Spring powered<\/li>\n <li>Firing mode: Single shot<\/li>\n <li>Weight: 200 g<\/li>\n <li>Length: 165 mm<\/li>\n <li>Velocity: ~160 FPS<\/li>\n<\/ul>\n<p><strong>The set includes:<\/strong><\/p>\n<ul>\n <li>Replica<\/li>\n <li>Magazine<\/li>\n <li>BB pack<\/li>\n<\/ul>\n<p>The spring-powered mechanism provides simple and reliable operation. Perfect for target practice or as a fun addition to airsoft games. <a href=\"https:\/\/ak47.nu\/en\/shop-2\/\">Explore our range of airsoft pistols<\/a> to find the model that suits you best. Don't miss the chance to own an affordable and reliable airsoft pistol. Visit our <a href=\"https:\/\/ak47.nu\/en\/airsoft\/\">airsoft category<\/a> to see more products. For more information about our company, visit <a href=\"https:\/\/ak47.nu\/en\/\">our website<\/a>.<\/p>","protected":false},"excerpt":{"rendered":"<p>K\u00f6p WELL P360 Airsoft 6mm &#8211; fj\u00e4derdriven &#8211; f\u00f6r b\u00e4sta prestanda och kvalitet. Perfekt f\u00f6r airsoft-entusiaster. Best\u00e4ll nu f\u00f6r snabb leverans!<\/p>","protected":false},"featured_media":19949,"template":"","meta":[],"product_brand":[],"product_cat":[418],"product_tag":[],"class_list":{"0":"post-19954","1":"product","2":"type-product","3":"status-publish","4":"has-post-thumbnail","6":"product_cat-pistoler-fjader","7":"pa_brand-well","8":"pa_farg-svart","10":"first","11":"outofstock","12":"sale","13":"taxable","14":"shipping-taxable","15":"purchasable","16":"product-type-simple"},"_links":{"self":[{"href":"https:\/\/ak47.nu\/en\/wp-json\/wp\/v2\/product\/19954","targetHints":{"allow":["GET"]}}],"collection":[{"href":"https:\/\/ak47.nu\/en\/wp-json\/wp\/v2\/product"}],"about":[{"href":"https:\/\/ak47.nu\/en\/wp-json\/wp\/v2\/types\/product"}],"wp:featuredmedia":[{"embeddable":true,"href":"https:\/\/ak47.nu\/en\/wp-json\/wp\/v2\/media\/19949"}],"wp:attachment":[{"href":"https:\/\/ak47.nu\/en\/wp-json\/wp\/v2\/media?parent=19954"}],"wp:term":[{"taxonomy":"product_brand","embeddable":true,"href":"https:\/\/ak47.nu\/en\/wp-json\/wp\/v2\/product_brand?post=19954"},{"taxonomy":"product_cat","embeddable":true,"href":"https:\/\/ak47.nu\/en\/wp-json\/wp\/v2\/product_cat?post=19954"},{"taxonomy":"product_tag","embeddable":true,"href":"https:\/\/ak47.nu\/en\/wp-json\/wp\/v2\/product_tag?post=19954"}],"curies":[{"name":"wp","href":"https:\/\/api.w.org\/{rel}","templated":true}]}}