{"id":20895,"date":"2022-05-07T11:28:34","date_gmt":"2022-05-07T09:28:34","guid":{"rendered":"https:\/\/ak47.nu\/produkt\/double-eagle-m30p-airsoft-smg\/"},"modified":"2025-12-03T20:24:49","modified_gmt":"2025-12-03T19:24:49","slug":"double-eagle-m30p-airsoft-smg-mp40-replica","status":"publish","type":"product","link":"https:\/\/ak47.nu\/en\/product\/airsoft\/fed\/culture-guns-fed\/double-eagle-m30p-airsoft-smg-mp40-replica\/","title":{"rendered":"Double Eagle M30P Airsoft SMG | MP40 Replica"},"content":{"rendered":"<h1>Double Eagle M30P Airsoft SMG <0,5J<\/h1>\n<h2>Affordable and easy-to-use airsoft SMG for home games<\/h2>\n<p>Looking for an affordable and easy-to-use airsoft gun? The Double Eagle M30P could be an excellent choice! This spring-powered airsoft SMG offers great value for money and is perfect for simple games at home. Load, aim, and fire!  Always remember to wear protective goggles when playing airsoft.<\/p>\n<h3>Features<\/h3>\n<ul>\n  <li>Polymer construction makes it lightweight and durable<\/li>\n  <li>Spring mechanism for easy use - no batteries or gas required<\/li>\n  <li>Folding stock for compact storage and transport<\/li>\n  <li>20mm rail for mounting optics and accessories such as sights<\/li>\n  <li>Magazine capacity of 32 rounds<\/li>\n<\/ul>\n<h3>MP40 Replica<\/h3>\n<p>This model is a 1:1 replica of the famous WWII MP40 machine gun. Perfect for collectors and those who want a fun airsoft gun for recreational games. If you are looking for more advanced full metal airsoft guns powered by electric or gas, check out our AEG and GBB sections. The Double Eagle M30P is a great choice for anyone looking for an MP40 replica for simpler airsoft games. Explore our range of <a href=\"https:\/\/ak47.nu\/en\/shop-2\/\">other airsoft guns<\/a> to find the perfect option for you. You will also find a wide range of accessories in our <a href=\"https:\/\/ak47.nu\/en\/airsoft\/\">airsoft accessories category<\/a>. Don't miss our other airsoft products here on <a href=\"https:\/\/ak47.nu\/en\/\">our homepage<\/a>.<\/p>\n<h3>Specifications:<\/h3>\n<ul>\n    <li>Manufacturer: Double Eagle<\/li>\n    <li>FPS: 200-250<\/li>\n    <li>Color: Black<\/li>\n    <li>Length: 24.5\" - 33\" (with 2-position folding stock)<\/li>\n    <li>Height: 13\"<\/li>\n    <li>Magazine Capacity: 32 rounds<\/li>\n    <li>Muzzle Velocity: 200~250 FPS<\/li>\n    <li>Energy: &lt;0,5J<\/li>\n    <li>System: Spring Powered<\/li>\n    <li>BB: 6mm<\/li>\n    <li>Weight: ~2lbs<\/li>\n<\/ul>","protected":false},"excerpt":{"rendered":"<p>K\u00f6p Double Eagle M30P Airsoft SMG &lt;0,5J &#8211; H\u00f6gkvalitativt vapen f\u00f6r airsoft med l\u00e5g effekt. Perfekt f\u00f6r spelare som vill ha en p\u00e5litlig och kraftfull SMG. Best\u00e4ll nu och f\u00e5 snabb leverans!<\/p>","protected":false},"featured_media":20893,"template":"","meta":[],"product_brand":[],"product_cat":[422],"product_tag":[],"class_list":{"0":"post-20895","1":"product","2":"type-product","3":"status-publish","4":"has-post-thumbnail","6":"product_cat-kulsprutor-fjader","7":"pa_brand-double-eagle","8":"pa_farg-svart","10":"first","11":"outofstock","12":"sale","13":"taxable","14":"shipping-taxable","15":"purchasable","16":"product-type-simple"},"_links":{"self":[{"href":"https:\/\/ak47.nu\/en\/wp-json\/wp\/v2\/product\/20895","targetHints":{"allow":["GET"]}}],"collection":[{"href":"https:\/\/ak47.nu\/en\/wp-json\/wp\/v2\/product"}],"about":[{"href":"https:\/\/ak47.nu\/en\/wp-json\/wp\/v2\/types\/product"}],"wp:featuredmedia":[{"embeddable":true,"href":"https:\/\/ak47.nu\/en\/wp-json\/wp\/v2\/media\/20893"}],"wp:attachment":[{"href":"https:\/\/ak47.nu\/en\/wp-json\/wp\/v2\/media?parent=20895"}],"wp:term":[{"taxonomy":"product_brand","embeddable":true,"href":"https:\/\/ak47.nu\/en\/wp-json\/wp\/v2\/product_brand?post=20895"},{"taxonomy":"product_cat","embeddable":true,"href":"https:\/\/ak47.nu\/en\/wp-json\/wp\/v2\/product_cat?post=20895"},{"taxonomy":"product_tag","embeddable":true,"href":"https:\/\/ak47.nu\/en\/wp-json\/wp\/v2\/product_tag?post=20895"}],"curies":[{"name":"wp","href":"https:\/\/api.w.org\/{rel}","templated":true}]}}