{"id":21076,"date":"2022-05-07T11:49:33","date_gmt":"2022-05-07T09:49:33","guid":{"rendered":"https:\/\/ak47.nu\/produkt\/well-g294-submachinegun-replica-6mm-airsoft-r2-scorpion-co2\/"},"modified":"2025-12-03T20:23:43","modified_gmt":"2025-12-03T19:23:43","slug":"well-g294-r2-scorpion-6mm-airsoft-co2","status":"publish","type":"product","link":"https:\/\/ak47.nu\/en\/product\/airsoft\/co2\/kulsprutor-co2\/well-g294-r2-scorpion-6mm-airsoft-co2\/","title":{"rendered":"WELL G294 R2 Scorpion Airsoft Replica | CO2"},"content":{"rendered":"<h1>WELL - G294 - Submachinegun Replica - 6mm Airsoft - R2 Scorpion - Co2<\/h1>\n<h2>Authentic Airsoft Replica of R2 Scorpion<\/h2>\n<p>The WELL G294 is an entry-level airsoft replica of the famous R2 Scorpion submachine gun. This CO2-powered, 6mm airsoft replica faithfully recreates the look and feel of the original, well-known from movies of the 80s and 90s.  Made from robust ABS plastic and equipped with an extendable stock, it offers an affordable introduction to the world of airsoft. Discover our range of <a href=\"https:\/\/ak47.nu\/en\/shop-2\/\">compatible airsoft BBs<\/a> to maximize your gaming experience.  For other accessories, visit our <a href=\"https:\/\/ak47.nu\/en\/airsoft\/\">airsoft category<\/a>. Explore our wide selection of airsoft products on <a href=\"https:\/\/ak47.nu\/en\/\">our website<\/a>.<\/p>\n\n<h3>Features:<\/h3>\n<ul>\n <li><strong>CO2 Driven:<\/strong> Provides the replica with a reliable and consistent power source.<\/li>\n <li><strong>6mm Airsoft:<\/strong> Uses standard 6mm airsoft BBs for a safe and fair playing experience.<\/li>\n <li><strong>Extendable Stock:<\/strong> Allows adjustment of the replica's length for increased comfort and control.<\/li>\n <li><strong>Robust ABS:<\/strong> Made of durable ABS plastic ensuring longevity and resistance to wear.<\/li>\n<\/ul>","protected":false},"excerpt":{"rendered":"<p>K\u00f6p WELL G294 Submachinegun Replica 6mm Airsoft med R2 Scorpion och Co2 f\u00f6r b\u00e4sta prestanda. Perfekt f\u00f6r airsoft-entusiaster. Best\u00e4ll nu f\u00f6r en autentisk och sp\u00e4nnande spelupplevelse.<\/p>","protected":false},"featured_media":21072,"template":"","meta":[],"product_brand":[],"product_cat":[408],"product_tag":[],"class_list":{"0":"post-21076","1":"product","2":"type-product","3":"status-publish","4":"has-post-thumbnail","6":"product_cat-kulsprutor-co2","7":"pa_brand-well","9":"first","10":"instock","11":"sale","12":"taxable","13":"shipping-taxable","14":"purchasable","15":"product-type-simple"},"_links":{"self":[{"href":"https:\/\/ak47.nu\/en\/wp-json\/wp\/v2\/product\/21076","targetHints":{"allow":["GET"]}}],"collection":[{"href":"https:\/\/ak47.nu\/en\/wp-json\/wp\/v2\/product"}],"about":[{"href":"https:\/\/ak47.nu\/en\/wp-json\/wp\/v2\/types\/product"}],"wp:featuredmedia":[{"embeddable":true,"href":"https:\/\/ak47.nu\/en\/wp-json\/wp\/v2\/media\/21072"}],"wp:attachment":[{"href":"https:\/\/ak47.nu\/en\/wp-json\/wp\/v2\/media?parent=21076"}],"wp:term":[{"taxonomy":"product_brand","embeddable":true,"href":"https:\/\/ak47.nu\/en\/wp-json\/wp\/v2\/product_brand?post=21076"},{"taxonomy":"product_cat","embeddable":true,"href":"https:\/\/ak47.nu\/en\/wp-json\/wp\/v2\/product_cat?post=21076"},{"taxonomy":"product_tag","embeddable":true,"href":"https:\/\/ak47.nu\/en\/wp-json\/wp\/v2\/product_tag?post=21076"}],"curies":[{"name":"wp","href":"https:\/\/api.w.org\/{rel}","templated":true}]}}