{"id":21252,"date":"2022-05-07T12:37:46","date_gmt":"2022-05-07T10:37:46","guid":{"rendered":"https:\/\/ak47.nu\/produkt\/colt-junior-magasin-7bbs-airsoft-cybergun-185176-6mm\/"},"modified":"2025-08-21T10:46:41","modified_gmt":"2025-08-21T08:46:41","slug":"colt-junior-7bbs-airsoft-magazine-6mm","status":"publish","type":"product","link":"https:\/\/ak47.nu\/en\/product\/tillbehor-2\/magasin\/colt-junior-7bbs-airsoft-magazine-6mm\/","title":{"rendered":"Colt Junior 7BBS Airsoft Magazine - 6mm | Cybergun"},"content":{"rendered":"<h1>Colt Junior 7BBS Airsoft Magazine - Cybergun - 185176 - 6MM<\/h1>\n<h2>About Colt and its Legacy<\/h2>\n<p>In 1832, Samuel Colt, at just 18 years old, began developing a revolutionary mechanism that would change the history of firearms: the revolver. This innovation represented the perfect synthesis of pepperbox and rotating flintlock weapons, which at the time were the only repeating firearms. Colt's gun surpassed all others in reliability and speed, quickly dominating the market within a few decades.  See more <a href=\"https:\/\/ak47.nu\/en\/shop-2\/\">Colt products here<\/a>.<\/p>\n<p>In 1836, Colt patented the Paterson, the first in a long line of successful revolvers, including the Colt Walker, Colt 1848 Dragoon, Colt Model 1851 Navy, Colt Model 1860 Army, and the legendary Colt Model 1873 Single Action Army, also known as \"the Peacemaker.\"<\/p>\n<p>Even after the founder's death in 1862, Colt Firearms Company continued to innovate and has continued to fascinate civilians, police forces, and military forces around the world. Their range includes well-known weapons such as the Colt 1911, Colt Python, and the iconic M16 rifles and their derivatives. Check out our wide selection of <a href=\"https:\/\/ak47.nu\/en\/tillbehor-2\/magasin\/\">Airsoft accessories<\/a>.<\/p>\n<h2>Colt Junior 7BBS Airsoft Magazine Features<\/h2>\n<p>This quality magazine from Cybergun is compatible with models 180593 and 180592. Visit <a href=\"https:\/\/ak47.nu\/en\/\">our website<\/a> to see our entire range.<\/p>\n<h3>Specifications:<\/h3>\n<ul>\n <li><strong>AirGun Compatible:<\/strong> No<\/li>\n <li><strong>AirSoft Compatible:<\/strong> Yes<\/li>\n <li><strong>Brand:<\/strong> Colt<\/li>\n <li><strong>Color:<\/strong> Silver<\/li>\n <li><strong>Caliber:<\/strong> 6 mm<\/li>\n <li><strong>Propulsion:<\/strong> Gas<\/li>\n <li><strong>Material:<\/strong> Metal and Plastic<\/li>\n <li><strong>BBs:<\/strong> Capacity 7<\/li>\n<\/ul>","protected":false},"excerpt":{"rendered":"<p>K\u00f6p Colt Junior Magasin 7BBS f\u00f6r Airsoft fr\u00e5n Cybergun &#8211; Artikelnummer 185176 &#8211; 6MM. Hitta det b\u00e4sta urvalet av tillbeh\u00f6r och utrustning f\u00f6r airsoft hos oss. Best\u00e4ll nu och f\u00e5 snabb leverans!<\/p>","protected":false},"featured_media":21250,"template":"","meta":[],"product_brand":[],"product_cat":[464,450],"product_tag":[],"class_list":{"0":"post-21252","1":"product","2":"type-product","3":"status-publish","4":"has-post-thumbnail","6":"product_cat-magasin","7":"product_cat-tillbehor-2","8":"pa_brand-colt","10":"first","11":"outofstock","12":"sale","13":"taxable","14":"shipping-taxable","15":"purchasable","16":"product-type-simple"},"_links":{"self":[{"href":"https:\/\/ak47.nu\/en\/wp-json\/wp\/v2\/product\/21252","targetHints":{"allow":["GET"]}}],"collection":[{"href":"https:\/\/ak47.nu\/en\/wp-json\/wp\/v2\/product"}],"about":[{"href":"https:\/\/ak47.nu\/en\/wp-json\/wp\/v2\/types\/product"}],"wp:featuredmedia":[{"embeddable":true,"href":"https:\/\/ak47.nu\/en\/wp-json\/wp\/v2\/media\/21250"}],"wp:attachment":[{"href":"https:\/\/ak47.nu\/en\/wp-json\/wp\/v2\/media?parent=21252"}],"wp:term":[{"taxonomy":"product_brand","embeddable":true,"href":"https:\/\/ak47.nu\/en\/wp-json\/wp\/v2\/product_brand?post=21252"},{"taxonomy":"product_cat","embeddable":true,"href":"https:\/\/ak47.nu\/en\/wp-json\/wp\/v2\/product_cat?post=21252"},{"taxonomy":"product_tag","embeddable":true,"href":"https:\/\/ak47.nu\/en\/wp-json\/wp\/v2\/product_tag?post=21252"}],"curies":[{"name":"wp","href":"https:\/\/api.w.org\/{rel}","templated":true}]}}