{"id":21574,"date":"2022-05-18T09:49:33","date_gmt":"2022-05-18T07:49:33","guid":{"rendered":"https:\/\/ak47.nu\/produkt\/norica-cal-30-06-rengorings-kit\/"},"modified":"2025-08-21T10:44:38","modified_gmt":"2025-08-21T08:44:38","slug":"norica-30-06-airgun-cleaning-kit","status":"publish","type":"product","link":"https:\/\/ak47.nu\/en\/product\/tillbehor-2\/other-accessories\/uncategorized\/norica-30-06-airgun-cleaning-kit\/","title":{"rendered":"Norica .30-06 Airgun Cleaning Kit"},"content":{"rendered":"<h1>Norica .30-06 Airgun Cleaning Kit<\/h1>\n<h2>Keep Your Norica Airguns in Top Condition<\/h2>\n<p>This <strong>Norica .30-06 cleaning kit<\/strong> is specifically designed to maintain and clean your .30-06 caliber Norica air rifles and air pistols. A well-maintained airgun provides better accuracy and a longer lifespan.<\/p>\n<p><strong>Features:<\/strong><\/p>\n<ul>\n <li><strong>Caliber:<\/strong> .30-06<\/li>\n <li><strong>Manufacturer:<\/strong> Norica<\/li>\n <li><strong>Intended for:<\/strong> Air rifles and air pistols<\/li>\n<\/ul>\n<p>With this kit, you can easily keep your <a href=\"https:\/\/ak47.nu\/en\/shop-2\/\">Norica airguns<\/a> in optimal condition. Regular cleaning ensures that you always get the best possible performance from your weapons. Visit our <a href=\"https:\/\/ak47.nu\/en\/tillbehor-2\/other-accessories\/uncategorized\/\">airgun accessories category<\/a> for more products to help you maintain your weapons. Don't forget to explore our wide range of products on <a href=\"https:\/\/ak47.nu\/en\/\">the homepage<\/a>.<\/p>","protected":false},"excerpt":{"rendered":"<p>H\u00e5ll ditt Norica &#8211; Cal. 30.06 gev\u00e4r i toppskick med detta effektiva reng\u00f6ringskit. Perfekt f\u00f6r att uppr\u00e4tth\u00e5lla optimal prestanda och f\u00f6rl\u00e4nga livsl\u00e4ngden p\u00e5 ditt vapen. K\u00f6p nu f\u00f6r enkel och smidig reng\u00f6ring av ditt Norica &#8211; Cal. 30.06 gev\u00e4r.<\/p>","protected":false},"featured_media":21573,"template":"","meta":[],"product_brand":[],"product_cat":[15,475,450],"product_tag":[],"class_list":{"0":"post-21574","1":"product","2":"type-product","3":"status-publish","4":"has-post-thumbnail","6":"product_cat-uncategorized","7":"product_cat-ovriga-tillbehor","8":"product_cat-tillbehor-2","9":"pa_brand-norica","11":"first","12":"instock","13":"sale","14":"taxable","15":"shipping-taxable","16":"purchasable","17":"product-type-simple"},"_links":{"self":[{"href":"https:\/\/ak47.nu\/en\/wp-json\/wp\/v2\/product\/21574","targetHints":{"allow":["GET"]}}],"collection":[{"href":"https:\/\/ak47.nu\/en\/wp-json\/wp\/v2\/product"}],"about":[{"href":"https:\/\/ak47.nu\/en\/wp-json\/wp\/v2\/types\/product"}],"wp:featuredmedia":[{"embeddable":true,"href":"https:\/\/ak47.nu\/en\/wp-json\/wp\/v2\/media\/21573"}],"wp:attachment":[{"href":"https:\/\/ak47.nu\/en\/wp-json\/wp\/v2\/media?parent=21574"}],"wp:term":[{"taxonomy":"product_brand","embeddable":true,"href":"https:\/\/ak47.nu\/en\/wp-json\/wp\/v2\/product_brand?post=21574"},{"taxonomy":"product_cat","embeddable":true,"href":"https:\/\/ak47.nu\/en\/wp-json\/wp\/v2\/product_cat?post=21574"},{"taxonomy":"product_tag","embeddable":true,"href":"https:\/\/ak47.nu\/en\/wp-json\/wp\/v2\/product_tag?post=21574"}],"curies":[{"name":"wp","href":"https:\/\/api.w.org\/{rel}","templated":true}]}}