{"id":35741,"date":"2022-05-24T09:57:34","date_gmt":"2022-05-24T07:57:34","guid":{"rendered":"https:\/\/ak47.nu\/produkt\/range-solutions-paper-targets-50-pcs-alien-shooting-target\/"},"modified":"2025-08-21T10:44:12","modified_gmt":"2025-08-21T08:44:12","slug":"range-solutions-alien-shooting-targets-50-pcs","status":"publish","type":"product","link":"https:\/\/ak47.nu\/en\/product\/tillbehor-2\/maltavlor\/range-solutions-alien-shooting-targets-50-pcs\/","title":{"rendered":"RANGE SOLUTIONS Alien Shooting Targets - 50 Pcs"},"content":{"rendered":"<h1>RANGE SOLUTIONS - PAPER TARGETS - 50 PCS - Alien shooting Target<\/h1>\n<h2>Enhance Your Shooting Practice with Alien Targets<\/h2>\n<p>Alien shooting targets designed for those who enjoy trips to the firing range for pure pleasure. These targets are printed on 80 g offset paper, providing a high-quality surface for your shooting practice. Measuring 50cm x 70cm, these targets offer ample space to aim and improve your precision. Each roll contains 50 targets, ensuring you have enough for multiple sessions. Experience shooting practice in a new way with these unique and high-quality shooting targets.<\/p>\n\n<h3>Specifications:<\/h3>\n<ul>\n <li><strong>Paper:<\/strong> 80g offset paper<\/li>\n <li><strong>Dimensions:<\/strong> 50cm x 70cm<\/li>\n <li><strong>Packaging:<\/strong> Packed 50pcs on a roll<\/li>\n<\/ul>\n\n<p>These shooting targets are ideal for both amateur and experienced shooters looking for fun and effective training sessions. Prepare for your next visit to the firing range with these Alien shooting targets. Check out our selection of <a href=\"https:\/\/ak47.nu\/en\/shop-2\/\">other shooting targets<\/a> to vary your training. Discover more <a href=\"https:\/\/ak47.nu\/en\/tillbehor-2\/maltavlor\/\">shooting targets<\/a> on our website. Visit our <a href=\"https:\/\/ak47.nu\/en\/\">homepage<\/a> to see our full range.<\/p>","protected":false},"excerpt":{"rendered":"<p>K\u00f6p RANGE SOLUTIONS pappersm\u00e5l &#8211; 50 st &#8211; Alien shooting Target. Perfekta m\u00e5l f\u00f6r tr\u00e4ning och skjut\u00f6vningar. Best\u00e4ll nu och f\u00f6rb\u00e4ttra din tr\u00e4ffs\u00e4kerhet!<\/p>","protected":false},"featured_media":35737,"template":"","meta":[],"product_brand":[],"product_cat":[474,450],"product_tag":[],"class_list":{"0":"post-35741","1":"product","2":"type-product","3":"status-publish","4":"has-post-thumbnail","6":"product_cat-maltavlor","7":"product_cat-tillbehor-2","8":"pa_brand-range-solutions","10":"first","11":"outofstock","12":"sale","13":"taxable","14":"shipping-taxable","15":"purchasable","16":"product-type-simple"},"_links":{"self":[{"href":"https:\/\/ak47.nu\/en\/wp-json\/wp\/v2\/product\/35741","targetHints":{"allow":["GET"]}}],"collection":[{"href":"https:\/\/ak47.nu\/en\/wp-json\/wp\/v2\/product"}],"about":[{"href":"https:\/\/ak47.nu\/en\/wp-json\/wp\/v2\/types\/product"}],"wp:featuredmedia":[{"embeddable":true,"href":"https:\/\/ak47.nu\/en\/wp-json\/wp\/v2\/media\/35737"}],"wp:attachment":[{"href":"https:\/\/ak47.nu\/en\/wp-json\/wp\/v2\/media?parent=35741"}],"wp:term":[{"taxonomy":"product_brand","embeddable":true,"href":"https:\/\/ak47.nu\/en\/wp-json\/wp\/v2\/product_brand?post=35741"},{"taxonomy":"product_cat","embeddable":true,"href":"https:\/\/ak47.nu\/en\/wp-json\/wp\/v2\/product_cat?post=35741"},{"taxonomy":"product_tag","embeddable":true,"href":"https:\/\/ak47.nu\/en\/wp-json\/wp\/v2\/product_tag?post=35741"}],"curies":[{"name":"wp","href":"https:\/\/api.w.org\/{rel}","templated":true}]}}