{"id":35883,"date":"2022-05-31T14:59:32","date_gmt":"2022-05-31T12:59:32","guid":{"rendered":"https:\/\/ak47.nu\/produkt\/norica-n-a-c-1911-magasin-co2\/"},"modified":"2025-08-21T10:43:58","modified_gmt":"2025-08-21T08:43:58","slug":"norica-nac-1911-magazine-co2","status":"publish","type":"product","link":"https:\/\/ak47.nu\/en\/product\/tillbehor-2\/magasin\/norica-nac-1911-magazine-co2\/","title":{"rendered":"Norica N.A.C. 1911 Magazine CO2 | KWC"},"content":{"rendered":"<h1>Norica - N.A.C. 1911 Magazine - CO2<\/h1>\n<h2>Magazine for Norica N.A.C. 1911 CO2 pistol<\/h2>\n<p>This magazine is specifically designed for use with the Norica N.A.C. 1911 CO2 pistol. With a capacity of 2x6 rounds, this magazine allows you to fire more shots before needing to reload. Perfect for both practice and competition.<\/p>\n<h3>Features and Benefits:<\/h3>\n<ul>\n <li><strong>Capacity:<\/strong> 2x6 rounds<\/li>\n <li><strong>Compatibility:<\/strong> Designed specifically for the Norica N.A.C. 1911 CO2 pistol<\/li>\n <li><strong>Applications:<\/strong> Suitable for training and competitive shooting<\/li>\n<\/ul>\n<p>Ensure you have enough ammunition for your Norica N.A.C. 1911 CO2 pistol. Check out our selection of other <a href=\"https:\/\/ak47.nu\/en\/shop-2\/\">airgun magazines<\/a> to find what you need. Visit our <a href=\"https:\/\/ak47.nu\/en\/tillbehor-2\/magasin\/\">airgun<\/a> category to see our wide range. For more information about Norica and our products, visit our <a href=\"https:\/\/ak47.nu\/en\/\">homepage<\/a>.<\/p>","protected":false},"excerpt":{"rendered":"<p>K\u00f6p Norica N.A.C. 1911 Magasin f\u00f6r CO2 &#8211; B\u00e4sta priser och kvalitet | Norica.se<\/p>","protected":false},"featured_media":35879,"template":"","meta":[],"product_brand":[],"product_cat":[464,450],"product_tag":[],"class_list":{"0":"post-35883","1":"product","2":"type-product","3":"status-publish","4":"has-post-thumbnail","6":"product_cat-magasin","7":"product_cat-tillbehor-2","8":"pa_brand-kwc","10":"first","11":"instock","12":"sale","13":"taxable","14":"shipping-taxable","15":"purchasable","16":"product-type-simple"},"_links":{"self":[{"href":"https:\/\/ak47.nu\/en\/wp-json\/wp\/v2\/product\/35883","targetHints":{"allow":["GET"]}}],"collection":[{"href":"https:\/\/ak47.nu\/en\/wp-json\/wp\/v2\/product"}],"about":[{"href":"https:\/\/ak47.nu\/en\/wp-json\/wp\/v2\/types\/product"}],"wp:featuredmedia":[{"embeddable":true,"href":"https:\/\/ak47.nu\/en\/wp-json\/wp\/v2\/media\/35879"}],"wp:attachment":[{"href":"https:\/\/ak47.nu\/en\/wp-json\/wp\/v2\/media?parent=35883"}],"wp:term":[{"taxonomy":"product_brand","embeddable":true,"href":"https:\/\/ak47.nu\/en\/wp-json\/wp\/v2\/product_brand?post=35883"},{"taxonomy":"product_cat","embeddable":true,"href":"https:\/\/ak47.nu\/en\/wp-json\/wp\/v2\/product_cat?post=35883"},{"taxonomy":"product_tag","embeddable":true,"href":"https:\/\/ak47.nu\/en\/wp-json\/wp\/v2\/product_tag?post=35883"}],"curies":[{"name":"wp","href":"https:\/\/api.w.org\/{rel}","templated":true}]}}