{"id":36686,"date":"2022-07-20T08:50:25","date_gmt":"2022-07-20T06:50:25","guid":{"rendered":"https:\/\/ak47.nu\/produkt\/smart-gas-1-pack-co2-patroner-12g\/"},"modified":"2026-04-09T05:37:37","modified_gmt":"2026-04-09T03:37:37","slug":"smart-gas-co2-cartridge-12g-1-pack","status":"publish","type":"product","link":"https:\/\/ak47.nu\/en\/product\/tillbehor-2\/drivmedel-tillbehor-2\/co2-drivmedel-tillbehor-2\/smart-gas-co2-cartridge-12g-1-pack\/","title":{"rendered":"Smart Gas CO2 Cartridge 12g - 1-pack"},"content":{"rendered":"<h1>Smart Gas CO2 Cartridge 12g - 1-pack<\/h1>\n<h2>Efficient CO2 cartridge for airsoft and paintball<\/h2>\n<p>Smart Gas CO2 cartridges are designed to deliver high performance to your airsoft replicas, air pistols, RAM carbines, and paintball markers. This 12g standard capacity CO2 cartridge ensures efficient operation of the replica's pneumatic system thanks to the high pressure. Perfect for replicas with blow-back systems that generate a realistic recoil effect.<\/p>\n<p>These CO2 cartridges from Smart Gas\u2122 are also available in <a href=\"https:\/\/ak47.nu\/en\/shop-2\/\">packs of 50<\/a> for those who need a larger quantity.<\/p>\n<h3>Product Information:<\/h3>\n<ul>\n <li><strong>Capacity:<\/strong> 12 g<\/li>\n <li><strong>Weight:<\/strong> 45 g<\/li>\n <li><strong>Manufacturer:<\/strong> Smart Gas\u2122<\/li>\n<\/ul>\n<p>Enhance your gaming experience with these reliable and effective <a href=\"https:\/\/ak47.nu\/en\/tillbehor-2\/drivmedel-tillbehor-2\/co2-drivmedel-tillbehor-2\/\">CO2 cartridges<\/a>. Smart Gas\u2122 CO2 provides you with the performance you need. Visit our <a href=\"https:\/\/ak47.nu\/en\/\">website<\/a> for more products!<\/p>","protected":false},"excerpt":{"rendered":"<p>K\u00f6p Smart Gas 1-pack CO2-patroner 12g online till b\u00e4sta pris. Perfekt f\u00f6r att driva uppbl\u00e5sbara produkter och andra gasdrivna apparater. Snabb leverans och h\u00f6gkvalitativt gaspatroner. Best\u00e4ll nu!<\/p>","protected":false},"featured_media":36682,"template":"","meta":[],"product_brand":[],"product_cat":[455],"product_tag":[],"class_list":{"0":"post-36686","1":"product","2":"type-product","3":"status-publish","4":"has-post-thumbnail","6":"product_cat-co2-drivmedel-tillbehor-2","7":"pa_brand-smart-gas","9":"first","10":"instock","11":"sale","12":"taxable","13":"shipping-taxable","14":"purchasable","15":"product-type-simple"},"_links":{"self":[{"href":"https:\/\/ak47.nu\/en\/wp-json\/wp\/v2\/product\/36686","targetHints":{"allow":["GET"]}}],"collection":[{"href":"https:\/\/ak47.nu\/en\/wp-json\/wp\/v2\/product"}],"about":[{"href":"https:\/\/ak47.nu\/en\/wp-json\/wp\/v2\/types\/product"}],"wp:featuredmedia":[{"embeddable":true,"href":"https:\/\/ak47.nu\/en\/wp-json\/wp\/v2\/media\/36682"}],"wp:attachment":[{"href":"https:\/\/ak47.nu\/en\/wp-json\/wp\/v2\/media?parent=36686"}],"wp:term":[{"taxonomy":"product_brand","embeddable":true,"href":"https:\/\/ak47.nu\/en\/wp-json\/wp\/v2\/product_brand?post=36686"},{"taxonomy":"product_cat","embeddable":true,"href":"https:\/\/ak47.nu\/en\/wp-json\/wp\/v2\/product_cat?post=36686"},{"taxonomy":"product_tag","embeddable":true,"href":"https:\/\/ak47.nu\/en\/wp-json\/wp\/v2\/product_tag?post=36686"}],"curies":[{"name":"wp","href":"https:\/\/api.w.org\/{rel}","templated":true}]}}