{"id":36868,"date":"2022-08-12T09:11:28","date_gmt":"2022-08-12T07:11:28","guid":{"rendered":"https:\/\/ak47.nu\/produkt\/well-p90-smg-d90-h-aeg-6mm-airsoft\/"},"modified":"2025-12-03T20:33:01","modified_gmt":"2025-12-03T19:33:01","slug":"well-p90-d90-h-aeg-6mm-airsoft-submachine-gun-replica","status":"publish","type":"product","link":"https:\/\/ak47.nu\/en\/product\/airsoft\/electric-driven\/kulsprutor\/well-p90-d90-h-aeg-6mm-airsoft-submachine-gun-replica\/","title":{"rendered":"WELL P90 D90-H AEG 6mm Airsoft | Submachine Gun Replica"},"content":{"rendered":"<h1>WELL - P90 SMG - D90-H - AEG - 6MM Airsoft<\/h1>\n<h2>Compact and Accurate D90H Submachine Gun Replica<\/h2>\n<p>The D90H replica is made, similar to the original, almost entirely of durable plastic. Its compact design and small size make it an extremely convenient tool, ideal as a primary weapon for short and medium-range battles. The extended barrel, which reaches far behind the trigger (which is typical for bullpup weapons), ensures increased precision in the shot. The very fact of using the bullpup system increases user comfort - the replica is short, easy to maneuver, and very stable while remaining accurate. Looking for a reliable airsoft weapon? <a href=\"https:\/\/ak47.nu\/en\/shop-2\/\">Explore our range of airsoft rifles<\/a>!<\/p>\n\n<h2>Advantages of Bullpup Design and High Rate of Fire<\/h2>\n<p>The hopper magazine holds 300 BBs, which, combined with the accuracy, the possibility of continuous fire, and the theoretical rate of fire at the level of 400 rounds per minute, makes this replica a perfect tool for CQB games. When using 0.12 gram BBs, the muzzle velocity reaches 180 FPS. It is also possible to use heavier 0.20 g BBs, which will translate into a small decrease in range and increase the precision of the shots. Enhance your airsoft experience with high-quality accessories. <a href=\"https:\/\/ak47.nu\/en\/airsoft\/\">See our selection of airsoft accessories<\/a>.<\/p>\n\n<h2>Equipment and Accessories<\/h2>\n<p>The replica is equipped with a RIS rail placed on the spine, above the magazine. It allows you to attach the sight included in the set to the replica, or even the tactical flashlight included in the set. In addition to the magazine, sight with mount, flashlight, and battery, the set with the replica also includes a carrying strap and a silencer. Welcome to https:\/\/ak47.nu\/ to find everything you need!<\/p>\n\n<h2>Complete Set for Training and Games<\/h2>\n<p>The set comes with a bullet trap that allows for easy shooting training even in enclosed rooms. This makes the D90-H an excellent choice for both beginners and experienced airsoft enthusiasts looking to improve their precision and tactics.<\/p>\n\n<h3>The set includes:<\/h3>\n<ul>\n<li>Replica<\/li>\n<li>Magazine<\/li>\n<li>Battery<\/li>\n<li>Charger<\/li>\n<li>Silencer<\/li>\n<li>Carrying strap<\/li>\n<li>Collimator<\/li>\n<li>Flashlight<\/li>\n<li>Bullet trap<\/li>\n<\/ul>\n\n<h3>Details:<\/h3>\n<ul>\n<li>P90 submachine gun replica<\/li>\n<li>Velocity: ~180 FPS<\/li>\n<li>Drive: Electric<\/li>\n<li>Weight: 1112g<\/li>\n<li>Material: Plastic<\/li>\n<\/ul>","protected":false},"excerpt":{"rendered":"<p>K\u00f6p WELL P90 SMG D90-H AEG 6MM Airsoft &#8211; B\u00e4sta priser och h\u00f6g kvalitet. Utforska v\u00e5rt sortiment av WELL P90 SMG D90-H AEG 6MM Airsoft f\u00f6r en fantastisk spelupplevelse. Best\u00e4ll idag och njut av snabb leverans och p\u00e5litlig service.<\/p>","protected":false},"featured_media":36832,"template":"","meta":[],"product_brand":[],"product_cat":[402],"product_tag":[],"class_list":{"0":"post-36868","1":"product","2":"type-product","3":"status-publish","4":"has-post-thumbnail","6":"product_cat-kulsprutor","7":"pa_brand-well","9":"first","10":"outofstock","11":"taxable","12":"shipping-taxable","13":"purchasable","14":"product-type-simple"},"_links":{"self":[{"href":"https:\/\/ak47.nu\/en\/wp-json\/wp\/v2\/product\/36868","targetHints":{"allow":["GET"]}}],"collection":[{"href":"https:\/\/ak47.nu\/en\/wp-json\/wp\/v2\/product"}],"about":[{"href":"https:\/\/ak47.nu\/en\/wp-json\/wp\/v2\/types\/product"}],"wp:featuredmedia":[{"embeddable":true,"href":"https:\/\/ak47.nu\/en\/wp-json\/wp\/v2\/media\/36832"}],"wp:attachment":[{"href":"https:\/\/ak47.nu\/en\/wp-json\/wp\/v2\/media?parent=36868"}],"wp:term":[{"taxonomy":"product_brand","embeddable":true,"href":"https:\/\/ak47.nu\/en\/wp-json\/wp\/v2\/product_brand?post=36868"},{"taxonomy":"product_cat","embeddable":true,"href":"https:\/\/ak47.nu\/en\/wp-json\/wp\/v2\/product_cat?post=36868"},{"taxonomy":"product_tag","embeddable":true,"href":"https:\/\/ak47.nu\/en\/wp-json\/wp\/v2\/product_tag?post=36868"}],"curies":[{"name":"wp","href":"https:\/\/api.w.org\/{rel}","templated":true}]}}