{"id":36901,"date":"2022-08-12T11:18:28","date_gmt":"2022-08-12T09:18:28","guid":{"rendered":"https:\/\/ak47.nu\/produkt\/well-replika-m16-a4-fjader-6mm-airsoft\/"},"modified":"2025-12-03T20:33:02","modified_gmt":"2025-12-03T19:33:02","slug":"well-replika-m16-a4-fjader-6mm-airsoft","status":"publish","type":"product","link":"https:\/\/ak47.nu\/en\/product\/airsoft\/fed\/automatkarbiner-fjader\/well-replika-m16-a4-fjader-6mm-airsoft\/","title":{"rendered":"WELL &#8211; Replika &#8211; M16-A4 &#8211; Fj\u00e4der &#8211; 6MM Airsoft"},"content":{"rendered":"<p><strong>M16-A4 Karbin replika<br \/><\/strong><br \/>A4 automatgev&auml;rsreplika &auml;r gjord av h&aring;llbart ABS. Den k&auml;nnetecknas av bra utf&ouml;rande och k&auml;nsla f&ouml;r detaljer, som det justerbara siktet i transporthandtaget. Som standard var replikan utrustad med RIS-r&auml;ls ist&auml;llet f&ouml;r M4 frontgrepp. Tack vare detta f&aring;r vi m&ouml;jligheten att installera ytterligare tillbeh&ouml;r &#8211; ett taktiskt handtag och en ficklampa.<\/p>\n<p><strong>Teknisk data:<\/strong><br \/>Hastighet [FPS]: ~ 270<br \/>Drivning: fj&auml;der<br \/>Skjutl&auml;ge: Single<br \/>L&auml;ngd [mm]: 770\/850<br \/>Vikt [g]: 1300<br \/>Magasin typ: Low-Cap magasin<br \/>Magasin kapacitet [rds]: 30<br \/>Hop-Up: Ja<br \/>Tillverkad av: ABS plast<\/p>\n<p><strong>Settet inkluderar:<\/strong><br \/>&#8211; A4 replika<br \/>&#8211; magasin<br \/>&#8211; Kolv<br \/>&#8211; taktiskt handtag<br \/>&#8211; batteri<br \/>&#8211; axelrem<\/p>","protected":false},"excerpt":{"rendered":"<p>K\u00f6p WELL Replika M16-A4 fj\u00e4derdriven 6MM Airsoft &#8211; B\u00e4sta priser och kvalitet. Utforska v\u00e5rt sortiment av WELL Airsoft replikor och f\u00e5 en autentisk spelupplevelse. Best\u00e4ll idag och njut av snabb leverans och p\u00e5litlig service.<\/p>","protected":false},"featured_media":36869,"template":"","meta":[],"product_brand":[],"product_cat":[420],"product_tag":[],"class_list":{"0":"post-36901","1":"product","2":"type-product","3":"status-publish","4":"has-post-thumbnail","6":"product_cat-automatkarbiner-fjader","7":"pa_brand-well","9":"first","10":"outofstock","11":"taxable","12":"shipping-taxable","13":"purchasable","14":"product-type-simple"},"_links":{"self":[{"href":"https:\/\/ak47.nu\/en\/wp-json\/wp\/v2\/product\/36901","targetHints":{"allow":["GET"]}}],"collection":[{"href":"https:\/\/ak47.nu\/en\/wp-json\/wp\/v2\/product"}],"about":[{"href":"https:\/\/ak47.nu\/en\/wp-json\/wp\/v2\/types\/product"}],"wp:featuredmedia":[{"embeddable":true,"href":"https:\/\/ak47.nu\/en\/wp-json\/wp\/v2\/media\/36869"}],"wp:attachment":[{"href":"https:\/\/ak47.nu\/en\/wp-json\/wp\/v2\/media?parent=36901"}],"wp:term":[{"taxonomy":"product_brand","embeddable":true,"href":"https:\/\/ak47.nu\/en\/wp-json\/wp\/v2\/product_brand?post=36901"},{"taxonomy":"product_cat","embeddable":true,"href":"https:\/\/ak47.nu\/en\/wp-json\/wp\/v2\/product_cat?post=36901"},{"taxonomy":"product_tag","embeddable":true,"href":"https:\/\/ak47.nu\/en\/wp-json\/wp\/v2\/product_tag?post=36901"}],"curies":[{"name":"wp","href":"https:\/\/api.w.org\/{rel}","templated":true}]}}