{"id":36966,"date":"2022-08-30T11:30:27","date_gmt":"2022-08-30T09:30:27","guid":{"rendered":"https:\/\/ak47.nu\/produkt\/cybergun-beretta-pt92-dual-tone-black-silver-airsoft-pistol-6mm-fjader\/"},"modified":"2025-12-03T20:33:05","modified_gmt":"2025-12-03T19:33:05","slug":"cybergun-beretta-pt92-dual-tone-black-silver-airsoft-pistol-6mm-fjader","status":"publish","type":"product","link":"https:\/\/ak47.nu\/en\/product\/airsoft\/fed\/pistoler-fjader\/cybergun-beretta-pt92-dual-tone-black-silver-airsoft-pistol-6mm-fjader\/","title":{"rendered":"Cybergun &#8211; Beretta PT92 dual tone black silver airsoft pistol &#8211; 6mm &#8211; fj\u00e4der"},"content":{"rendered":"<p>PT92 fj&auml;derpistol med metallslide.<\/p>\n<p>Hop-up Fast<br \/>Vikt 500 g<br \/>L&auml;ngd 215 mm<br \/>Utg&aring;ngshastighet up to 71 m\/s \/ 232 FPS (with BB 0,2g)<br \/>Mag. kapacitet 12<br \/>Energi 0,5 Joule<br \/>F&auml;rg Svart-silver<\/p>","protected":false},"excerpt":{"rendered":"<p>K\u00f6p den popul\u00e4ra Cybergun Beretta PT92 Dual Tone Black Silver Airsoft Pistol i 6mm fj\u00e4der. Perfekt f\u00f6r airsoft-entusiaster. Best\u00e4ll nu och f\u00e5 snabb leverans.<\/p>","protected":false},"featured_media":36958,"template":"","meta":[],"product_brand":[],"product_cat":[418],"product_tag":[],"class_list":{"0":"post-36966","1":"product","2":"type-product","3":"status-publish","4":"has-post-thumbnail","6":"product_cat-pistoler-fjader","7":"pa_brand-cybergun","8":"pa_farg-svart","10":"first","11":"outofstock","12":"taxable","13":"shipping-taxable","14":"purchasable","15":"product-type-simple"},"_links":{"self":[{"href":"https:\/\/ak47.nu\/en\/wp-json\/wp\/v2\/product\/36966","targetHints":{"allow":["GET"]}}],"collection":[{"href":"https:\/\/ak47.nu\/en\/wp-json\/wp\/v2\/product"}],"about":[{"href":"https:\/\/ak47.nu\/en\/wp-json\/wp\/v2\/types\/product"}],"wp:featuredmedia":[{"embeddable":true,"href":"https:\/\/ak47.nu\/en\/wp-json\/wp\/v2\/media\/36958"}],"wp:attachment":[{"href":"https:\/\/ak47.nu\/en\/wp-json\/wp\/v2\/media?parent=36966"}],"wp:term":[{"taxonomy":"product_brand","embeddable":true,"href":"https:\/\/ak47.nu\/en\/wp-json\/wp\/v2\/product_brand?post=36966"},{"taxonomy":"product_cat","embeddable":true,"href":"https:\/\/ak47.nu\/en\/wp-json\/wp\/v2\/product_cat?post=36966"},{"taxonomy":"product_tag","embeddable":true,"href":"https:\/\/ak47.nu\/en\/wp-json\/wp\/v2\/product_tag?post=36966"}],"curies":[{"name":"wp","href":"https:\/\/api.w.org\/{rel}","templated":true}]}}