{"id":36984,"date":"2022-09-01T12:27:29","date_gmt":"2022-09-01T10:27:29","guid":{"rendered":"https:\/\/ak47.nu\/produkt\/ultimate-tactical-transformers-mask-black\/"},"modified":"2025-12-03T20:33:05","modified_gmt":"2025-12-03T19:33:05","slug":"ultimate-tactical-transformers-mask-black","status":"publish","type":"product","link":"https:\/\/ak47.nu\/en\/product\/tillbehor-2\/other-accessories\/ultimate-tactical-transformers-mask-black\/","title":{"rendered":"Ultimate Tactical Transformers Mask - Black"},"content":{"rendered":"<h1>Ultimate Tactical Transformers Mask - Black<\/h1>\n<h2>Airsoft Safety Mask<\/h2>\n<p>This <strong>Ultimate Tactical Transformers mask<\/strong> is an airsoft safety mask made from a combination of plastic and metal. It is designed to provide protection during airsoft games, but it is important to follow the manufacturer's recommendations for safe use.<\/p>\n<h3>Important Safety Information<\/h3>\n<p><strong>Please note:<\/strong> This product does not provide ballistic eye protection when using high-speed bullets. Its use is therefore not suitable for use as eye protection in airsoft games. Ballistic tests have shown that bullets are at risk of shattering as a result of the bullet's collision with the mesh protection. The seller and manufacturer are not responsible for using the product to protect the eyes.<\/p>\n<p>It is <strong>important to use the mask in combination with safety glasses<\/strong> to ensure adequate protection during airsoft games. Make sure the safety glasses are intended for airsoft and meet the requirements.<\/p>\n<p>Explore our range of <a href=\"https:\/\/ak47.nu\/en\/shop-2\/\">other airsoft masks<\/a> to find the perfect protection for your needs. Visit our <a href=\"https:\/\/ak47.nu\/en\/tillbehor-2\/other-accessories\/\">airsoft category<\/a> for a wide range of products. For more information about Ultimate Tactical, visit our <a href=\"https:\/\/ak47.nu\/en\/\">website<\/a>.<\/p>","protected":false},"excerpt":{"rendered":"<p>K\u00f6p den ultimata taktiska Transformers-masken i svart &#8211; Perfekt f\u00f6r alla samlare och fans. Utforska v\u00e5rt breda sortiment av Transformers-masker och tillbeh\u00f6r. Best\u00e4ll nu f\u00f6r b\u00e4sta pris och snabb leverans.<\/p>","protected":false},"featured_media":36972,"template":"","meta":[],"product_brand":[],"product_cat":[475],"product_tag":[],"class_list":{"0":"post-36984","1":"product","2":"type-product","3":"status-publish","4":"has-post-thumbnail","6":"product_cat-ovriga-tillbehor","7":"pa_brand-ultimate-tactical","8":"pa_farg-svart","10":"first","11":"outofstock","12":"taxable","13":"shipping-taxable","14":"purchasable","15":"product-type-simple"},"_links":{"self":[{"href":"https:\/\/ak47.nu\/en\/wp-json\/wp\/v2\/product\/36984","targetHints":{"allow":["GET"]}}],"collection":[{"href":"https:\/\/ak47.nu\/en\/wp-json\/wp\/v2\/product"}],"about":[{"href":"https:\/\/ak47.nu\/en\/wp-json\/wp\/v2\/types\/product"}],"wp:featuredmedia":[{"embeddable":true,"href":"https:\/\/ak47.nu\/en\/wp-json\/wp\/v2\/media\/36972"}],"wp:attachment":[{"href":"https:\/\/ak47.nu\/en\/wp-json\/wp\/v2\/media?parent=36984"}],"wp:term":[{"taxonomy":"product_brand","embeddable":true,"href":"https:\/\/ak47.nu\/en\/wp-json\/wp\/v2\/product_brand?post=36984"},{"taxonomy":"product_cat","embeddable":true,"href":"https:\/\/ak47.nu\/en\/wp-json\/wp\/v2\/product_cat?post=36984"},{"taxonomy":"product_tag","embeddable":true,"href":"https:\/\/ak47.nu\/en\/wp-json\/wp\/v2\/product_tag?post=36984"}],"curies":[{"name":"wp","href":"https:\/\/api.w.org\/{rel}","templated":true}]}}