{"id":36997,"date":"2022-09-01T12:27:34","date_gmt":"2022-09-01T10:27:34","guid":{"rendered":"https:\/\/ak47.nu\/produkt\/ultimate-tactical-ventus-eco-mask-olive\/"},"modified":"2025-08-21T10:42:38","modified_gmt":"2025-08-21T08:42:38","slug":"ultimate-tactical-ventus-eco-mask-olive","status":"publish","type":"product","link":"https:\/\/ak47.nu\/en\/product\/tillbehor-2\/other-accessories\/ultimate-tactical-ventus-eco-mask-olive\/","title":{"rendered":"Ventus Eco Mask - Olive | Ultimate Tactical"},"content":{"rendered":"<h1>Ultimate Tactical Ventus Eco Mask - Olive<\/h1>\n<h2>Safety and Protection in Airsoft<\/h2>\n<p>This Ventus Eco Mask from Ultimate Tactical in olive color is designed for airsoft enthusiasts seeking additional protection. Made from a combination of plastic and metal, the mask offers a robust construction. <strong>Please note that this mask is recommended for use with safety glasses<\/strong> to provide complete face protection during airsoft games.<\/p>\n\n<h3>Important Safety Information<\/h3>\n<p><strong>NOTE:<\/strong> The product does not provide sufficient ballistic eye protection when using high-speed BBs. Therefore, using the mask as the sole eye protection in airsoft games is not recommended. Tests have shown that BBs may shatter upon impact with the mesh, increasing the risk of injury.<\/p>\n\n<h3>Disclaimer<\/h3>\n<p>The seller and manufacturer assume no responsibility for the use of the product as eye protection. This mask is intended to supplement other protective gear. Browse <a href=\"https:\/\/ak47.nu\/en\/shop-2\/\">other protective masks<\/a> in our range. For complete protective equipment, see our <a href=\"https:\/\/ak47.nu\/en\/tillbehor-2\/other-accessories\/\">airsoft protection category<\/a>. Visit <a href=\"https:\/\/ak47.nu\/en\/\">our website<\/a> to see our full range of products.<\/p>","protected":false},"excerpt":{"rendered":"<p>K\u00f6p Ultimate Tactical Ventus Eco Mask i olivf\u00e4rg &#8211; B\u00e4sta taktiska andningsskyddet f\u00f6r dig. Skydda dig mot f\u00f6roreningar och allergener med denna milj\u00f6v\u00e4nliga mask. Best\u00e4ll nu f\u00f6r snabb leverans!<\/p>","protected":false},"featured_media":36985,"template":"","meta":[],"product_brand":[],"product_cat":[475,450],"product_tag":[],"class_list":{"0":"post-36997","1":"product","2":"type-product","3":"status-publish","4":"has-post-thumbnail","6":"product_cat-ovriga-tillbehor","7":"product_cat-tillbehor-2","8":"pa_brand-ultimate-tactical","9":"pa_farg-gron","11":"first","12":"instock","13":"taxable","14":"shipping-taxable","15":"purchasable","16":"product-type-simple"},"_links":{"self":[{"href":"https:\/\/ak47.nu\/en\/wp-json\/wp\/v2\/product\/36997","targetHints":{"allow":["GET"]}}],"collection":[{"href":"https:\/\/ak47.nu\/en\/wp-json\/wp\/v2\/product"}],"about":[{"href":"https:\/\/ak47.nu\/en\/wp-json\/wp\/v2\/types\/product"}],"wp:featuredmedia":[{"embeddable":true,"href":"https:\/\/ak47.nu\/en\/wp-json\/wp\/v2\/media\/36985"}],"wp:attachment":[{"href":"https:\/\/ak47.nu\/en\/wp-json\/wp\/v2\/media?parent=36997"}],"wp:term":[{"taxonomy":"product_brand","embeddable":true,"href":"https:\/\/ak47.nu\/en\/wp-json\/wp\/v2\/product_brand?post=36997"},{"taxonomy":"product_cat","embeddable":true,"href":"https:\/\/ak47.nu\/en\/wp-json\/wp\/v2\/product_cat?post=36997"},{"taxonomy":"product_tag","embeddable":true,"href":"https:\/\/ak47.nu\/en\/wp-json\/wp\/v2\/product_tag?post=36997"}],"curies":[{"name":"wp","href":"https:\/\/api.w.org\/{rel}","templated":true}]}}