{"id":37148,"date":"2022-09-05T11:10:26","date_gmt":"2022-09-05T09:10:26","guid":{"rendered":"https:\/\/ak47.nu\/produkt\/gfc-tactical-patch-pattern-1\/"},"modified":"2025-08-21T10:42:16","modified_gmt":"2025-08-21T08:42:16","slug":"gfc-tactical-patch-pattern-1","status":"publish","type":"product","link":"https:\/\/ak47.nu\/en\/product\/tillbehor-2\/other-accessories\/gfc-tactical-patch-pattern-1\/","title":{"rendered":"GFC Tactical - Patch Pattern #1"},"content":{"rendered":"<h1>GFC Tactical - Patch Pattern #1<\/h1>\n<h2>Tactical Patch for Clothing<\/h2>\n<p>This is a black, pistol-shaped patch from GFC Tactical, made of plastic and designed to be attached to clothing. With its hook and loop fastener, it's easy to attach and remove. Perfect for customizing your gear or apparel with a tactical touch.<\/p>\n<h3>Product Details:<\/h3>\n<ul>\n <li><strong>Material:<\/strong> Plastic<\/li>\n <li><strong>Attachment Method:<\/strong> Hook and Loop<\/li>\n <li><strong>Weight:<\/strong> 15g<\/li>\n<\/ul>\n<p>Customize your tactical gear with this unique <a href=\"https:\/\/ak47.nu\/en\/shop-2\/\">GFC Tactical patch<\/a>. This patch is lightweight and easy to attach to most garments or equipment that have a hook and loop surface. Visit our <a href=\"https:\/\/ak47.nu\/en\/tillbehor-2\/other-accessories\/\">accessories category<\/a> for more options and complete your collection. To see our full range of tactical equipment, visit <a href=\"https:\/\/ak47.nu\/en\/\">our homepage<\/a>.<\/p>","protected":false},"excerpt":{"rendered":"<p>K\u00f6p GFC Tactical &#8211; Patch pattern #1 online f\u00f6r att l\u00e4gga till stil och individualitet till dina taktiska kl\u00e4der och utrustning. Utforska v\u00e5rt breda utbud av patchm\u00f6nster som \u00e4r perfekta f\u00f6r milit\u00e4ra och airsoft-entusiaster. Best\u00e4ll nu f\u00f6r snabb leverans och h\u00f6g kvalitet.<\/p>","protected":false},"featured_media":37144,"template":"","meta":[],"product_brand":[],"product_cat":[475,450],"product_tag":[],"class_list":{"0":"post-37148","1":"product","2":"type-product","3":"status-publish","4":"has-post-thumbnail","6":"product_cat-ovriga-tillbehor","7":"product_cat-tillbehor-2","8":"pa_brand-gfc-tactical","10":"first","11":"instock","12":"sale","13":"taxable","14":"shipping-taxable","15":"purchasable","16":"product-type-simple"},"_links":{"self":[{"href":"https:\/\/ak47.nu\/en\/wp-json\/wp\/v2\/product\/37148","targetHints":{"allow":["GET"]}}],"collection":[{"href":"https:\/\/ak47.nu\/en\/wp-json\/wp\/v2\/product"}],"about":[{"href":"https:\/\/ak47.nu\/en\/wp-json\/wp\/v2\/types\/product"}],"wp:featuredmedia":[{"embeddable":true,"href":"https:\/\/ak47.nu\/en\/wp-json\/wp\/v2\/media\/37144"}],"wp:attachment":[{"href":"https:\/\/ak47.nu\/en\/wp-json\/wp\/v2\/media?parent=37148"}],"wp:term":[{"taxonomy":"product_brand","embeddable":true,"href":"https:\/\/ak47.nu\/en\/wp-json\/wp\/v2\/product_brand?post=37148"},{"taxonomy":"product_cat","embeddable":true,"href":"https:\/\/ak47.nu\/en\/wp-json\/wp\/v2\/product_cat?post=37148"},{"taxonomy":"product_tag","embeddable":true,"href":"https:\/\/ak47.nu\/en\/wp-json\/wp\/v2\/product_tag?post=37148"}],"curies":[{"name":"wp","href":"https:\/\/api.w.org\/{rel}","templated":true}]}}