{"id":49775,"date":"2022-11-22T13:55:27","date_gmt":"2022-11-22T12:55:27","guid":{"rendered":"https:\/\/ak47.nu\/produkt\/replika-winchester-karbingevar-usa-1892-98-cm-gra-2\/"},"modified":"2025-12-03T21:33:24","modified_gmt":"2025-12-03T20:33:24","slug":"replica-winchester-carbine-usa-1892-98-cm-gray","status":"publish","type":"product","link":"https:\/\/ak47.nu\/en\/product\/replikor\/gevar-replicas\/replica-winchester-carbine-usa-1892-98-cm-gray\/","title":{"rendered":"Winchester 1892 Replica Carbine 98cm | Kolser"},"content":{"rendered":"<h1>Replica Winchester Carbine USA 1892 - 98 CM - Gray<\/h1>\n<h2>Authentic Replica for Decoration<\/h2>\n<p>This replica of the Winchester carbine model 1892 from Kolser is 98 cm long and has a gray finish. Note that this rifle is intended for decoration only and cannot be used with bullets. We recommend that you regularly oil the parts of the mechanism to maintain the replica.<\/p>\n<h3>Details and Features<\/h3>\n<ul>\n <li>Made of metal with matte black, brass and gray finish<\/li>\n <li>Wood imitation of polypropylene<\/li>\n <li>Wide bow<\/li>\n <li>Weight similar to a real '92 carbine<\/li>\n<\/ul>\n<p>This replica rifle lacks the bullet ejection and reloading system. Although it is possible to insert replica bullets, the mechanism is not intended for this and the bullets may get stuck. Perfect for collectors and as a decorative item. Explore our selection of other <a href=\"https:\/\/ak47.nu\/en\/shop-2\/\">replica weapons<\/a> to complete your collection. Visit our <a href=\"https:\/\/ak47.nu\/en\/replikor\/gevar-replicas\/\">weapon replica category<\/a> for more options. You can find our entire range on <a href=\"https:\/\/ak47.nu\/en\/\">our website<\/a>.<\/p>","protected":false},"excerpt":{"rendered":"<p>K\u00f6p en autentisk replika av det klassiska Winchester karbingev\u00e4ret fr\u00e5n USA 1892, med en l\u00e4ngd p\u00e5 98 cm och i en stilren gr\u00e5 f\u00e4rg. Perfekt f\u00f6r samlare och historieentusiaster. K\u00f6p nu och f\u00e5 en bit amerikansk historia till ditt hem.<\/p>","protected":false},"featured_media":49767,"template":"","meta":[],"product_brand":[],"product_cat":[446],"product_tag":[],"class_list":{"0":"post-49775","1":"product","2":"type-product","3":"status-publish","4":"has-post-thumbnail","6":"product_cat-gevar-replikor","7":"pa_brand-kolser","8":"pa_farg-metall-utseende","10":"first","11":"onbackorder","12":"taxable","13":"shipping-taxable","14":"purchasable","15":"product-type-simple"},"_links":{"self":[{"href":"https:\/\/ak47.nu\/en\/wp-json\/wp\/v2\/product\/49775","targetHints":{"allow":["GET"]}}],"collection":[{"href":"https:\/\/ak47.nu\/en\/wp-json\/wp\/v2\/product"}],"about":[{"href":"https:\/\/ak47.nu\/en\/wp-json\/wp\/v2\/types\/product"}],"wp:featuredmedia":[{"embeddable":true,"href":"https:\/\/ak47.nu\/en\/wp-json\/wp\/v2\/media\/49767"}],"wp:attachment":[{"href":"https:\/\/ak47.nu\/en\/wp-json\/wp\/v2\/media?parent=49775"}],"wp:term":[{"taxonomy":"product_brand","embeddable":true,"href":"https:\/\/ak47.nu\/en\/wp-json\/wp\/v2\/product_brand?post=49775"},{"taxonomy":"product_cat","embeddable":true,"href":"https:\/\/ak47.nu\/en\/wp-json\/wp\/v2\/product_cat?post=49775"},{"taxonomy":"product_tag","embeddable":true,"href":"https:\/\/ak47.nu\/en\/wp-json\/wp\/v2\/product_tag?post=49775"}],"curies":[{"name":"wp","href":"https:\/\/api.w.org\/{rel}","templated":true}]}}