{"id":49784,"date":"2022-11-22T14:32:27","date_gmt":"2022-11-22T13:32:27","guid":{"rendered":"https:\/\/ak47.nu\/produkt\/replika-winchester-karbingevar-usa-1892-98-cm-massing\/"},"modified":"2025-08-21T10:40:02","modified_gmt":"2025-08-21T08:40:02","slug":"replica-winchester-rifle-1892-brass","status":"publish","type":"product","link":"https:\/\/ak47.nu\/en\/product\/replikor\/gevar-replicas\/replica-winchester-rifle-1892-brass\/","title":{"rendered":"Replica Winchester Rifle 1892 - Brass | Kolser"},"content":{"rendered":"<h1>Replica Winchester Carbine USA 1892 - Brass | Kolser<\/h1>\n<h2>Authentic replica of the Winchester carbine model 1892<\/h2>\n<p>This replica of a Winchester carbine from 1892, manufactured by Kolser, is a fantastic decoration for those interested in history.  With a length of 98 cm and brass detailing, it perfectly captures the look of the original.  Please note that this rifle is intended for decorative use only and cannot fire any projectiles.  We recommend that you regularly maintain the mechanism by oiling the parts from time to time.  Explore our range of <a href=\"https:\/\/ak47.nu\/en\/shop-2\/\">other replica weapons<\/a> to complete your collection.<\/p>\n\n<h3>Details and finish<\/h3>\n<p>The replica is made of metal with a matte black, brass and gray finish. The stock is made of polypropylene with wood imitation, which gives the rifle a realistic feel. The weight is similar to a real '92 carbine. Visit our <a href=\"https:\/\/ak47.nu\/en\/replikor\/gevar-replicas\/\">replica weapons category<\/a> for more similar products.<\/p>\n\n<h3>Important to know<\/h3>\n<ul>\n    <li>This rifle is a replica and cannot be used for shooting.<\/li>\n    <li>The mechanism lacks a cartridge ejection and reloading system.<\/li>\n    <li>Do not attempt to insert replica bullets as they may get stuck.<\/li>\n<\/ul>\n\n<p>This detailed replica is perfect for collectors and history enthusiasts who want to own a piece of the Wild West era. Add this unique item to your collection today! See our other selection on <a href=\"https:\/\/ak47.nu\/en\/\">our website<\/a>.<\/p>","protected":false},"excerpt":{"rendered":"<p>K\u00f6p en replika av det klassiska Winchester karbingev\u00e4ret fr\u00e5n USA 1892 i m\u00e4ssing, med en l\u00e4ngd p\u00e5 98 cm. Perfekt f\u00f6r samlare och vapenentusiaster. Best\u00e4ll idag och f\u00e5 en autentisk historisk upplevelse.<\/p>","protected":false},"featured_media":49776,"template":"","meta":[],"product_brand":[],"product_cat":[446,441],"product_tag":[],"class_list":{"0":"post-49784","1":"product","2":"type-product","3":"status-publish","4":"has-post-thumbnail","6":"product_cat-gevar-replikor","7":"product_cat-replikor","8":"pa_brand-kolser","9":"pa_farg-brons","11":"first","12":"onbackorder","13":"sale","14":"taxable","15":"shipping-taxable","16":"purchasable","17":"product-type-simple"},"_links":{"self":[{"href":"https:\/\/ak47.nu\/en\/wp-json\/wp\/v2\/product\/49784","targetHints":{"allow":["GET"]}}],"collection":[{"href":"https:\/\/ak47.nu\/en\/wp-json\/wp\/v2\/product"}],"about":[{"href":"https:\/\/ak47.nu\/en\/wp-json\/wp\/v2\/types\/product"}],"wp:featuredmedia":[{"embeddable":true,"href":"https:\/\/ak47.nu\/en\/wp-json\/wp\/v2\/media\/49776"}],"wp:attachment":[{"href":"https:\/\/ak47.nu\/en\/wp-json\/wp\/v2\/media?parent=49784"}],"wp:term":[{"taxonomy":"product_brand","embeddable":true,"href":"https:\/\/ak47.nu\/en\/wp-json\/wp\/v2\/product_brand?post=49784"},{"taxonomy":"product_cat","embeddable":true,"href":"https:\/\/ak47.nu\/en\/wp-json\/wp\/v2\/product_cat?post=49784"},{"taxonomy":"product_tag","embeddable":true,"href":"https:\/\/ak47.nu\/en\/wp-json\/wp\/v2\/product_tag?post=49784"}],"curies":[{"name":"wp","href":"https:\/\/api.w.org\/{rel}","templated":true}]}}