{"id":49917,"date":"2022-11-28T13:29:28","date_gmt":"2022-11-28T12:29:28","guid":{"rendered":"https:\/\/ak47.nu\/produkt\/replika-winchester-karbingevar-usa-1892-98-cm-gra-4\/"},"modified":"2025-12-17T11:53:59","modified_gmt":"2025-12-17T10:53:59","slug":"replica-winchester-rifle-1892-98cm","status":"publish","type":"product","link":"https:\/\/ak47.nu\/en\/product\/replikor\/gevar-replicas\/replica-winchester-rifle-1892-98cm\/","title":{"rendered":"Replica Winchester Rifle 1892 - 98cm | Kolser"},"content":{"rendered":"<h1>Replica Winchester Carbine USA 1892 - 98 CM - Gray<\/h1>\n<h2>Authentic Replica for Collectors and Reenactment<\/h2>\n<p>Experience a piece of history with this detailed replica of the Winchester carbine USA 1892, made by Kolser. This replica is 98 cm long and has a gray finish. <b>Please note that replica bullets are included, as well as a few caps. Toy caps (12 rings) fit these bullets!<\/b><\/p>\n<p>This rifle is intended for decoration, historical reenactment, or similar purposes only. It cannot fire real bullets. To avoid damage to the rifle and\/or bullet, it is recommended not to use bullets without caps. We also recommend oiling the parts of the mechanism regularly.<\/p>\n<h3>Realistic Mechanism and Design<\/h3>\n<p>The replica has a great resemblance to the original, including a functional mechanism and a reloadable internal chamber that holds up to 6 imitation bullets, adapted for caps. The Kolser X-Series offers maximum realism with a reloadable chamber and bullet ejection system.<\/p>\n<ul>\n<li>Functional mechanism with reloadable chamber<\/li>\n<li>Bullet ejection system for increased realism<\/li>\n<li>Includes bullets adapted for caps<\/li>\n<\/ul>\n<h3>High-Quality Materials<\/h3>\n<p>The rifle is made of metal with a matte black, brass, and gray finish, as well as wood imitation of polypropylene. The weight is similar to a real '92 carbine, which adds to the authentic feel.<\/p>\n<p><b>Use of Caps:<\/b> We recommend using 12-ring caps for this replica (not 8-ring, as they are too small).<\/p>\n<p>Explore our wide range of <a href=\"https:\/\/ak47.nu\/en\/shop-2\/\">replica weapons<\/a> to find more historical replicas. Please visit our <a href=\"https:\/\/ak47.nu\/en\/replikor\/gevar-replicas\/\">weapon replica category<\/a> to see our entire range. For more information about Kolser and our products, visit our <a href=\"https:\/\/ak47.nu\/en\/\">website<\/a>.<\/p>","protected":false},"excerpt":{"rendered":"<p>K\u00f6p en autentisk replika av det klassiska Winchester karbingev\u00e4ret fr\u00e5n USA 1892, med en l\u00e4ngd p\u00e5 98 cm och i en stilren gr\u00e5 f\u00e4rg. Perfekt f\u00f6r samlare och historieentusiaster. K\u00f6p nu och f\u00e5 en bit amerikansk historia till ditt hem.<\/p>","protected":false},"featured_media":49897,"template":"","meta":[],"product_brand":[],"product_cat":[446],"product_tag":[],"class_list":{"0":"post-49917","1":"product","2":"type-product","3":"status-publish","4":"has-post-thumbnail","6":"product_cat-gevar-replikor","7":"pa_brand-kolser","8":"pa_farg-metall-utseende","10":"first","11":"onbackorder","12":"sale","13":"taxable","14":"shipping-taxable","15":"purchasable","16":"product-type-simple"},"_links":{"self":[{"href":"https:\/\/ak47.nu\/en\/wp-json\/wp\/v2\/product\/49917","targetHints":{"allow":["GET"]}}],"collection":[{"href":"https:\/\/ak47.nu\/en\/wp-json\/wp\/v2\/product"}],"about":[{"href":"https:\/\/ak47.nu\/en\/wp-json\/wp\/v2\/types\/product"}],"wp:featuredmedia":[{"embeddable":true,"href":"https:\/\/ak47.nu\/en\/wp-json\/wp\/v2\/media\/49897"}],"wp:attachment":[{"href":"https:\/\/ak47.nu\/en\/wp-json\/wp\/v2\/media?parent=49917"}],"wp:term":[{"taxonomy":"product_brand","embeddable":true,"href":"https:\/\/ak47.nu\/en\/wp-json\/wp\/v2\/product_brand?post=49917"},{"taxonomy":"product_cat","embeddable":true,"href":"https:\/\/ak47.nu\/en\/wp-json\/wp\/v2\/product_cat?post=49917"},{"taxonomy":"product_tag","embeddable":true,"href":"https:\/\/ak47.nu\/en\/wp-json\/wp\/v2\/product_tag?post=49917"}],"curies":[{"name":"wp","href":"https:\/\/api.w.org\/{rel}","templated":true}]}}