{"id":51126,"date":"2022-12-27T09:38:36","date_gmt":"2022-12-27T08:38:36","guid":{"rendered":"https:\/\/ak47.nu\/produkt\/cyma-c-63-magasin-till-aeg-cm-121\/"},"modified":"2026-02-15T19:33:38","modified_gmt":"2026-02-15T18:33:38","slug":"cyma-c-63-magazine-cm-121-aeg","status":"publish","type":"product","link":"https:\/\/ak47.nu\/en\/product\/tillbehor-2\/magasin\/cyma-c-63-magazine-cm-121-aeg\/","title":{"rendered":"Cyma C.63 Magazine for CM.121 AEG"},"content":{"rendered":"<h1>Cyma - C.63 - Magazine for AEG CM.121<\/h1>\n<h2>Extra magazine for your CYMA CM.121<\/h2>\n<p>This extra magazine is specifically designed for the CYMA electric pistol CM.121. With this magazine, you can quickly and easily switch magazines during use, reducing the time you need to spend reloading. Perfect for longer airsoft sessions or scenarios where every second counts.<\/p>\n<ul>\n <li><strong>Compatibility:<\/strong> Designed for CYMA CM.121<\/li>\n <li><strong>Faster Reloading:<\/strong> Reduce reload time during games<\/li>\n <li><strong>Extra Capacity:<\/strong> Have enough ammunition available<\/li>\n<\/ul>\n<p>To find other suitable accessories and products, visit our <a href=\"https:\/\/ak47.nu\/en\/shop-2\/\">CYMA-compatible accessories<\/a>. Don't forget to explore our wide range of airsoft products at <a href=\"https:\/\/ak47.nu\/en\/tillbehor-2\/magasin\/\">Airsoft accessories<\/a>. If you have any questions, do not hesitate to contact us or visit our <a href=\"https:\/\/ak47.nu\/en\/\">website<\/a> for more information.<\/p>","protected":false},"excerpt":{"rendered":"<p>K\u00f6p Cyma C.63 magasin till AEG CM.121 &#8211; H\u00f6g kvalitet och p\u00e5litlig prestanda. Perfekt kompatibilitet f\u00f6r din AEG CM.121. K\u00f6p nu och f\u00f6rb\u00e4ttra din airsoft-upplevelse.<\/p>","protected":false},"featured_media":51114,"template":"","meta":[],"product_brand":[],"product_cat":[464],"product_tag":[],"class_list":{"0":"post-51126","1":"product","2":"type-product","3":"status-publish","4":"has-post-thumbnail","6":"product_cat-magasin","7":"pa_brand-cyma","8":"pa_farg-svart","10":"first","11":"outofstock","12":"sale","13":"taxable","14":"shipping-taxable","15":"purchasable","16":"product-type-simple"},"_links":{"self":[{"href":"https:\/\/ak47.nu\/en\/wp-json\/wp\/v2\/product\/51126","targetHints":{"allow":["GET"]}}],"collection":[{"href":"https:\/\/ak47.nu\/en\/wp-json\/wp\/v2\/product"}],"about":[{"href":"https:\/\/ak47.nu\/en\/wp-json\/wp\/v2\/types\/product"}],"wp:featuredmedia":[{"embeddable":true,"href":"https:\/\/ak47.nu\/en\/wp-json\/wp\/v2\/media\/51114"}],"wp:attachment":[{"href":"https:\/\/ak47.nu\/en\/wp-json\/wp\/v2\/media?parent=51126"}],"wp:term":[{"taxonomy":"product_brand","embeddable":true,"href":"https:\/\/ak47.nu\/en\/wp-json\/wp\/v2\/product_brand?post=51126"},{"taxonomy":"product_cat","embeddable":true,"href":"https:\/\/ak47.nu\/en\/wp-json\/wp\/v2\/product_cat?post=51126"},{"taxonomy":"product_tag","embeddable":true,"href":"https:\/\/ak47.nu\/en\/wp-json\/wp\/v2\/product_tag?post=51126"}],"curies":[{"name":"wp","href":"https:\/\/api.w.org\/{rel}","templated":true}]}}