{"id":52896,"date":"2023-04-05T10:48:34","date_gmt":"2023-04-05T08:48:34","guid":{"rendered":"https:\/\/ak47.nu\/produkt\/replika-twigg-of-london-1700tal-dubbelpipig-flintlas\/"},"modified":"2026-04-18T08:22:35","modified_gmt":"2026-04-18T06:22:35","slug":"replika-twigg-of-london-1700tal-dubbelpipig-flintlas","status":"publish","type":"product","link":"https:\/\/ak47.nu\/en\/product\/replikor\/ovriga-vapen-replikor\/replika-twigg-of-london-1700tal-dubbelpipig-flintlas\/","title":{"rendered":"Replika &#8211; Twigg of London &#8211; 1700tal &#8211; dubbelpipig flintl\u00e5s"},"content":{"rendered":"<p>Reproduktion av engelska Spark Gun av Twigg of london, fr\u00e5n 1700 -talet, denna kopia gjord av Kolser, \u00e4r gjord av metall och harts, material som garanterar dess h\u00e5llbarhet och bevarande. Hanen kan sp\u00e4nnas och avfyras<\/p>","protected":false},"excerpt":{"rendered":"<p>K\u00f6p en autentisk replika av Twigg of London-dubbelpipig flintl\u00e5sgev\u00e4r fr\u00e5n 1700-talet. Perfekt f\u00f6r samlare och historieentusiaster.<\/p>","protected":false},"featured_media":52917,"template":"","meta":[],"product_brand":[],"product_cat":[448],"product_tag":[],"class_list":{"0":"post-52896","1":"product","2":"type-product","3":"status-publish","4":"has-post-thumbnail","6":"product_cat-ovriga-vapen-replikor","7":"pa_brand-kolser","8":"pa_modell-massingbenimiation","9":"pa_modell-stalbenimitation","11":"first","12":"outofstock","13":"sale","14":"taxable","15":"shipping-taxable","16":"purchasable","17":"product-type-variable"},"_links":{"self":[{"href":"https:\/\/ak47.nu\/en\/wp-json\/wp\/v2\/product\/52896","targetHints":{"allow":["GET"]}}],"collection":[{"href":"https:\/\/ak47.nu\/en\/wp-json\/wp\/v2\/product"}],"about":[{"href":"https:\/\/ak47.nu\/en\/wp-json\/wp\/v2\/types\/product"}],"wp:featuredmedia":[{"embeddable":true,"href":"https:\/\/ak47.nu\/en\/wp-json\/wp\/v2\/media\/52917"}],"wp:attachment":[{"href":"https:\/\/ak47.nu\/en\/wp-json\/wp\/v2\/media?parent=52896"}],"wp:term":[{"taxonomy":"product_brand","embeddable":true,"href":"https:\/\/ak47.nu\/en\/wp-json\/wp\/v2\/product_brand?post=52896"},{"taxonomy":"product_cat","embeddable":true,"href":"https:\/\/ak47.nu\/en\/wp-json\/wp\/v2\/product_cat?post=52896"},{"taxonomy":"product_tag","embeddable":true,"href":"https:\/\/ak47.nu\/en\/wp-json\/wp\/v2\/product_tag?post=52896"}],"curies":[{"name":"wp","href":"https:\/\/api.w.org\/{rel}","templated":true}]}}