{"id":54537,"date":"2023-07-12T11:30:26","date_gmt":"2023-07-12T09:30:26","guid":{"rendered":"https:\/\/ak47.nu\/produkt\/kolser-dekoration-cadet-colada-svard-massing\/"},"modified":"2026-03-23T09:09:35","modified_gmt":"2026-03-23T08:09:35","slug":"kolser-cadet-colada-brass-sword","status":"publish","type":"product","link":"https:\/\/ak47.nu\/en\/product\/replikor\/ovriga-vapen-replikor\/kolser-cadet-colada-brass-sword\/","title":{"rendered":"Kolser Cadet Colada Brass Sword Decoration"},"content":{"rendered":"<h1>Kolser - Decoration - Cadet Colada sword brass<\/h1>\n<h2>Authentic replica of Cadet Colada sword <\/h2>\n<p>This Cadet Colada sword is a beautiful replica, faithfully recreated by Kolser. Measuring 55 cm, this sword retains the shape and style characteristic of cadet swords. It is made entirely of metal and features a circular pommel, a meshed hilt, and five quillons.<\/p>\n<h3>Details:<\/h3>\n<ul>\n <li>Replica of Cadet Colada sword<\/li>\n <li>Made of metal<\/li>\n <li>Circular pommel<\/li>\n <li>Meshed hilt<\/li>\n <li>Five quillons<\/li>\n<\/ul>\n<p>This replica is 57cm long and perfect for decoration or collection. Check out our collection of <a href=\"https:\/\/ak47.nu\/en\/shop-2\/\">other Kolser products<\/a> to complete your collection. Visit our <a href=\"https:\/\/ak47.nu\/en\/replikor\/ovriga-vapen-replikor\/\">weapons category<\/a> to see similar items. For more information about Kolser, visit our <a href=\"https:\/\/ak47.nu\/en\/\">homepage<\/a>.<\/p>","protected":false},"excerpt":{"rendered":"<p>Kolser &#8211; Dekoration &#8211; Cadet Colada sv\u00e4rd i m\u00e4ssing f\u00f6r stilfull inredning. Uppt\u00e4ck en unik dekorationsartikel f\u00f6r att ge ditt hem en elegant touch. K\u00f6p Cadet Colada sv\u00e4rd i m\u00e4ssing online idag!<\/p>","protected":false},"featured_media":54529,"template":"","meta":[],"product_brand":[],"product_cat":[448],"product_tag":[],"class_list":{"0":"post-54537","1":"product","2":"type-product","3":"status-publish","4":"has-post-thumbnail","6":"product_cat-ovriga-vapen-replikor","7":"pa_brand-kolser","9":"first","10":"instock","11":"sale","12":"taxable","13":"shipping-taxable","14":"purchasable","15":"product-type-simple"},"_links":{"self":[{"href":"https:\/\/ak47.nu\/en\/wp-json\/wp\/v2\/product\/54537","targetHints":{"allow":["GET"]}}],"collection":[{"href":"https:\/\/ak47.nu\/en\/wp-json\/wp\/v2\/product"}],"about":[{"href":"https:\/\/ak47.nu\/en\/wp-json\/wp\/v2\/types\/product"}],"wp:featuredmedia":[{"embeddable":true,"href":"https:\/\/ak47.nu\/en\/wp-json\/wp\/v2\/media\/54529"}],"wp:attachment":[{"href":"https:\/\/ak47.nu\/en\/wp-json\/wp\/v2\/media?parent=54537"}],"wp:term":[{"taxonomy":"product_brand","embeddable":true,"href":"https:\/\/ak47.nu\/en\/wp-json\/wp\/v2\/product_brand?post=54537"},{"taxonomy":"product_cat","embeddable":true,"href":"https:\/\/ak47.nu\/en\/wp-json\/wp\/v2\/product_cat?post=54537"},{"taxonomy":"product_tag","embeddable":true,"href":"https:\/\/ak47.nu\/en\/wp-json\/wp\/v2\/product_tag?post=54537"}],"curies":[{"name":"wp","href":"https:\/\/api.w.org\/{rel}","templated":true}]}}