{"id":55293,"date":"2023-09-12T09:44:28","date_gmt":"2023-09-12T07:44:28","guid":{"rendered":"https:\/\/ak47.nu\/produkt\/borner-super-sport-703-4-5mm-luftpistol-co2-3-j\/"},"modified":"2025-08-21T10:33:43","modified_gmt":"2025-08-21T08:33:43","slug":"borner-super-sport-703-4-5mm-co2-air-pistol","status":"publish","type":"product","link":"https:\/\/ak47.nu\/en\/product\/luftvapen\/co2-airguns\/revolvrar-co2-airguns\/borner-super-sport-703-4-5mm-co2-air-pistol\/","title":{"rendered":"Borner Super Sport 703 4.5mm Co2 Air Pistol"},"content":{"rendered":"<h1>Borner Super Sport 703 4.5mm Co2 Air Pistol<\/h1>\n<h2>Authentic Revolver Design and Flexible Firing<\/h2>\n<p>The Borner Super Sport 703 is a CO2-powered air pistol in caliber 4.5mm, designed like a revolver. This means it uses fake cartridges for loading, contributing to a realistic feel. You can fire the pistol either by self-cocking (Double Action) or by pre-cocking the trigger for a lighter pull.<\/p>\n\n<h3>Usage Benefits of the Borner Super Sport 703<\/h3>\n<ul>\n  <li><b>Realistic Revolver Design:<\/b> Experience the feel of a real revolver with fake cartridges for loading.<\/li>\n  <li><b>Flexible Firing:<\/b> Choose between self-cocking (Double Action) or pre-cocking the trigger depending on preference.<\/li>\n  <li><b>Adjustable Sights:<\/b> Fine-tune both front and rear sights for increased precision.<\/li>\n  <li><b>Weaver\/Picatinny Rail:<\/b> Possibility to attach accessories such as sights and lights.<\/li>\n<\/ul>\n\n<p><b>Specifications:<\/b><\/p>\n<ul>\n    <li>Weight: 0.985 kg<\/li>\n    <li>Brand: Borner<\/li>\n    <li>Caliber: .177 (4.5 mm)<\/li>\n    <li>Color: Black<\/li>\n    <li>Muzzle velocity: Up to 120 m\/s<\/li>\n    <li>Total length: 14\"<\/li>\n    <li>Function: Double action<\/li>\n    <li>Rail: Weaver\/Picatinny<\/li>\n    <li>Barrel length: 8\"<\/li>\n    <li>Shot capacity: 6<\/li>\n    <li>Barrel: Smooth bore<\/li>\n    <li>Front sight: Adjustable<\/li>\n    <li>Rear sight: Adjustable<\/li>\n    <li>Action: Semi-automatic<\/li>\n    <li>Power source: CO2<\/li>\n    <li>Blowback: No<\/li>\n    <li>Ammunition: Steel BB<\/li>\n<\/ul>\n\n<p>Explore our range of <a href=\"https:\/\/ak47.nu\/en\/shop-2\/\">other air pistols<\/a> to find the perfect addition to your collection. Don't miss our wide selection of <a href=\"https:\/\/ak47.nu\/en\/luftvapen\/co2-airguns\/\">CO2-powered weapons<\/a>. Visit <a href=\"https:\/\/ak47.nu\/en\/\">our website<\/a> to see all our products.<\/p>","protected":false},"excerpt":{"rendered":"<p>K\u00f6p Borner Super Sport 703 4.5mm Luftpistol Co2 3 J online &#8211; b\u00e4sta priset och snabb leverans. Perfekt f\u00f6r sportskyttar och luftgev\u00e4r entusiaster.<\/p>","protected":false},"featured_media":55289,"template":"","meta":[],"product_brand":[],"product_cat":[431,375,433],"product_tag":[],"class_list":{"0":"post-55293","1":"product","2":"type-product","3":"status-publish","4":"has-post-thumbnail","6":"product_cat-co2-airguns","7":"product_cat-luftvapen","8":"product_cat-revolvrar-co2-airguns","9":"pa_brand-borner","11":"first","12":"instock","13":"sale","14":"taxable","15":"shipping-taxable","16":"purchasable","17":"product-type-simple"},"_links":{"self":[{"href":"https:\/\/ak47.nu\/en\/wp-json\/wp\/v2\/product\/55293","targetHints":{"allow":["GET"]}}],"collection":[{"href":"https:\/\/ak47.nu\/en\/wp-json\/wp\/v2\/product"}],"about":[{"href":"https:\/\/ak47.nu\/en\/wp-json\/wp\/v2\/types\/product"}],"wp:featuredmedia":[{"embeddable":true,"href":"https:\/\/ak47.nu\/en\/wp-json\/wp\/v2\/media\/55289"}],"wp:attachment":[{"href":"https:\/\/ak47.nu\/en\/wp-json\/wp\/v2\/media?parent=55293"}],"wp:term":[{"taxonomy":"product_brand","embeddable":true,"href":"https:\/\/ak47.nu\/en\/wp-json\/wp\/v2\/product_brand?post=55293"},{"taxonomy":"product_cat","embeddable":true,"href":"https:\/\/ak47.nu\/en\/wp-json\/wp\/v2\/product_cat?post=55293"},{"taxonomy":"product_tag","embeddable":true,"href":"https:\/\/ak47.nu\/en\/wp-json\/wp\/v2\/product_tag?post=55293"}],"curies":[{"name":"wp","href":"https:\/\/api.w.org\/{rel}","templated":true}]}}